{"id":17728,"date":"2025-07-23T13:12:06","date_gmt":"2025-07-23T10:12:06","guid":{"rendered":"https:\/\/ceoparts.com\/?post_type=product&#038;p=17728"},"modified":"2026-05-16T11:45:10","modified_gmt":"2026-05-16T08:45:10","slug":"still-exu-kumanda-kolu-takim-50015406113","status":"publish","type":"product","link":"https:\/\/ceoparts.com\/de\/urun\/still-exu-kumanda-kolu-takim-50015406113\/","title":{"rendered":"Still EXU Bedieneinheit \/ Steuergriff komplett &#8211; 50015406113"},"content":{"rendered":"<p>Still EXU Bedieneinheit \/ Steuergriff komplett &#8211; 50015406113<\/p>","protected":false},"excerpt":{"rendered":"<p data-start=\"1255\" data-end=\"1607\">Dieses Steuergriff-Set ist speziell f\u00fcr Still EXU-Modelle entwickelt und erm\u00f6glicht eine pr\u00e4zise Steuerung von Gabelstaplern und Elektrofahrzeugen. Hergestellt aus langlebigen Materialien bietet es eine lange Lebensdauer. Das ergonomische Design erh\u00f6ht den Bedienkomfort und optimiert die Fahrzeugleistung.<\/p>\n<p data-start=\"1609\" data-end=\"1814\"><strong data-start=\"1609\" data-end=\"1630\">Technische Daten:<\/strong><br data-start=\"1630\" data-end=\"1633\" \/>\u2022 Passendes Modell: Still EXU<br data-start=\"1662\" data-end=\"1665\" \/>\u2022 Teilenummer: 50015406113<br data-start=\"1691\" data-end=\"1694\" \/>\u2022 Anwendung: Steuerung von Gabelstaplern und Elektrofahrzeugen<br data-start=\"1756\" data-end=\"1759\" \/>\u2022 Eigenschaften: Langlebig, ergonomisch, hohe Pr\u00e4zision<\/p>\n","protected":false},"featured_media":17735,"template":"","meta":[],"product_brand":[],"product_cat":[241,450,524],"product_tag":[],"class_list":{"0":"post-17728","1":"product","2":"type-product","3":"status-publish","4":"has-post-thumbnail","6":"product_cat-still","7":"product_cat-direksiyon-sistemleri","8":"product_cat-yedek-parca-still","10":"first","11":"instock","12":"taxable","13":"shipping-taxable","14":"purchasable","15":"product-type-simple"},"_links":{"self":[{"href":"https:\/\/ceoparts.com\/de\/wp-json\/wp\/v2\/product\/17728","targetHints":{"allow":["GET"]}}],"collection":[{"href":"https:\/\/ceoparts.com\/de\/wp-json\/wp\/v2\/product"}],"about":[{"href":"https:\/\/ceoparts.com\/de\/wp-json\/wp\/v2\/types\/product"}],"wp:featuredmedia":[{"embeddable":true,"href":"https:\/\/ceoparts.com\/de\/wp-json\/wp\/v2\/media\/17735"}],"wp:attachment":[{"href":"https:\/\/ceoparts.com\/de\/wp-json\/wp\/v2\/media?parent=17728"}],"wp:term":[{"taxonomy":"product_brand","embeddable":true,"href":"https:\/\/ceoparts.com\/de\/wp-json\/wp\/v2\/product_brand?post=17728"},{"taxonomy":"product_cat","embeddable":true,"href":"https:\/\/ceoparts.com\/de\/wp-json\/wp\/v2\/product_cat?post=17728"},{"taxonomy":"product_tag","embeddable":true,"href":"https:\/\/ceoparts.com\/de\/wp-json\/wp\/v2\/product_tag?post=17728"}],"curies":[{"name":"wp","href":"https:\/\/api.w.org\/{rel}","templated":true}]}}