{"id":17754,"date":"2025-07-24T15:56:43","date_gmt":"2025-07-24T12:56:43","guid":{"rendered":"https:\/\/ceoparts.com\/?post_type=product&#038;p=17754"},"modified":"2026-05-16T15:07:30","modified_gmt":"2026-05-16T12:07:30","slug":"crown-on-kapak","status":"publish","type":"product","link":"https:\/\/ceoparts.com\/de\/urun\/crown-on-kapak\/","title":{"rendered":"Crown Frontabdeckung"},"content":{"rendered":"<p>Crown Frontabdeckung<\/p>","protected":false},"excerpt":{"rendered":"<p data-start=\"1157\" data-end=\"1407\">Diese Frontabdeckung ist mit Gabelstaplern und elektrischen Hubwagen der Marke Crown kompatibel. Sie sch\u00fctzt den vorderen Bereich des Fahrzeugs vor \u00e4u\u00dferen Einfl\u00fcssen. Als Original-Ersatzteil bietet sie perfekte Passgenauigkeit und lange Lebensdauer.<\/p>\n<p data-start=\"1409\" data-end=\"1430\"><strong data-start=\"1409\" data-end=\"1430\">Technische Daten:<\/strong><\/p>\n<ul data-start=\"1431\" data-end=\"1614\">\n<li data-start=\"1431\" data-end=\"1458\">\n<p data-start=\"1433\" data-end=\"1458\">Kompatible Marke: Crown<\/p>\n<\/li>\n<li data-start=\"1459\" data-end=\"1492\">\n<p data-start=\"1461\" data-end=\"1492\">Ersatzteiltyp: Frontabdeckung<\/p>\n<\/li>\n<li data-start=\"1493\" data-end=\"1531\">\n<p data-start=\"1495\" data-end=\"1531\">Position: Vorderer Fahrzeugbereich<\/p>\n<\/li>\n<li data-start=\"1532\" data-end=\"1563\">\n<p data-start=\"1534\" data-end=\"1563\">Zustand: Neu \/ Originalteil<\/p>\n<\/li>\n<li data-start=\"1564\" data-end=\"1614\">\n<p data-start=\"1566\" data-end=\"1614\">Material: Robuster ABS-Kunststoff oder \u00e4hnlich<\/p>\n<\/li>\n<\/ul>\n","protected":false},"featured_media":17757,"template":"","meta":[],"product_brand":[],"product_cat":[272,472],"product_tag":[],"class_list":{"0":"post-17754","1":"product","2":"type-product","3":"status-publish","4":"has-post-thumbnail","6":"product_cat-crown","7":"product_cat-kaporta-aksami","9":"first","10":"instock","11":"taxable","12":"shipping-taxable","13":"purchasable","14":"product-type-simple"},"_links":{"self":[{"href":"https:\/\/ceoparts.com\/de\/wp-json\/wp\/v2\/product\/17754","targetHints":{"allow":["GET"]}}],"collection":[{"href":"https:\/\/ceoparts.com\/de\/wp-json\/wp\/v2\/product"}],"about":[{"href":"https:\/\/ceoparts.com\/de\/wp-json\/wp\/v2\/types\/product"}],"wp:featuredmedia":[{"embeddable":true,"href":"https:\/\/ceoparts.com\/de\/wp-json\/wp\/v2\/media\/17757"}],"wp:attachment":[{"href":"https:\/\/ceoparts.com\/de\/wp-json\/wp\/v2\/media?parent=17754"}],"wp:term":[{"taxonomy":"product_brand","embeddable":true,"href":"https:\/\/ceoparts.com\/de\/wp-json\/wp\/v2\/product_brand?post=17754"},{"taxonomy":"product_cat","embeddable":true,"href":"https:\/\/ceoparts.com\/de\/wp-json\/wp\/v2\/product_cat?post=17754"},{"taxonomy":"product_tag","embeddable":true,"href":"https:\/\/ceoparts.com\/de\/wp-json\/wp\/v2\/product_tag?post=17754"}],"curies":[{"name":"wp","href":"https:\/\/api.w.org\/{rel}","templated":true}]}}