{"id":17759,"date":"2025-07-24T16:08:26","date_gmt":"2025-07-24T13:08:26","guid":{"rendered":"https:\/\/ceoparts.com\/?post_type=product&#038;p=17759"},"modified":"2026-05-16T14:06:17","modified_gmt":"2026-05-16T11:06:17","slug":"linde-t16-aku-ust-kapagi-11524323301","status":"publish","type":"product","link":"https:\/\/ceoparts.com\/de\/urun\/linde-t16-aku-ust-kapagi-11524323301\/","title":{"rendered":"Linde T16 Batterie-Oberabdeckung \u2013 11524323301"},"content":{"rendered":"<p>Linde T16 Batterie-Oberabdeckung \u2013 11524323301<\/p>","protected":false},"excerpt":{"rendered":"<p data-start=\"1167\" data-end=\"1417\">Diese Batterieabdeckung ist f\u00fcr den Linde T16 Niederhubwagen geeignet. Sie sch\u00fctzt das Batteriefach vor Staub, Schmutz und \u00e4u\u00dferen Einfl\u00fcssen. Hergestellt aus robustem Kunststoff f\u00fcr eine lange Lebensdauer. Original-Ersatzteil mit perfekter Passform.<\/p>\n<p data-start=\"1419\" data-end=\"1440\"><strong data-start=\"1419\" data-end=\"1440\">Technische Daten:<\/strong><\/p>\n<ul data-start=\"1441\" data-end=\"1612\">\n<li data-start=\"1441\" data-end=\"1474\">\n<p data-start=\"1443\" data-end=\"1474\">Kompatibles Modell: Linde T16<\/p>\n<\/li>\n<li data-start=\"1475\" data-end=\"1516\">\n<p data-start=\"1477\" data-end=\"1516\">Ersatzteiltyp: Batterieabdeckung oben<\/p>\n<\/li>\n<li data-start=\"1517\" data-end=\"1544\">\n<p data-start=\"1519\" data-end=\"1544\">OEM-Nummer: 11524323301<\/p>\n<\/li>\n<li data-start=\"1545\" data-end=\"1580\">\n<p data-start=\"1547\" data-end=\"1580\">Material: Hochfester Kunststoff<\/p>\n<\/li>\n<li data-start=\"1581\" data-end=\"1612\">\n<p data-start=\"1583\" data-end=\"1612\">Zustand: Neu \/ Originalteil<\/p>\n<\/li>\n<\/ul>\n","protected":false},"featured_media":17762,"template":"","meta":[],"product_brand":[],"product_cat":[246,472,523],"product_tag":[],"class_list":{"0":"post-17759","1":"product","2":"type-product","3":"status-publish","4":"has-post-thumbnail","6":"product_cat-linde","7":"product_cat-kaporta-aksami","8":"product_cat-yedek-parca-linde","10":"first","11":"instock","12":"taxable","13":"shipping-taxable","14":"purchasable","15":"product-type-simple"},"_links":{"self":[{"href":"https:\/\/ceoparts.com\/de\/wp-json\/wp\/v2\/product\/17759","targetHints":{"allow":["GET"]}}],"collection":[{"href":"https:\/\/ceoparts.com\/de\/wp-json\/wp\/v2\/product"}],"about":[{"href":"https:\/\/ceoparts.com\/de\/wp-json\/wp\/v2\/types\/product"}],"wp:featuredmedia":[{"embeddable":true,"href":"https:\/\/ceoparts.com\/de\/wp-json\/wp\/v2\/media\/17762"}],"wp:attachment":[{"href":"https:\/\/ceoparts.com\/de\/wp-json\/wp\/v2\/media?parent=17759"}],"wp:term":[{"taxonomy":"product_brand","embeddable":true,"href":"https:\/\/ceoparts.com\/de\/wp-json\/wp\/v2\/product_brand?post=17759"},{"taxonomy":"product_cat","embeddable":true,"href":"https:\/\/ceoparts.com\/de\/wp-json\/wp\/v2\/product_cat?post=17759"},{"taxonomy":"product_tag","embeddable":true,"href":"https:\/\/ceoparts.com\/de\/wp-json\/wp\/v2\/product_tag?post=17759"}],"curies":[{"name":"wp","href":"https:\/\/api.w.org\/{rel}","templated":true}]}}