{"id":17871,"date":"2025-07-29T15:33:40","date_gmt":"2025-07-29T12:33:40","guid":{"rendered":"https:\/\/ceoparts.com\/?post_type=product&#038;p=17871"},"modified":"2026-05-16T14:15:48","modified_gmt":"2026-05-16T11:15:48","slug":"still-asansor-sensoru","status":"publish","type":"product","link":"https:\/\/ceoparts.com\/de\/urun\/still-asansor-sensoru\/","title":{"rendered":"Still Hubsensor"},"content":{"rendered":"<p>Still Hubsensor<\/p>","protected":false},"excerpt":{"rendered":"<p data-start=\"1039\" data-end=\"1273\">Der Still Aufzugssensor ist ein wesentliches Bauteil, das eine pr\u00e4zise Steuerung der Hub- und Senkbewegungen von Gabelstaplern erm\u00f6glicht. Dieser Sensor erh\u00f6ht die Sicherheit und optimiert gleichzeitig die Maschinenleistung.<\/p>\n<p data-start=\"1275\" data-end=\"1294\"><strong data-start=\"1275\" data-end=\"1292\">Eigenschaften<\/strong><\/p>\n<ul data-start=\"1295\" data-end=\"1531\">\n<li data-start=\"1295\" data-end=\"1335\">\n<p data-start=\"1297\" data-end=\"1335\"><strong data-start=\"1297\" data-end=\"1313\">Produktname:<\/strong> Still Aufzugssensor<\/p>\n<\/li>\n<li data-start=\"1336\" data-end=\"1364\">\n<p data-start=\"1338\" data-end=\"1364\"><strong data-start=\"1338\" data-end=\"1354\">Teilenummer:<\/strong> 9456732<\/p>\n<\/li>\n<li data-start=\"1365\" data-end=\"1414\">\n<p data-start=\"1367\" data-end=\"1414\"><strong data-start=\"1367\" data-end=\"1380\">Material:<\/strong> Elektronische Sensorkomponenten<\/p>\n<\/li>\n<li data-start=\"1415\" data-end=\"1457\">\n<p data-start=\"1417\" data-end=\"1457\"><strong data-start=\"1417\" data-end=\"1436\">Einsatzbereich:<\/strong> Still Gabelstapler<\/p>\n<\/li>\n<li data-start=\"1458\" data-end=\"1531\">\n<p data-start=\"1460\" data-end=\"1531\"><strong data-start=\"1460\" data-end=\"1472\">Vorteil:<\/strong> Pr\u00e4zise Steuerung, hohe Sicherheit und lange Lebensdauer<\/p>\n<\/li>\n<\/ul>\n","protected":false},"featured_media":17872,"template":"","meta":[],"product_brand":[],"product_cat":[469,524,241],"product_tag":[],"class_list":{"0":"post-17871","1":"product","2":"type-product","3":"status-publish","4":"has-post-thumbnail","6":"product_cat-elektrik-ve-sistem-parcalari","7":"product_cat-yedek-parca-still","8":"product_cat-still","10":"first","11":"instock","12":"taxable","13":"shipping-taxable","14":"purchasable","15":"product-type-simple"},"_links":{"self":[{"href":"https:\/\/ceoparts.com\/de\/wp-json\/wp\/v2\/product\/17871","targetHints":{"allow":["GET"]}}],"collection":[{"href":"https:\/\/ceoparts.com\/de\/wp-json\/wp\/v2\/product"}],"about":[{"href":"https:\/\/ceoparts.com\/de\/wp-json\/wp\/v2\/types\/product"}],"wp:featuredmedia":[{"embeddable":true,"href":"https:\/\/ceoparts.com\/de\/wp-json\/wp\/v2\/media\/17872"}],"wp:attachment":[{"href":"https:\/\/ceoparts.com\/de\/wp-json\/wp\/v2\/media?parent=17871"}],"wp:term":[{"taxonomy":"product_brand","embeddable":true,"href":"https:\/\/ceoparts.com\/de\/wp-json\/wp\/v2\/product_brand?post=17871"},{"taxonomy":"product_cat","embeddable":true,"href":"https:\/\/ceoparts.com\/de\/wp-json\/wp\/v2\/product_cat?post=17871"},{"taxonomy":"product_tag","embeddable":true,"href":"https:\/\/ceoparts.com\/de\/wp-json\/wp\/v2\/product_tag?post=17871"}],"curies":[{"name":"wp","href":"https:\/\/api.w.org\/{rel}","templated":true}]}}