{"id":17965,"date":"2025-08-01T14:12:51","date_gmt":"2025-08-01T11:12:51","guid":{"rendered":"https:\/\/ceoparts.com\/?post_type=product&#038;p=17965"},"modified":"2026-05-16T10:42:08","modified_gmt":"2026-05-16T07:42:08","slug":"aku-kutup-basi","status":"publish","type":"product","link":"https:\/\/ceoparts.com\/de\/urun\/aku-kutup-basi\/","title":{"rendered":"Batterieklemme (+)"},"content":{"rendered":"<p>Batterieklemme (+)<\/p>","protected":false},"excerpt":{"rendered":"<p data-start=\"1304\" data-end=\"1638\">Der Batteriepolanschluss (+) ist eines der wichtigsten Bauteile, das die Batterie mit dem elektrischen System des Fahrzeugs verbindet. Dank seiner soliden Kontaktfl\u00e4che und robusten Struktur gew\u00e4hrleistet der Pluspol eine sichere \u00dcbertragung hoher Str\u00f6me. Die korrosionsbest\u00e4ndige Bauweise garantiert eine lange Lebensdauer.<\/p>\n<p data-start=\"1640\" data-end=\"1659\"><strong data-start=\"1640\" data-end=\"1657\">Eigenschaften<\/strong><\/p>\n<ul data-start=\"1660\" data-end=\"1936\">\n<li data-start=\"1660\" data-end=\"1705\">\n<p data-start=\"1662\" data-end=\"1705\"><strong data-start=\"1662\" data-end=\"1678\">Produktname:<\/strong> Batteriepolanschluss (+)<\/p>\n<\/li>\n<li data-start=\"1706\" data-end=\"1728\">\n<p data-start=\"1708\" data-end=\"1728\"><strong data-start=\"1708\" data-end=\"1724\">Teilenummer:<\/strong> \u2013<\/p>\n<\/li>\n<li data-start=\"1729\" data-end=\"1777\">\n<p data-start=\"1731\" data-end=\"1777\"><strong data-start=\"1731\" data-end=\"1744\">Material:<\/strong> Hochleitf\u00e4hige Kupferlegierung<\/p>\n<\/li>\n<li data-start=\"1778\" data-end=\"1855\">\n<p data-start=\"1780\" data-end=\"1855\"><strong data-start=\"1780\" data-end=\"1799\">Einsatzbereich:<\/strong> Gabelstapler, Baumaschinen und industrielle Fahrzeuge<\/p>\n<\/li>\n<li data-start=\"1856\" data-end=\"1936\">\n<p data-start=\"1858\" data-end=\"1936\"><strong data-start=\"1858\" data-end=\"1870\">Vorteil:<\/strong> Hohe Leitf\u00e4higkeit, Korrosionsbest\u00e4ndigkeit, sichere Verbindung<\/p>\n<\/li>\n<\/ul>\n","protected":false},"featured_media":17968,"template":"","meta":[],"product_brand":[],"product_cat":[443],"product_tag":[],"class_list":{"0":"post-17965","1":"product","2":"type-product","3":"status-publish","4":"has-post-thumbnail","6":"product_cat-aku-parcalari","8":"first","9":"instock","10":"taxable","11":"shipping-taxable","12":"purchasable","13":"product-type-simple"},"_links":{"self":[{"href":"https:\/\/ceoparts.com\/de\/wp-json\/wp\/v2\/product\/17965","targetHints":{"allow":["GET"]}}],"collection":[{"href":"https:\/\/ceoparts.com\/de\/wp-json\/wp\/v2\/product"}],"about":[{"href":"https:\/\/ceoparts.com\/de\/wp-json\/wp\/v2\/types\/product"}],"wp:featuredmedia":[{"embeddable":true,"href":"https:\/\/ceoparts.com\/de\/wp-json\/wp\/v2\/media\/17968"}],"wp:attachment":[{"href":"https:\/\/ceoparts.com\/de\/wp-json\/wp\/v2\/media?parent=17965"}],"wp:term":[{"taxonomy":"product_brand","embeddable":true,"href":"https:\/\/ceoparts.com\/de\/wp-json\/wp\/v2\/product_brand?post=17965"},{"taxonomy":"product_cat","embeddable":true,"href":"https:\/\/ceoparts.com\/de\/wp-json\/wp\/v2\/product_cat?post=17965"},{"taxonomy":"product_tag","embeddable":true,"href":"https:\/\/ceoparts.com\/de\/wp-json\/wp\/v2\/product_tag?post=17965"}],"curies":[{"name":"wp","href":"https:\/\/api.w.org\/{rel}","templated":true}]}}