{"id":17999,"date":"2025-08-04T17:51:20","date_gmt":"2025-08-04T14:51:20","guid":{"rendered":"https:\/\/ceoparts.com\/?post_type=product&#038;p=17999"},"modified":"2026-05-16T14:34:01","modified_gmt":"2026-05-16T11:34:01","slug":"albright-kontaktor-sw80-48v","status":"publish","type":"product","link":"https:\/\/ceoparts.com\/de\/urun\/albright-kontaktor-sw80-48v\/","title":{"rendered":"Albright Sch\u00fctz SW80 48V"},"content":{"rendered":"<p>Albright Sch\u00fctz SW80 48V<\/p>","protected":false},"excerpt":{"rendered":"<p data-start=\"1168\" data-end=\"1413\">Der Albright Sch\u00fctz SW80 48V ist ein zuverl\u00e4ssiges Bauteil f\u00fcr Nieder- und Mittelstromschaltungen in Gabelstaplern und Industriemaschinen. Durch sein kompaktes Design und die hohe Leistung bietet er eine sichere und langlebige Nutzung.<\/p>\n<p data-start=\"1415\" data-end=\"1434\"><strong data-start=\"1415\" data-end=\"1432\">Eigenschaften<\/strong><\/p>\n<ul data-start=\"1435\" data-end=\"1740\">\n<li data-start=\"1435\" data-end=\"1480\">\n<p data-start=\"1437\" data-end=\"1480\"><strong data-start=\"1437\" data-end=\"1453\">Produktname:<\/strong> Albright Sch\u00fctz SW80 48V<\/p>\n<\/li>\n<li data-start=\"1481\" data-end=\"1510\">\n<p data-start=\"1483\" data-end=\"1510\"><strong data-start=\"1483\" data-end=\"1499\">Teilenummer:<\/strong> SW80-48V<\/p>\n<\/li>\n<li data-start=\"1511\" data-end=\"1583\">\n<p data-start=\"1513\" data-end=\"1583\"><strong data-start=\"1513\" data-end=\"1526\">Material:<\/strong> Hochleitf\u00e4higes Kupfer und widerstandsf\u00e4hige Legierung<\/p>\n<\/li>\n<li data-start=\"1584\" data-end=\"1661\">\n<p data-start=\"1586\" data-end=\"1661\"><strong data-start=\"1586\" data-end=\"1605\">Einsatzbereich:<\/strong> Gabelstapler, Elektrofahrzeuge und Industriemaschinen<\/p>\n<\/li>\n<li data-start=\"1662\" data-end=\"1740\">\n<p data-start=\"1664\" data-end=\"1740\"><strong data-start=\"1664\" data-end=\"1676\">Vorteil:<\/strong> Kompaktes Design, zuverl\u00e4ssige Leistung und lange Lebensdauer<\/p>\n<\/li>\n<\/ul>\n","protected":false},"featured_media":18000,"template":"","meta":[],"product_brand":[],"product_cat":[462],"product_tag":[],"class_list":{"0":"post-17999","1":"product","2":"type-product","3":"status-publish","4":"has-post-thumbnail","6":"product_cat-kontaktorler","8":"first","9":"instock","10":"taxable","11":"shipping-taxable","12":"purchasable","13":"product-type-simple"},"_links":{"self":[{"href":"https:\/\/ceoparts.com\/de\/wp-json\/wp\/v2\/product\/17999","targetHints":{"allow":["GET"]}}],"collection":[{"href":"https:\/\/ceoparts.com\/de\/wp-json\/wp\/v2\/product"}],"about":[{"href":"https:\/\/ceoparts.com\/de\/wp-json\/wp\/v2\/types\/product"}],"wp:featuredmedia":[{"embeddable":true,"href":"https:\/\/ceoparts.com\/de\/wp-json\/wp\/v2\/media\/18000"}],"wp:attachment":[{"href":"https:\/\/ceoparts.com\/de\/wp-json\/wp\/v2\/media?parent=17999"}],"wp:term":[{"taxonomy":"product_brand","embeddable":true,"href":"https:\/\/ceoparts.com\/de\/wp-json\/wp\/v2\/product_brand?post=17999"},{"taxonomy":"product_cat","embeddable":true,"href":"https:\/\/ceoparts.com\/de\/wp-json\/wp\/v2\/product_cat?post=17999"},{"taxonomy":"product_tag","embeddable":true,"href":"https:\/\/ceoparts.com\/de\/wp-json\/wp\/v2\/product_tag?post=17999"}],"curies":[{"name":"wp","href":"https:\/\/api.w.org\/{rel}","templated":true}]}}