{"id":18005,"date":"2025-08-05T10:40:24","date_gmt":"2025-08-05T07:40:24","guid":{"rendered":"https:\/\/ceoparts.com\/?post_type=product&#038;p=18005"},"modified":"2026-05-16T21:56:01","modified_gmt":"2026-05-16T18:56:01","slug":"albright-kontaktor-sw180-48v","status":"publish","type":"product","link":"https:\/\/ceoparts.com\/de\/urun\/albright-kontaktor-sw180-48v\/","title":{"rendered":"Albright Sch\u00fctz SW180 48V"},"content":{"rendered":"<p>Albright Sch\u00fctz SW180 48V<\/p>","protected":false},"excerpt":{"rendered":"<p data-start=\"1181\" data-end=\"1436\">Der Albright Sch\u00fctz SW180 48V ist ein zuverl\u00e4ssiges Bauteil, das f\u00fcr Hochstromschaltungen in Gabelstaplern und Industriemaschinen verwendet wird. Durch seine robuste Bauweise bietet er eine lange Lebensdauer und verbesserte elektrische Leistung.<\/p>\n<p data-start=\"1438\" data-end=\"1457\"><strong data-start=\"1438\" data-end=\"1455\">Eigenschaften<\/strong><\/p>\n<ul data-start=\"1458\" data-end=\"1748\">\n<li data-start=\"1458\" data-end=\"1504\">\n<p data-start=\"1460\" data-end=\"1504\"><strong data-start=\"1460\" data-end=\"1476\">Produktname:<\/strong> Albright Sch\u00fctz SW180 48V<\/p>\n<\/li>\n<li data-start=\"1505\" data-end=\"1533\">\n<p data-start=\"1507\" data-end=\"1533\"><strong data-start=\"1507\" data-end=\"1523\">Teilenummer:<\/strong> 180-48V<\/p>\n<\/li>\n<li data-start=\"1534\" data-end=\"1606\">\n<p data-start=\"1536\" data-end=\"1606\"><strong data-start=\"1536\" data-end=\"1549\">Material:<\/strong> Hochleitf\u00e4higes Kupfer und widerstandsf\u00e4hige Legierung<\/p>\n<\/li>\n<li data-start=\"1607\" data-end=\"1666\">\n<p data-start=\"1609\" data-end=\"1666\"><strong data-start=\"1609\" data-end=\"1628\">Einsatzbereich:<\/strong> Gabelstapler und Industriemaschinen<\/p>\n<\/li>\n<li data-start=\"1667\" data-end=\"1748\">\n<p data-start=\"1669\" data-end=\"1748\"><strong data-start=\"1669\" data-end=\"1681\">Vorteil:<\/strong> Hohe Strombelastbarkeit, lange Lebensdauer und sichere Anwendung<\/p>\n<\/li>\n<\/ul>\n","protected":false},"featured_media":18006,"template":"","meta":[],"product_brand":[],"product_cat":[462],"product_tag":[],"class_list":{"0":"post-18005","1":"product","2":"type-product","3":"status-publish","4":"has-post-thumbnail","6":"product_cat-kontaktorler","8":"first","9":"instock","10":"taxable","11":"shipping-taxable","12":"purchasable","13":"product-type-simple"},"_links":{"self":[{"href":"https:\/\/ceoparts.com\/de\/wp-json\/wp\/v2\/product\/18005","targetHints":{"allow":["GET"]}}],"collection":[{"href":"https:\/\/ceoparts.com\/de\/wp-json\/wp\/v2\/product"}],"about":[{"href":"https:\/\/ceoparts.com\/de\/wp-json\/wp\/v2\/types\/product"}],"wp:featuredmedia":[{"embeddable":true,"href":"https:\/\/ceoparts.com\/de\/wp-json\/wp\/v2\/media\/18006"}],"wp:attachment":[{"href":"https:\/\/ceoparts.com\/de\/wp-json\/wp\/v2\/media?parent=18005"}],"wp:term":[{"taxonomy":"product_brand","embeddable":true,"href":"https:\/\/ceoparts.com\/de\/wp-json\/wp\/v2\/product_brand?post=18005"},{"taxonomy":"product_cat","embeddable":true,"href":"https:\/\/ceoparts.com\/de\/wp-json\/wp\/v2\/product_cat?post=18005"},{"taxonomy":"product_tag","embeddable":true,"href":"https:\/\/ceoparts.com\/de\/wp-json\/wp\/v2\/product_tag?post=18005"}],"curies":[{"name":"wp","href":"https:\/\/api.w.org\/{rel}","templated":true}]}}