{"id":18023,"date":"2025-08-05T14:10:05","date_gmt":"2025-08-05T11:10:05","guid":{"rendered":"https:\/\/ceoparts.com\/?post_type=product&#038;p=18023"},"modified":"2026-05-16T16:40:49","modified_gmt":"2026-05-16T13:40:49","slug":"bt-lpe200-kol-tesisati-7524346","status":"publish","type":"product","link":"https:\/\/ceoparts.com\/de\/urun\/bt-lpe200-kol-tesisati-7524346\/","title":{"rendered":"BT LPE200 Kabelbaum f\u00fcr Deichselgriff \u2013 7524346"},"content":{"rendered":"<p>BT LPE200 Kabelbaum f\u00fcr Deichselgriff \u2013 7524346<\/p>","protected":false},"excerpt":{"rendered":"<p data-start=\"1613\" data-end=\"2035\"><strong data-start=\"1613\" data-end=\"1644\">BT LPE200 Armatur &#8211; 7524346<\/strong> ist ein hochbelastbares Originalersatzteil f\u00fcr Gabelstapler und Lagerger\u00e4te. Diese Armatur gew\u00e4hrleistet den sicheren und korrekten Betrieb der hydraulischen und mechanischen Systeme in BT LPE200 Niederhubwagen. Dank ihrer robusten Bauweise bietet sie eine lange Lebensdauer und reduziert die Wartungskosten. Besonders bei intensiven Lagerarbeiten sorgt sie f\u00fcr Stabilit\u00e4t und Sicherheit.<\/p>\n<p data-start=\"2037\" data-end=\"2057\"><strong data-start=\"2037\" data-end=\"2055\">Eigenschaften:<\/strong><\/p>\n<ul data-start=\"2058\" data-end=\"2331\">\n<li data-start=\"2058\" data-end=\"2096\">\n<p data-start=\"2060\" data-end=\"2096\"><strong data-start=\"2060\" data-end=\"2076\">Produktname:<\/strong> BT LPE200 Armatur<\/p>\n<\/li>\n<li data-start=\"2097\" data-end=\"2125\">\n<p data-start=\"2099\" data-end=\"2125\"><strong data-start=\"2099\" data-end=\"2115\">Teilenummer:<\/strong> 7524346<\/p>\n<\/li>\n<li data-start=\"2126\" data-end=\"2184\">\n<p data-start=\"2128\" data-end=\"2184\"><strong data-start=\"2128\" data-end=\"2141\">Material:<\/strong> Hochfester Stahl und Verbindungselemente<\/p>\n<\/li>\n<li data-start=\"2185\" data-end=\"2247\">\n<p data-start=\"2187\" data-end=\"2247\"><strong data-start=\"2187\" data-end=\"2206\">Einsatzbereich:<\/strong> BT LPE200 Gabelstapler und Lagerger\u00e4te<\/p>\n<\/li>\n<li data-start=\"2248\" data-end=\"2331\">\n<p data-start=\"2250\" data-end=\"2331\"><strong data-start=\"2250\" data-end=\"2262\">Vorteil:<\/strong> Zuverl\u00e4ssige Leistung, lange Lebensdauer, geringer Wartungsaufwand<\/p>\n<\/li>\n<\/ul>\n","protected":false},"featured_media":18027,"template":"","meta":[],"product_brand":[],"product_cat":[251,469,518],"product_tag":[],"class_list":{"0":"post-18023","1":"product","2":"type-product","3":"status-publish","4":"has-post-thumbnail","6":"product_cat-bt","7":"product_cat-elektrik-ve-sistem-parcalari","8":"product_cat-yedek-parca-bt","10":"first","11":"instock","12":"taxable","13":"shipping-taxable","14":"purchasable","15":"product-type-simple"},"_links":{"self":[{"href":"https:\/\/ceoparts.com\/de\/wp-json\/wp\/v2\/product\/18023","targetHints":{"allow":["GET"]}}],"collection":[{"href":"https:\/\/ceoparts.com\/de\/wp-json\/wp\/v2\/product"}],"about":[{"href":"https:\/\/ceoparts.com\/de\/wp-json\/wp\/v2\/types\/product"}],"wp:featuredmedia":[{"embeddable":true,"href":"https:\/\/ceoparts.com\/de\/wp-json\/wp\/v2\/media\/18027"}],"wp:attachment":[{"href":"https:\/\/ceoparts.com\/de\/wp-json\/wp\/v2\/media?parent=18023"}],"wp:term":[{"taxonomy":"product_brand","embeddable":true,"href":"https:\/\/ceoparts.com\/de\/wp-json\/wp\/v2\/product_brand?post=18023"},{"taxonomy":"product_cat","embeddable":true,"href":"https:\/\/ceoparts.com\/de\/wp-json\/wp\/v2\/product_cat?post=18023"},{"taxonomy":"product_tag","embeddable":true,"href":"https:\/\/ceoparts.com\/de\/wp-json\/wp\/v2\/product_tag?post=18023"}],"curies":[{"name":"wp","href":"https:\/\/api.w.org\/{rel}","templated":true}]}}