{"id":18097,"date":"2025-08-26T10:57:35","date_gmt":"2025-08-26T07:57:35","guid":{"rendered":"https:\/\/ceoparts.com\/?post_type=product&#038;p=18097"},"modified":"2026-05-16T12:51:54","modified_gmt":"2026-05-16T09:51:54","slug":"linde-bijon-on-23m201579-0009128936","status":"publish","type":"product","link":"https:\/\/ceoparts.com\/de\/urun\/linde-bijon-on-23m201579-0009128936\/","title":{"rendered":"Linde Vorderradbolzen \u2013 23M201,579 \u2013 0009128936"},"content":{"rendered":"<p>Linde Vorderradbolzen \u2013 23M201,579 \u2013 0009128936<\/p>","protected":false},"excerpt":{"rendered":"<p><strong data-start=\"1367\" data-end=\"1383\">Produktname:<\/strong> Linde Vorderes Radmutter \u2013 Robuste Mutter f\u00fcr die Vorderreifen von Gabelstaplern. Sichert die R\u00e4der und erh\u00f6ht die Stabilit\u00e4t der Vorderachse.<br data-start=\"1526\" data-end=\"1529\" \/><strong data-start=\"1529\" data-end=\"1545\">Teilenummer:<\/strong> 0009128936 \u2013 Originalcode f\u00fcr exakte Ersatzteilbeschaffung und Lagerverwaltung.<br data-start=\"1625\" data-end=\"1628\" \/><strong data-start=\"1628\" data-end=\"1641\">Material:<\/strong> Hochfestes Stahl \u2013 Bietet sichere und stabile Verbindung bei der Radmontage.<br data-start=\"1718\" data-end=\"1721\" \/><strong data-start=\"1721\" data-end=\"1743\">Anwendungsbereich:<\/strong> Linde Gabelstapler (Vorderr\u00e4der) \u2013 Unterst\u00fctzt sichere und stabile Vorderachsfunktion.<br data-start=\"1830\" data-end=\"1833\" \/><strong data-start=\"1833\" data-end=\"1845\">Vorteil:<\/strong> Sicherer und stabiler Halt \u2013 Verbessert Vorderreifensicherheit und Arbeitsschutz.<\/p>\n","protected":false},"featured_media":18100,"template":"","meta":[],"product_brand":[508],"product_cat":[467],"product_tag":[],"class_list":{"0":"post-18097","1":"product","2":"type-product","3":"status-publish","4":"has-post-thumbnail","6":"product_brand-hyundai","7":"product_cat-mil-grubu","9":"first","10":"instock","11":"taxable","12":"shipping-taxable","13":"purchasable","14":"product-type-simple"},"_links":{"self":[{"href":"https:\/\/ceoparts.com\/de\/wp-json\/wp\/v2\/product\/18097","targetHints":{"allow":["GET"]}}],"collection":[{"href":"https:\/\/ceoparts.com\/de\/wp-json\/wp\/v2\/product"}],"about":[{"href":"https:\/\/ceoparts.com\/de\/wp-json\/wp\/v2\/types\/product"}],"wp:featuredmedia":[{"embeddable":true,"href":"https:\/\/ceoparts.com\/de\/wp-json\/wp\/v2\/media\/18100"}],"wp:attachment":[{"href":"https:\/\/ceoparts.com\/de\/wp-json\/wp\/v2\/media?parent=18097"}],"wp:term":[{"taxonomy":"product_brand","embeddable":true,"href":"https:\/\/ceoparts.com\/de\/wp-json\/wp\/v2\/product_brand?post=18097"},{"taxonomy":"product_cat","embeddable":true,"href":"https:\/\/ceoparts.com\/de\/wp-json\/wp\/v2\/product_cat?post=18097"},{"taxonomy":"product_tag","embeddable":true,"href":"https:\/\/ceoparts.com\/de\/wp-json\/wp\/v2\/product_tag?post=18097"}],"curies":[{"name":"wp","href":"https:\/\/api.w.org\/{rel}","templated":true}]}}