{"id":18125,"date":"2025-08-26T13:19:56","date_gmt":"2025-08-26T10:19:56","guid":{"rendered":"https:\/\/ceoparts.com\/?post_type=product&#038;p=18125"},"modified":"2026-05-16T11:59:12","modified_gmt":"2026-05-16T08:59:12","slug":"yale-kumanda-karti-582015751","status":"publish","type":"product","link":"https:\/\/ceoparts.com\/de\/urun\/yale-kumanda-karti-582015751\/","title":{"rendered":"Yale Steuerplatine \u2013 582015751"},"content":{"rendered":"<p>Yale Steuerplatine \u2013 582015751<\/p>","protected":false},"excerpt":{"rendered":"<p><strong data-start=\"1311\" data-end=\"1327\">Produktname:<\/strong> Yale Steuerplatine \u2013 Elektronische Platine f\u00fcr Gabelstapler und Industriefahrzeuge. Gew\u00e4hrleistet den ordnungsgem\u00e4\u00dfen Betrieb der Steuer- und Kommando-Systeme.<br data-start=\"1487\" data-end=\"1490\" \/><strong data-start=\"1490\" data-end=\"1506\">Teilenummer:<\/strong> 582015751 \u2013 Originalcode f\u00fcr exakte Ersatzteilbeschaffung und Lagerverwaltung.<br data-start=\"1585\" data-end=\"1588\" \/><strong data-start=\"1588\" data-end=\"1601\">Material:<\/strong> Robuste elektronische Bauteile \u2013 Langlebig und zuverl\u00e4ssig.<br data-start=\"1661\" data-end=\"1664\" \/><strong data-start=\"1664\" data-end=\"1686\">Anwendungsbereich:<\/strong> Yale Gabelstapler und Industriefahrzeuge \u2013 F\u00fcr Steuerung, Lenkung und Geschwindigkeitsregelung.<br data-start=\"1782\" data-end=\"1785\" \/><strong data-start=\"1785\" data-end=\"1797\">Vorteil:<\/strong> Sicheres und pr\u00e4zises Steuern \u2013 Sorgt f\u00fcr reibungslosen Betrieb.<\/p>\n","protected":false},"featured_media":18149,"template":"","meta":[],"product_brand":[],"product_cat":[431],"product_tag":[],"class_list":{"0":"post-18125","1":"product","2":"type-product","3":"status-publish","4":"has-post-thumbnail","6":"product_cat-ekranlar-ve-kartlar","8":"first","9":"instock","10":"taxable","11":"shipping-taxable","12":"purchasable","13":"product-type-simple"},"_links":{"self":[{"href":"https:\/\/ceoparts.com\/de\/wp-json\/wp\/v2\/product\/18125","targetHints":{"allow":["GET"]}}],"collection":[{"href":"https:\/\/ceoparts.com\/de\/wp-json\/wp\/v2\/product"}],"about":[{"href":"https:\/\/ceoparts.com\/de\/wp-json\/wp\/v2\/types\/product"}],"wp:featuredmedia":[{"embeddable":true,"href":"https:\/\/ceoparts.com\/de\/wp-json\/wp\/v2\/media\/18149"}],"wp:attachment":[{"href":"https:\/\/ceoparts.com\/de\/wp-json\/wp\/v2\/media?parent=18125"}],"wp:term":[{"taxonomy":"product_brand","embeddable":true,"href":"https:\/\/ceoparts.com\/de\/wp-json\/wp\/v2\/product_brand?post=18125"},{"taxonomy":"product_cat","embeddable":true,"href":"https:\/\/ceoparts.com\/de\/wp-json\/wp\/v2\/product_cat?post=18125"},{"taxonomy":"product_tag","embeddable":true,"href":"https:\/\/ceoparts.com\/de\/wp-json\/wp\/v2\/product_tag?post=18125"}],"curies":[{"name":"wp","href":"https:\/\/api.w.org\/{rel}","templated":true}]}}