{"id":18285,"date":"2025-09-09T16:52:54","date_gmt":"2025-09-09T13:52:54","guid":{"rendered":"https:\/\/ceoparts.com\/?post_type=product&#038;p=18285"},"modified":"2026-05-16T06:16:15","modified_gmt":"2026-05-16T03:16:15","slug":"150x48-65-12-tellure-rota-denge-tekeri-0039903515","status":"publish","type":"product","link":"https:\/\/ceoparts.com\/de\/urun\/150x48-65-12-tellure-rota-denge-tekeri-0039903515\/","title":{"rendered":"150&#215;48\/65-12 Tellure Rota St\u00fctzrad \u2013 0039903515"},"content":{"rendered":"<p>150&#215;48\/65-12 Tellure Rota St\u00fctzrad \u2013 0039903515<\/p>\n<p>372\u00a0L14\/16<br \/>\n372\u00a0L14\/16\/L14AP\/16AP (wersja pojedyncza)<br \/>\n379\u00a0L10\/12-L10\/12AS<\/p>","protected":false},"excerpt":{"rendered":"<p data-start=\"1300\" data-end=\"1696\">Das 150&#215;48\/65-12 Tellure Rota Ausgleichsrad wurde f\u00fcr eine zuverl\u00e4ssige Nutzung und lange Lebensdauer in Gabelstaplern und Industriemaschinen entwickelt. Dank seiner robusten Bauweise und des hochwertigen Materials beh\u00e4lt es auch unter schweren Lasten die Stabilit\u00e4t und sorgt f\u00fcr einen reibungslosen Betrieb. Eine ideale L\u00f6sung zur Steigerung der Effizienz in industriellen Umgebungen.<\/p>\n<p data-start=\"1698\" data-end=\"1962\"><strong data-start=\"1698\" data-end=\"1715\">Eigenschaften<\/strong><br data-start=\"1715\" data-end=\"1718\" \/><strong data-start=\"1718\" data-end=\"1734\">Produktname:<\/strong> 150&#215;48\/65-12 Tellure Rota Ausgleichsrad<br data-start=\"1774\" data-end=\"1777\" \/><strong data-start=\"1777\" data-end=\"1793\">Teilenummer:<\/strong> 0039903515<br data-start=\"1804\" data-end=\"1807\" \/><strong data-start=\"1807\" data-end=\"1820\">Material:<\/strong> Polyurethan<br data-start=\"1832\" data-end=\"1835\" \/><strong data-start=\"1835\" data-end=\"1854\">Einsatzbereich:<\/strong> Gabelstapler und Industriemaschinen<br data-start=\"1890\" data-end=\"1893\" \/><strong data-start=\"1893\" data-end=\"1905\">Vorteil:<\/strong> Hohe Best\u00e4ndigkeit, lange Lebensdauer, stabile Nutzung<\/p>\n","protected":false},"featured_media":18288,"template":"","meta":[],"product_brand":[],"product_cat":[185,412,413],"product_tag":[],"class_list":{"0":"post-18285","1":"product","2":"type-product","3":"status-publish","4":"has-post-thumbnail","6":"product_cat-denge-tekeri","7":"product_cat-tellure-rota","8":"product_cat-tellure-rota-denge-tekeri","10":"first","11":"instock","12":"taxable","13":"shipping-taxable","14":"purchasable","15":"product-type-simple"},"_links":{"self":[{"href":"https:\/\/ceoparts.com\/de\/wp-json\/wp\/v2\/product\/18285","targetHints":{"allow":["GET"]}}],"collection":[{"href":"https:\/\/ceoparts.com\/de\/wp-json\/wp\/v2\/product"}],"about":[{"href":"https:\/\/ceoparts.com\/de\/wp-json\/wp\/v2\/types\/product"}],"wp:featuredmedia":[{"embeddable":true,"href":"https:\/\/ceoparts.com\/de\/wp-json\/wp\/v2\/media\/18288"}],"wp:attachment":[{"href":"https:\/\/ceoparts.com\/de\/wp-json\/wp\/v2\/media?parent=18285"}],"wp:term":[{"taxonomy":"product_brand","embeddable":true,"href":"https:\/\/ceoparts.com\/de\/wp-json\/wp\/v2\/product_brand?post=18285"},{"taxonomy":"product_cat","embeddable":true,"href":"https:\/\/ceoparts.com\/de\/wp-json\/wp\/v2\/product_cat?post=18285"},{"taxonomy":"product_tag","embeddable":true,"href":"https:\/\/ceoparts.com\/de\/wp-json\/wp\/v2\/product_tag?post=18285"}],"curies":[{"name":"wp","href":"https:\/\/api.w.org\/{rel}","templated":true}]}}