{"id":18289,"date":"2025-09-09T17:21:10","date_gmt":"2025-09-09T14:21:10","guid":{"rendered":"https:\/\/ceoparts.com\/?post_type=product&#038;p=18289"},"modified":"2026-05-16T07:28:09","modified_gmt":"2026-05-16T04:28:09","slug":"125x50-54-20-rader-vogel-denge-tekeri-156259","status":"publish","type":"product","link":"https:\/\/ceoparts.com\/de\/urun\/125x50-54-20-rader-vogel-denge-tekeri-156259\/","title":{"rendered":"125&#215;50\/54-20 Rader Vogel St\u00fctzrad \u2013 156259"},"content":{"rendered":"<p>125&#215;50\/54-20 Rader Vogel St\u00fctzrad \u2013 156259<\/p>\n<p>MO 15<\/p>\n<p>PPO 1500MX<\/p>\n<p>MPH 16<br \/>\nMPL 10<br \/>\nMPL 12<br \/>\nMPL 12 F<br \/>\nMPL 16D<\/p>\n<p>PPH 1600 MX<\/p>\n<p>PPS 1000 MX<br \/>\nPPS 1200 MX<br \/>\nPPS 1200MXF<br \/>\nPPS 1600 MXD<\/p>\n<p>S12 F<br \/>\nS16 D<\/p>\n<p>SWE 080 L<br \/>\nSWE100 STAXIO<br \/>\nSWE 120 IKEA<br \/>\nSWE 120 STAXIO<br \/>\nSWE 120 L<br \/>\nSWE 120 LIKEA<br \/>\nSWE 140 STAXIO<br \/>\nSWE 140 L STAXIO<br \/>\nSWE 160 D IKEA<br \/>\nSWE 160D<br \/>\nSWE 200 D IKEA<br \/>\nSWE 200 D<\/p>\n<p>LWE 140 LEVIO<br \/>\nLWE 160LEVIO<br \/>\nLWE 180<br \/>\nLWE 180 LEVIO<br \/>\nLWE 200<br \/>\nLWE 200 N<br \/>\nLWE 250LEVIO<\/p>\n<p>MP 14 C<br \/>\nMP 14<br \/>\nMP 16<br \/>\nMP 20<br \/>\nMP 20L<\/p>\n<p>PPL 2000 MX<\/p>\n<p>PPT 1400 C<br \/>\nPPT 1400 MX<br \/>\nPPT 1400MXC<br \/>\nPPT 1600 MX<br \/>\nPPT 1800 MMD<br \/>\nPPT 2000 MX<br \/>\nPPT 2000MMD<\/p>\n<p>W18 ORION<br \/>\nW20 ORION<br \/>\nW20 N<\/p>","protected":false},"excerpt":{"rendered":"<p data-start=\"1280\" data-end=\"1623\">Das 125&#215;50\/54-20 Rader Vogel Ausgleichsrad wurde f\u00fcr eine langlebige und zuverl\u00e4ssige Nutzung in Gabelstaplern und Industriemaschinen entwickelt. Dank des hochwertigen Materials beh\u00e4lt es auch unter schweren Lasten die Stabilit\u00e4t und verliert keine Leistung. Eine ideale Wahl zur Steigerung der Effizienz in industriellen Umgebungen.<\/p>\n<p data-start=\"1625\" data-end=\"1884\"><strong data-start=\"1625\" data-end=\"1642\">Eigenschaften<\/strong><br data-start=\"1642\" data-end=\"1645\" \/><strong data-start=\"1645\" data-end=\"1661\">Produktname:<\/strong> 125&#215;50\/54-20 Rader Vogel Ausgleichsrad<br data-start=\"1700\" data-end=\"1703\" \/><strong data-start=\"1703\" data-end=\"1719\">Teilenummer:<\/strong> 156259<br data-start=\"1726\" data-end=\"1729\" \/><strong data-start=\"1729\" data-end=\"1742\">Material:<\/strong> Polyurethan<br data-start=\"1754\" data-end=\"1757\" \/><strong data-start=\"1757\" data-end=\"1776\">Einsatzbereich:<\/strong> Gabelstapler und Industriemaschinen<br data-start=\"1812\" data-end=\"1815\" \/><strong data-start=\"1815\" data-end=\"1827\">Vorteil:<\/strong> Hohe Best\u00e4ndigkeit, lange Lebensdauer, stabile Nutzung<\/p>\n","protected":false},"featured_media":18292,"template":"","meta":[],"product_brand":[],"product_cat":[185],"product_tag":[],"class_list":{"0":"post-18289","1":"product","2":"type-product","3":"status-publish","4":"has-post-thumbnail","6":"product_cat-denge-tekeri","8":"first","9":"instock","10":"taxable","11":"shipping-taxable","12":"purchasable","13":"product-type-simple"},"_links":{"self":[{"href":"https:\/\/ceoparts.com\/de\/wp-json\/wp\/v2\/product\/18289","targetHints":{"allow":["GET"]}}],"collection":[{"href":"https:\/\/ceoparts.com\/de\/wp-json\/wp\/v2\/product"}],"about":[{"href":"https:\/\/ceoparts.com\/de\/wp-json\/wp\/v2\/types\/product"}],"wp:featuredmedia":[{"embeddable":true,"href":"https:\/\/ceoparts.com\/de\/wp-json\/wp\/v2\/media\/18292"}],"wp:attachment":[{"href":"https:\/\/ceoparts.com\/de\/wp-json\/wp\/v2\/media?parent=18289"}],"wp:term":[{"taxonomy":"product_brand","embeddable":true,"href":"https:\/\/ceoparts.com\/de\/wp-json\/wp\/v2\/product_brand?post=18289"},{"taxonomy":"product_cat","embeddable":true,"href":"https:\/\/ceoparts.com\/de\/wp-json\/wp\/v2\/product_cat?post=18289"},{"taxonomy":"product_tag","embeddable":true,"href":"https:\/\/ceoparts.com\/de\/wp-json\/wp\/v2\/product_tag?post=18289"}],"curies":[{"name":"wp","href":"https:\/\/api.w.org\/{rel}","templated":true}]}}