{"id":18311,"date":"2025-09-13T12:06:38","date_gmt":"2025-09-13T09:06:38","guid":{"rendered":"https:\/\/ceoparts.com\/?post_type=product&#038;p=18311"},"modified":"2026-05-16T12:03:50","modified_gmt":"2026-05-16T09:03:50","slug":"crown-sensor-818949","status":"publish","type":"product","link":"https:\/\/ceoparts.com\/de\/urun\/crown-sensor-818949\/","title":{"rendered":"Crown Sensor \u2013 818949"},"content":{"rendered":"<p>Crown Sensor \u2013 818949<\/p>","protected":false},"excerpt":{"rendered":"<p>Der Crown-Sensor \u2013 818949 wurde entwickelt, um in Gabelstaplern und Industriemaschinen pr\u00e4zise und zuverl\u00e4ssige Messungen zu gew\u00e4hrleisten. Seine robuste Bauweise sorgt f\u00fcr eine lange Lebensdauer und liefert in Anwendungen, die hohe Genauigkeit erfordern, verl\u00e4ssliche Ergebnisse. Es ist ein wesentliches Bauteil zur Steigerung der Betriebseffizienz.<\/p>\n<p><strong>Eigenschaften<\/strong><br \/>\n<strong>Produktname:<\/strong> Crown-Sensor<br \/>\n<strong>Teilecode:<\/strong> 818949<br \/>\n<strong>Material:<\/strong> Hochwertige elektronische Komponenten<br \/>\n<strong>Einsatzbereich:<\/strong> Gabelstapler und Industriemaschinen<br \/>\n<strong>Vorteil:<\/strong> Pr\u00e4zise Messung, lange Lebensdauer, zuverl\u00e4ssige Leistung<\/p>\n","protected":false},"featured_media":18312,"template":"","meta":[],"product_brand":[],"product_cat":[469,272,519],"product_tag":[],"class_list":{"0":"post-18311","1":"product","2":"type-product","3":"status-publish","4":"has-post-thumbnail","6":"product_cat-elektrik-ve-sistem-parcalari","7":"product_cat-crown","8":"product_cat-yedek-parca-crown","10":"first","11":"instock","12":"taxable","13":"shipping-taxable","14":"purchasable","15":"product-type-simple"},"_links":{"self":[{"href":"https:\/\/ceoparts.com\/de\/wp-json\/wp\/v2\/product\/18311","targetHints":{"allow":["GET"]}}],"collection":[{"href":"https:\/\/ceoparts.com\/de\/wp-json\/wp\/v2\/product"}],"about":[{"href":"https:\/\/ceoparts.com\/de\/wp-json\/wp\/v2\/types\/product"}],"wp:featuredmedia":[{"embeddable":true,"href":"https:\/\/ceoparts.com\/de\/wp-json\/wp\/v2\/media\/18312"}],"wp:attachment":[{"href":"https:\/\/ceoparts.com\/de\/wp-json\/wp\/v2\/media?parent=18311"}],"wp:term":[{"taxonomy":"product_brand","embeddable":true,"href":"https:\/\/ceoparts.com\/de\/wp-json\/wp\/v2\/product_brand?post=18311"},{"taxonomy":"product_cat","embeddable":true,"href":"https:\/\/ceoparts.com\/de\/wp-json\/wp\/v2\/product_cat?post=18311"},{"taxonomy":"product_tag","embeddable":true,"href":"https:\/\/ceoparts.com\/de\/wp-json\/wp\/v2\/product_tag?post=18311"}],"curies":[{"name":"wp","href":"https:\/\/api.w.org\/{rel}","templated":true}]}}