{"id":18332,"date":"2025-09-15T14:12:30","date_gmt":"2025-09-15T11:12:30","guid":{"rendered":"https:\/\/ceoparts.com\/?post_type=product&#038;p=18332"},"modified":"2026-05-16T10:41:03","modified_gmt":"2026-05-16T07:41:03","slug":"gosterge-ekrani-eje116-51540707","status":"publish","type":"product","link":"https:\/\/ceoparts.com\/de\/urun\/gosterge-ekrani-eje116-51540707\/","title":{"rendered":"Anzeigedisplay \u2013 EJE116 \u2013 51540707"},"content":{"rendered":"<p>Anzeigedisplay \u2013 EJE116 \u2013 51540707<\/p>","protected":false},"excerpt":{"rendered":"<p>Das Anzeigedisplay \u2013 EJE116 \u2013 51540707 wurde entwickelt, um dem Bediener die einfache \u00dcberwachung aller kritischen Informationen in Gabelstaplern und Industriemaschinen zu erm\u00f6glichen. Seine langlebige Konstruktion bietet eine lange Lebensdauer und zuverl\u00e4ssige Leistung auch unter anspruchsvollen Arbeitsbedingungen. Es ist ein wesentliches Bauteil zur Steigerung der Betriebseffizienz und zur Unterst\u00fctzung der Sicherheit.<\/p>\n<p><strong>Eigenschaften<\/strong><br \/>\n<strong>Produktname:<\/strong> Anzeigedisplay \u2013 EJE116<br \/>\n<strong>Teilecode:<\/strong> 51540707<br \/>\n<strong>Material:<\/strong> Hochwertige elektronische Bauteile<br \/>\n<strong>Einsatzbereich:<\/strong> Gabelstapler und Industriemaschinen<br \/>\n<strong>Vorteil:<\/strong> Einfache \u00dcberwachung, lange Lebensdauer, zuverl\u00e4ssige Leistung<\/p>\n","protected":false},"featured_media":18336,"template":"","meta":[],"product_brand":[],"product_cat":[431],"product_tag":[],"class_list":{"0":"post-18332","1":"product","2":"type-product","3":"status-publish","4":"has-post-thumbnail","6":"product_cat-ekranlar-ve-kartlar","8":"first","9":"instock","10":"taxable","11":"shipping-taxable","12":"purchasable","13":"product-type-simple"},"_links":{"self":[{"href":"https:\/\/ceoparts.com\/de\/wp-json\/wp\/v2\/product\/18332","targetHints":{"allow":["GET"]}}],"collection":[{"href":"https:\/\/ceoparts.com\/de\/wp-json\/wp\/v2\/product"}],"about":[{"href":"https:\/\/ceoparts.com\/de\/wp-json\/wp\/v2\/types\/product"}],"wp:featuredmedia":[{"embeddable":true,"href":"https:\/\/ceoparts.com\/de\/wp-json\/wp\/v2\/media\/18336"}],"wp:attachment":[{"href":"https:\/\/ceoparts.com\/de\/wp-json\/wp\/v2\/media?parent=18332"}],"wp:term":[{"taxonomy":"product_brand","embeddable":true,"href":"https:\/\/ceoparts.com\/de\/wp-json\/wp\/v2\/product_brand?post=18332"},{"taxonomy":"product_cat","embeddable":true,"href":"https:\/\/ceoparts.com\/de\/wp-json\/wp\/v2\/product_cat?post=18332"},{"taxonomy":"product_tag","embeddable":true,"href":"https:\/\/ceoparts.com\/de\/wp-json\/wp\/v2\/product_tag?post=18332"}],"curies":[{"name":"wp","href":"https:\/\/api.w.org\/{rel}","templated":true}]}}