{"id":18338,"date":"2025-09-15T14:28:11","date_gmt":"2025-09-15T11:28:11","guid":{"rendered":"https:\/\/ceoparts.com\/?post_type=product&#038;p=18338"},"modified":"2026-05-16T15:54:56","modified_gmt":"2026-05-16T12:54:56","slug":"bt-lpe200-kapak-7553211","status":"publish","type":"product","link":"https:\/\/ceoparts.com\/de\/urun\/bt-lpe200-kapak-7553211\/","title":{"rendered":"BT LPE200 Abdeckung \u2013 7553211"},"content":{"rendered":"<p>BT LPE200 Abdeckung \u2013 7553211<\/p>","protected":false},"excerpt":{"rendered":"<p>Die BT LPE200 Abdeckung \u2013 7553211 wurde entwickelt, um den Motor und andere kritische Komponenten in Gabelstaplern und Industriemaschinen zu sch\u00fctzen. Das langlebige Material gew\u00e4hrleistet eine lange Lebensdauer und zuverl\u00e4ssige Leistung auch unter anspruchsvollen Arbeitsbedingungen. Es ist ein wesentliches Bauteil zur Verbesserung der Betriebseffizienz und Sicherheit.<\/p>\n<p><strong>Eigenschaften<\/strong><br \/>\n<strong>Produktname:<\/strong> BT LPE200 Abdeckung<br \/>\n<strong>Teilecode:<\/strong> 7553211<br \/>\n<strong>Material:<\/strong> Langlebige Metall-\/Kunststofflegierung<br \/>\n<strong>Einsatzbereich:<\/strong> Gabelstapler und Industriemaschinen<br \/>\n<strong>Vorteil:<\/strong> Lange Lebensdauer, sichere Anwendung, hohe Haltbarkeit<\/p>\n","protected":false},"featured_media":18341,"template":"","meta":[],"product_brand":[],"product_cat":[472,251,518],"product_tag":[],"class_list":{"0":"post-18338","1":"product","2":"type-product","3":"status-publish","4":"has-post-thumbnail","6":"product_cat-kaporta-aksami","7":"product_cat-bt","8":"product_cat-yedek-parca-bt","10":"first","11":"instock","12":"taxable","13":"shipping-taxable","14":"purchasable","15":"product-type-simple"},"_links":{"self":[{"href":"https:\/\/ceoparts.com\/de\/wp-json\/wp\/v2\/product\/18338","targetHints":{"allow":["GET"]}}],"collection":[{"href":"https:\/\/ceoparts.com\/de\/wp-json\/wp\/v2\/product"}],"about":[{"href":"https:\/\/ceoparts.com\/de\/wp-json\/wp\/v2\/types\/product"}],"wp:featuredmedia":[{"embeddable":true,"href":"https:\/\/ceoparts.com\/de\/wp-json\/wp\/v2\/media\/18341"}],"wp:attachment":[{"href":"https:\/\/ceoparts.com\/de\/wp-json\/wp\/v2\/media?parent=18338"}],"wp:term":[{"taxonomy":"product_brand","embeddable":true,"href":"https:\/\/ceoparts.com\/de\/wp-json\/wp\/v2\/product_brand?post=18338"},{"taxonomy":"product_cat","embeddable":true,"href":"https:\/\/ceoparts.com\/de\/wp-json\/wp\/v2\/product_cat?post=18338"},{"taxonomy":"product_tag","embeddable":true,"href":"https:\/\/ceoparts.com\/de\/wp-json\/wp\/v2\/product_tag?post=18338"}],"curies":[{"name":"wp","href":"https:\/\/api.w.org\/{rel}","templated":true}]}}