{"id":18372,"date":"2025-09-20T12:09:14","date_gmt":"2025-09-20T09:09:14","guid":{"rendered":"https:\/\/ceoparts.com\/?post_type=product&#038;p=18372"},"modified":"2026-05-17T02:13:45","modified_gmt":"2026-05-16T23:13:45","slug":"rema-sr50a-aku-soketi-kirmizi","status":"publish","type":"product","link":"https:\/\/ceoparts.com\/de\/urun\/rema-sr50a-aku-soketi-kirmizi\/","title":{"rendered":"Rema SR50A Batteriestecker Rot"},"content":{"rendered":"<p>Rema SR50A Batteriestecker Rot<\/p>","protected":false},"excerpt":{"rendered":"<p data-start=\"1395\" data-end=\"1645\"><strong data-start=\"1395\" data-end=\"1434\">Rema SR 50A Roter Batterieanschluss<\/strong> ist f\u00fcr sichere Batterieverbindungen in Gabelstaplern, Lagerger\u00e4ten und anderen Elektrofahrzeugen konzipiert. Die hohe Stromtragf\u00e4higkeit gew\u00e4hrleistet eine sichere und unterbrechungsfreie Energie\u00fcbertragung.<\/p>\n<p data-start=\"1647\" data-end=\"1667\"><strong data-start=\"1647\" data-end=\"1665\">Eigenschaften:<\/strong><\/p>\n<ul data-start=\"1668\" data-end=\"2049\">\n<li data-start=\"1668\" data-end=\"1724\">\n<p data-start=\"1670\" data-end=\"1724\"><strong data-start=\"1670\" data-end=\"1686\">Produktname:<\/strong> Rema SR 50A Roter Batterieanschluss<\/p>\n<\/li>\n<li data-start=\"1725\" data-end=\"1761\">\n<p data-start=\"1727\" data-end=\"1761\"><strong data-start=\"1727\" data-end=\"1743\">Teilenummer:<\/strong> Nicht angegeben<\/p>\n<\/li>\n<li data-start=\"1762\" data-end=\"1830\">\n<p data-start=\"1764\" data-end=\"1830\"><strong data-start=\"1764\" data-end=\"1777\">Material:<\/strong> Robuster Kunststoff und leitf\u00e4hige Metalllegierung<\/p>\n<\/li>\n<li data-start=\"1831\" data-end=\"1931\">\n<p data-start=\"1833\" data-end=\"1931\"><strong data-start=\"1833\" data-end=\"1855\">Anwendungsbereich:<\/strong> Batterieanschluss f\u00fcr Gabelstapler, Lagerfahrzeuge und elektrische Ger\u00e4te<\/p>\n<\/li>\n<li data-start=\"1932\" data-end=\"2049\">\n<p data-start=\"1934\" data-end=\"2049\"><strong data-start=\"1934\" data-end=\"1946\">Vorteil:<\/strong> Hohe Stromtragf\u00e4higkeit, langlebige Konstruktion, sichere und unterbrechungsfreie Energie\u00fcbertragung<\/p>\n<\/li>\n<\/ul>\n","protected":false},"featured_media":18451,"template":"","meta":[],"product_brand":[],"product_cat":[444],"product_tag":[],"class_list":{"0":"post-18372","1":"product","2":"type-product","3":"status-publish","4":"has-post-thumbnail","6":"product_cat-aku-fisi","8":"first","9":"instock","10":"taxable","11":"shipping-taxable","12":"purchasable","13":"product-type-simple"},"_links":{"self":[{"href":"https:\/\/ceoparts.com\/de\/wp-json\/wp\/v2\/product\/18372","targetHints":{"allow":["GET"]}}],"collection":[{"href":"https:\/\/ceoparts.com\/de\/wp-json\/wp\/v2\/product"}],"about":[{"href":"https:\/\/ceoparts.com\/de\/wp-json\/wp\/v2\/types\/product"}],"wp:featuredmedia":[{"embeddable":true,"href":"https:\/\/ceoparts.com\/de\/wp-json\/wp\/v2\/media\/18451"}],"wp:attachment":[{"href":"https:\/\/ceoparts.com\/de\/wp-json\/wp\/v2\/media?parent=18372"}],"wp:term":[{"taxonomy":"product_brand","embeddable":true,"href":"https:\/\/ceoparts.com\/de\/wp-json\/wp\/v2\/product_brand?post=18372"},{"taxonomy":"product_cat","embeddable":true,"href":"https:\/\/ceoparts.com\/de\/wp-json\/wp\/v2\/product_cat?post=18372"},{"taxonomy":"product_tag","embeddable":true,"href":"https:\/\/ceoparts.com\/de\/wp-json\/wp\/v2\/product_tag?post=18372"}],"curies":[{"name":"wp","href":"https:\/\/api.w.org\/{rel}","templated":true}]}}