{"id":18377,"date":"2025-09-20T12:14:39","date_gmt":"2025-09-20T09:14:39","guid":{"rendered":"https:\/\/ceoparts.com\/?post_type=product&#038;p=18377"},"modified":"2026-05-16T11:51:12","modified_gmt":"2026-05-16T08:51:12","slug":"rema-sr50a-aku-soketi-gri","status":"publish","type":"product","link":"https:\/\/ceoparts.com\/de\/urun\/rema-sr50a-aku-soketi-gri\/","title":{"rendered":"Rema SR50A Batteriestecker Grau"},"content":{"rendered":"<p>Rema SR50A Batteriestecker Grau<\/p>","protected":false},"excerpt":{"rendered":"<p data-start=\"1390\" data-end=\"1641\"><strong data-start=\"1390\" data-end=\"1430\">Rema SR 50A Grauer Batterieanschluss<\/strong> ist f\u00fcr sichere Batterieverbindungen in Gabelstaplern, Lagerger\u00e4ten und anderen Elektrofahrzeugen konzipiert. Die hohe Stromtragf\u00e4higkeit gew\u00e4hrleistet eine sichere und unterbrechungsfreie Energie\u00fcbertragung.<\/p>\n<p data-start=\"1643\" data-end=\"1663\"><strong data-start=\"1643\" data-end=\"1661\">Eigenschaften:<\/strong><\/p>\n<ul data-start=\"1664\" data-end=\"2046\">\n<li data-start=\"1664\" data-end=\"1721\">\n<p data-start=\"1666\" data-end=\"1721\"><strong data-start=\"1666\" data-end=\"1682\">Produktname:<\/strong> Rema SR 50A Grauer Batterieanschluss<\/p>\n<\/li>\n<li data-start=\"1722\" data-end=\"1758\">\n<p data-start=\"1724\" data-end=\"1758\"><strong data-start=\"1724\" data-end=\"1740\">Teilenummer:<\/strong> Nicht angegeben<\/p>\n<\/li>\n<li data-start=\"1759\" data-end=\"1827\">\n<p data-start=\"1761\" data-end=\"1827\"><strong data-start=\"1761\" data-end=\"1774\">Material:<\/strong> Robuster Kunststoff und leitf\u00e4hige Metalllegierung<\/p>\n<\/li>\n<li data-start=\"1828\" data-end=\"1928\">\n<p data-start=\"1830\" data-end=\"1928\"><strong data-start=\"1830\" data-end=\"1852\">Anwendungsbereich:<\/strong> Batterieanschluss f\u00fcr Gabelstapler, Lagerfahrzeuge und elektrische Ger\u00e4te<\/p>\n<\/li>\n<li data-start=\"1929\" data-end=\"2046\">\n<p data-start=\"1931\" data-end=\"2046\"><strong data-start=\"1931\" data-end=\"1943\">Vorteil:<\/strong> Hohe Stromtragf\u00e4higkeit, langlebige Konstruktion, sichere und unterbrechungsfreie Energie\u00fcbertragung<\/p>\n<\/li>\n<\/ul>\n","protected":false},"featured_media":18454,"template":"","meta":[],"product_brand":[],"product_cat":[444],"product_tag":[],"class_list":{"0":"post-18377","1":"product","2":"type-product","3":"status-publish","4":"has-post-thumbnail","6":"product_cat-aku-fisi","8":"first","9":"instock","10":"taxable","11":"shipping-taxable","12":"purchasable","13":"product-type-simple"},"_links":{"self":[{"href":"https:\/\/ceoparts.com\/de\/wp-json\/wp\/v2\/product\/18377","targetHints":{"allow":["GET"]}}],"collection":[{"href":"https:\/\/ceoparts.com\/de\/wp-json\/wp\/v2\/product"}],"about":[{"href":"https:\/\/ceoparts.com\/de\/wp-json\/wp\/v2\/types\/product"}],"wp:featuredmedia":[{"embeddable":true,"href":"https:\/\/ceoparts.com\/de\/wp-json\/wp\/v2\/media\/18454"}],"wp:attachment":[{"href":"https:\/\/ceoparts.com\/de\/wp-json\/wp\/v2\/media?parent=18377"}],"wp:term":[{"taxonomy":"product_brand","embeddable":true,"href":"https:\/\/ceoparts.com\/de\/wp-json\/wp\/v2\/product_brand?post=18377"},{"taxonomy":"product_cat","embeddable":true,"href":"https:\/\/ceoparts.com\/de\/wp-json\/wp\/v2\/product_cat?post=18377"},{"taxonomy":"product_tag","embeddable":true,"href":"https:\/\/ceoparts.com\/de\/wp-json\/wp\/v2\/product_tag?post=18377"}],"curies":[{"name":"wp","href":"https:\/\/api.w.org\/{rel}","templated":true}]}}