{"id":18479,"date":"2025-09-30T14:04:51","date_gmt":"2025-09-30T11:04:51","guid":{"rendered":"https:\/\/ceoparts.com\/?post_type=product&#038;p=18479"},"modified":"2026-05-03T03:36:13","modified_gmt":"2026-05-03T00:36:13","slug":"ep-aku-konnektoru-ve-kablosu-1135500200f5","status":"publish","type":"product","link":"https:\/\/ceoparts.com\/de\/urun\/ep-aku-konnektoru-ve-kablosu-1135500200f5\/","title":{"rendered":"EP Batteriestecker und Kabel \u2013 1135500200F5"},"content":{"rendered":"<p>EP Batteriestecker und Kabel \u2013 1135500200F5<\/p>","protected":false},"excerpt":{"rendered":"<p data-start=\"1472\" data-end=\"1754\"><strong data-start=\"1472\" data-end=\"1521\">EP Batterieanschluss und Kabel \u2013 1135500200F5<\/strong> ist f\u00fcr sichere Batterieverbindungen und Energie\u00fcbertragung in Gabelstaplern, Lagerger\u00e4ten und anderen Elektrofahrzeugen konzipiert. Die hohe Stromtragf\u00e4higkeit gew\u00e4hrleistet eine sichere und unterbrechungsfreie Energieversorgung.<\/p>\n<p data-start=\"1756\" data-end=\"1776\"><strong data-start=\"1756\" data-end=\"1774\">Eigenschaften:<\/strong><\/p>\n<ul data-start=\"1777\" data-end=\"2150\">\n<li data-start=\"1777\" data-end=\"1828\">\n<p data-start=\"1779\" data-end=\"1828\"><strong data-start=\"1779\" data-end=\"1795\">Produktname:<\/strong> EP Batterieanschluss und Kabel<\/p>\n<\/li>\n<li data-start=\"1829\" data-end=\"1862\">\n<p data-start=\"1831\" data-end=\"1862\"><strong data-start=\"1831\" data-end=\"1847\">Teilenummer:<\/strong> 1135500200F5<\/p>\n<\/li>\n<li data-start=\"1863\" data-end=\"1931\">\n<p data-start=\"1865\" data-end=\"1931\"><strong data-start=\"1865\" data-end=\"1878\">Material:<\/strong> Robuster Kunststoff und leitf\u00e4hige Metalllegierung<\/p>\n<\/li>\n<li data-start=\"1932\" data-end=\"2032\">\n<p data-start=\"1934\" data-end=\"2032\"><strong data-start=\"1934\" data-end=\"1956\">Anwendungsbereich:<\/strong> Batterieanschluss f\u00fcr Gabelstapler, Lagerfahrzeuge und elektrische Ger\u00e4te<\/p>\n<\/li>\n<li data-start=\"2033\" data-end=\"2150\">\n<p data-start=\"2035\" data-end=\"2150\"><strong data-start=\"2035\" data-end=\"2047\">Vorteil:<\/strong> Hohe Stromtragf\u00e4higkeit, langlebige Konstruktion, sichere und unterbrechungsfreie Energie\u00fcbertragung<\/p>\n<\/li>\n<\/ul>\n","protected":false},"featured_media":18483,"template":"","meta":[],"product_brand":[],"product_cat":[443],"product_tag":[],"class_list":{"0":"post-18479","1":"product","2":"type-product","3":"status-publish","4":"has-post-thumbnail","6":"product_cat-aku-parcalari","8":"first","9":"instock","10":"taxable","11":"shipping-taxable","12":"purchasable","13":"product-type-simple"},"_links":{"self":[{"href":"https:\/\/ceoparts.com\/de\/wp-json\/wp\/v2\/product\/18479","targetHints":{"allow":["GET"]}}],"collection":[{"href":"https:\/\/ceoparts.com\/de\/wp-json\/wp\/v2\/product"}],"about":[{"href":"https:\/\/ceoparts.com\/de\/wp-json\/wp\/v2\/types\/product"}],"wp:featuredmedia":[{"embeddable":true,"href":"https:\/\/ceoparts.com\/de\/wp-json\/wp\/v2\/media\/18483"}],"wp:attachment":[{"href":"https:\/\/ceoparts.com\/de\/wp-json\/wp\/v2\/media?parent=18479"}],"wp:term":[{"taxonomy":"product_brand","embeddable":true,"href":"https:\/\/ceoparts.com\/de\/wp-json\/wp\/v2\/product_brand?post=18479"},{"taxonomy":"product_cat","embeddable":true,"href":"https:\/\/ceoparts.com\/de\/wp-json\/wp\/v2\/product_cat?post=18479"},{"taxonomy":"product_tag","embeddable":true,"href":"https:\/\/ceoparts.com\/de\/wp-json\/wp\/v2\/product_tag?post=18479"}],"curies":[{"name":"wp","href":"https:\/\/api.w.org\/{rel}","templated":true}]}}