{"id":18490,"date":"2025-09-30T15:24:22","date_gmt":"2025-09-30T12:24:22","guid":{"rendered":"https:\/\/ceoparts.com\/?post_type=product&#038;p=18490"},"modified":"2026-05-03T02:38:07","modified_gmt":"2026-05-02T23:38:07","slug":"linde-hortum-0009573191","status":"publish","type":"product","link":"https:\/\/ceoparts.com\/de\/urun\/linde-hortum-0009573191\/","title":{"rendered":"Linde Schlauch \u2013 0009573191"},"content":{"rendered":"<p>Linde Schlauch \u2013 0009573191<\/p>","protected":false},"excerpt":{"rendered":"<p data-start=\"1206\" data-end=\"1448\"><strong data-start=\"1206\" data-end=\"1237\">Linde Schlauch \u2013 0009573191<\/strong> ist f\u00fcr die Fl\u00fcssigkeits- oder Gas\u00fcbertragung in Gabelstaplern und Lagerger\u00e4ten konzipiert. Die hochfeste Konstruktion gew\u00e4hrleistet eine sichere und effiziente Nutzung auch unter anspruchsvollen Bedingungen.<\/p>\n<p data-start=\"1450\" data-end=\"1470\"><strong data-start=\"1450\" data-end=\"1468\">Eigenschaften:<\/strong><\/p>\n<ul data-start=\"1471\" data-end=\"1759\">\n<li data-start=\"1471\" data-end=\"1506\">\n<p data-start=\"1473\" data-end=\"1506\"><strong data-start=\"1473\" data-end=\"1489\">Produktname:<\/strong> Linde Schlauch<\/p>\n<\/li>\n<li data-start=\"1507\" data-end=\"1538\">\n<p data-start=\"1509\" data-end=\"1538\"><strong data-start=\"1509\" data-end=\"1525\">Teilenummer:<\/strong> 0009573191<\/p>\n<\/li>\n<li data-start=\"1539\" data-end=\"1598\">\n<p data-start=\"1541\" data-end=\"1598\"><strong data-start=\"1541\" data-end=\"1554\">Material:<\/strong> Robuster Kunststoff mit Metallverst\u00e4rkung<\/p>\n<\/li>\n<li data-start=\"1599\" data-end=\"1693\">\n<p data-start=\"1601\" data-end=\"1693\"><strong data-start=\"1601\" data-end=\"1623\">Anwendungsbereich:<\/strong> Fl\u00fcssigkeits- oder Gas\u00fcbertragung in Gabelstaplern und Lagerger\u00e4ten<\/p>\n<\/li>\n<li data-start=\"1694\" data-end=\"1759\">\n<p data-start=\"1696\" data-end=\"1759\"><strong data-start=\"1696\" data-end=\"1708\">Vorteil:<\/strong> Hohe Haltbarkeit, sichere und effiziente Nutzung<\/p>\n<\/li>\n<\/ul>\n","protected":false},"featured_media":18494,"template":"","meta":[],"product_brand":[],"product_cat":[470],"product_tag":[],"class_list":{"0":"post-18490","1":"product","2":"type-product","3":"status-publish","4":"has-post-thumbnail","6":"product_cat-diger-yedek-parcalar","8":"first","9":"instock","10":"taxable","11":"shipping-taxable","12":"purchasable","13":"product-type-simple"},"_links":{"self":[{"href":"https:\/\/ceoparts.com\/de\/wp-json\/wp\/v2\/product\/18490","targetHints":{"allow":["GET"]}}],"collection":[{"href":"https:\/\/ceoparts.com\/de\/wp-json\/wp\/v2\/product"}],"about":[{"href":"https:\/\/ceoparts.com\/de\/wp-json\/wp\/v2\/types\/product"}],"wp:featuredmedia":[{"embeddable":true,"href":"https:\/\/ceoparts.com\/de\/wp-json\/wp\/v2\/media\/18494"}],"wp:attachment":[{"href":"https:\/\/ceoparts.com\/de\/wp-json\/wp\/v2\/media?parent=18490"}],"wp:term":[{"taxonomy":"product_brand","embeddable":true,"href":"https:\/\/ceoparts.com\/de\/wp-json\/wp\/v2\/product_brand?post=18490"},{"taxonomy":"product_cat","embeddable":true,"href":"https:\/\/ceoparts.com\/de\/wp-json\/wp\/v2\/product_cat?post=18490"},{"taxonomy":"product_tag","embeddable":true,"href":"https:\/\/ceoparts.com\/de\/wp-json\/wp\/v2\/product_tag?post=18490"}],"curies":[{"name":"wp","href":"https:\/\/api.w.org\/{rel}","templated":true}]}}