{"id":18499,"date":"2025-09-30T15:43:49","date_gmt":"2025-09-30T12:43:49","guid":{"rendered":"https:\/\/ceoparts.com\/?post_type=product&#038;p=18499"},"modified":"2026-05-03T03:05:58","modified_gmt":"2026-05-03T00:05:58","slug":"linde-esnek-sekillendirilmis-hortum-3961084001","status":"publish","type":"product","link":"https:\/\/ceoparts.com\/de\/urun\/linde-esnek-sekillendirilmis-hortum-3961084001\/","title":{"rendered":"Linde Geformter Flexibler Schlauch \u2013 3961084001"},"content":{"rendered":"<p>Linde Geformter Flexibler Schlauch \u2013 3961084001<\/p>","protected":false},"excerpt":{"rendered":"<p data-start=\"1428\" data-end=\"1713\"><strong data-start=\"1428\" data-end=\"1479\">Linde Flexibler Geformter Schlauch \u2013 3961084001<\/strong> ist f\u00fcr die Fl\u00fcssigkeits- oder Gas\u00fcbertragung in Gabelstaplern und Lagerger\u00e4ten konzipiert. Die hochfeste, flexible und formbare Konstruktion gew\u00e4hrleistet eine sichere und effiziente Nutzung auch unter anspruchsvollen Bedingungen.<\/p>\n<p data-start=\"1715\" data-end=\"1735\"><strong data-start=\"1715\" data-end=\"1733\">Eigenschaften:<\/strong><\/p>\n<ul data-start=\"1736\" data-end=\"2090\">\n<li data-start=\"1736\" data-end=\"1791\">\n<p data-start=\"1738\" data-end=\"1791\"><strong data-start=\"1738\" data-end=\"1754\">Produktname:<\/strong> Linde Flexibler Geformter Schlauch<\/p>\n<\/li>\n<li data-start=\"1792\" data-end=\"1823\">\n<p data-start=\"1794\" data-end=\"1823\"><strong data-start=\"1794\" data-end=\"1810\">Teilenummer:<\/strong> 3961084001<\/p>\n<\/li>\n<li data-start=\"1824\" data-end=\"1893\">\n<p data-start=\"1826\" data-end=\"1893\"><strong data-start=\"1826\" data-end=\"1839\">Material:<\/strong> Robuster flexibler Kunststoff mit Metallverst\u00e4rkung<\/p>\n<\/li>\n<li data-start=\"1894\" data-end=\"1988\">\n<p data-start=\"1896\" data-end=\"1988\"><strong data-start=\"1896\" data-end=\"1918\">Anwendungsbereich:<\/strong> Fl\u00fcssigkeits- oder Gas\u00fcbertragung in Gabelstaplern und Lagerger\u00e4ten<\/p>\n<\/li>\n<li data-start=\"1989\" data-end=\"2090\">\n<p data-start=\"1991\" data-end=\"2090\"><strong data-start=\"1991\" data-end=\"2003\">Vorteil:<\/strong> Flexible und formbare Konstruktion, hohe Haltbarkeit, sichere und effiziente Nutzung<\/p>\n<\/li>\n<\/ul>\n","protected":false},"featured_media":18502,"template":"","meta":[],"product_brand":[],"product_cat":[470,246,523],"product_tag":[],"class_list":{"0":"post-18499","1":"product","2":"type-product","3":"status-publish","4":"has-post-thumbnail","6":"product_cat-diger-yedek-parcalar","7":"product_cat-linde","8":"product_cat-yedek-parca-linde","10":"first","11":"instock","12":"taxable","13":"shipping-taxable","14":"purchasable","15":"product-type-simple"},"_links":{"self":[{"href":"https:\/\/ceoparts.com\/de\/wp-json\/wp\/v2\/product\/18499","targetHints":{"allow":["GET"]}}],"collection":[{"href":"https:\/\/ceoparts.com\/de\/wp-json\/wp\/v2\/product"}],"about":[{"href":"https:\/\/ceoparts.com\/de\/wp-json\/wp\/v2\/types\/product"}],"wp:featuredmedia":[{"embeddable":true,"href":"https:\/\/ceoparts.com\/de\/wp-json\/wp\/v2\/media\/18502"}],"wp:attachment":[{"href":"https:\/\/ceoparts.com\/de\/wp-json\/wp\/v2\/media?parent=18499"}],"wp:term":[{"taxonomy":"product_brand","embeddable":true,"href":"https:\/\/ceoparts.com\/de\/wp-json\/wp\/v2\/product_brand?post=18499"},{"taxonomy":"product_cat","embeddable":true,"href":"https:\/\/ceoparts.com\/de\/wp-json\/wp\/v2\/product_cat?post=18499"},{"taxonomy":"product_tag","embeddable":true,"href":"https:\/\/ceoparts.com\/de\/wp-json\/wp\/v2\/product_tag?post=18499"}],"curies":[{"name":"wp","href":"https:\/\/api.w.org\/{rel}","templated":true}]}}