{"id":18508,"date":"2025-09-30T16:40:46","date_gmt":"2025-09-30T13:40:46","guid":{"rendered":"https:\/\/ceoparts.com\/?post_type=product&#038;p=18508"},"modified":"2026-05-03T04:03:34","modified_gmt":"2026-05-03T01:03:34","slug":"amortisor-linde-0009655684","status":"publish","type":"product","link":"https:\/\/ceoparts.com\/de\/urun\/amortisor-linde-0009655684\/","title":{"rendered":"Linde Sto\u00dfd\u00e4mpfer \u2013 0009655684"},"content":{"rendered":"<p>Linde Sto\u00dfd\u00e4mpfer \u2013 0009655684<\/p>","protected":false},"excerpt":{"rendered":"<p data-start=\"1287\" data-end=\"1540\"><strong data-start=\"1287\" data-end=\"1321\">Linde Sto\u00dfd\u00e4mpfer \u2013 0009655684<\/strong> ist f\u00fcr Gabelstapler und Lagerger\u00e4te konzipiert, um Vibrationen zu reduzieren und die Stabilit\u00e4t w\u00e4hrend des Betriebs zu erh\u00f6hen. Dank hochwertiger Materialien bietet er eine lange Lebensdauer und sichere Handhabung.<\/p>\n<p data-start=\"1542\" data-end=\"1562\"><strong data-start=\"1542\" data-end=\"1560\">Eigenschaften:<\/strong><\/p>\n<ul data-start=\"1563\" data-end=\"1858\">\n<li data-start=\"1563\" data-end=\"1614\">\n<p data-start=\"1565\" data-end=\"1614\"><strong data-start=\"1565\" data-end=\"1581\">Produktname:<\/strong> Linde Sto\u00dfd\u00e4mpfer \u2013 0009655684<\/p>\n<\/li>\n<li data-start=\"1615\" data-end=\"1646\">\n<p data-start=\"1617\" data-end=\"1646\"><strong data-start=\"1617\" data-end=\"1633\">Teilenummer:<\/strong> 0009655684<\/p>\n<\/li>\n<li data-start=\"1647\" data-end=\"1694\">\n<p data-start=\"1649\" data-end=\"1694\"><strong data-start=\"1649\" data-end=\"1662\">Material:<\/strong> Robustes Metall und Elastomer<\/p>\n<\/li>\n<li data-start=\"1695\" data-end=\"1775\">\n<p data-start=\"1697\" data-end=\"1775\"><strong data-start=\"1697\" data-end=\"1719\">Anwendungsbereich:<\/strong> Vibrationskontrolle in Gabelstaplern und Lagerger\u00e4ten<\/p>\n<\/li>\n<li data-start=\"1776\" data-end=\"1858\">\n<p data-start=\"1778\" data-end=\"1858\"><strong data-start=\"1778\" data-end=\"1790\">Vorteil:<\/strong> Hohe Haltbarkeit, lange Lebensdauer, stabile und sichere Bewegung<\/p>\n<\/li>\n<\/ul>\n","protected":false},"featured_media":18515,"template":"","meta":[],"product_brand":[],"product_cat":[497,246,523],"product_tag":[],"class_list":{"0":"post-18508","1":"product","2":"type-product","3":"status-publish","4":"has-post-thumbnail","6":"product_cat-amortisor-grubu","7":"product_cat-linde","8":"product_cat-yedek-parca-linde","10":"first","11":"instock","12":"taxable","13":"shipping-taxable","14":"purchasable","15":"product-type-simple"},"_links":{"self":[{"href":"https:\/\/ceoparts.com\/de\/wp-json\/wp\/v2\/product\/18508","targetHints":{"allow":["GET"]}}],"collection":[{"href":"https:\/\/ceoparts.com\/de\/wp-json\/wp\/v2\/product"}],"about":[{"href":"https:\/\/ceoparts.com\/de\/wp-json\/wp\/v2\/types\/product"}],"wp:featuredmedia":[{"embeddable":true,"href":"https:\/\/ceoparts.com\/de\/wp-json\/wp\/v2\/media\/18515"}],"wp:attachment":[{"href":"https:\/\/ceoparts.com\/de\/wp-json\/wp\/v2\/media?parent=18508"}],"wp:term":[{"taxonomy":"product_brand","embeddable":true,"href":"https:\/\/ceoparts.com\/de\/wp-json\/wp\/v2\/product_brand?post=18508"},{"taxonomy":"product_cat","embeddable":true,"href":"https:\/\/ceoparts.com\/de\/wp-json\/wp\/v2\/product_cat?post=18508"},{"taxonomy":"product_tag","embeddable":true,"href":"https:\/\/ceoparts.com\/de\/wp-json\/wp\/v2\/product_tag?post=18508"}],"curies":[{"name":"wp","href":"https:\/\/api.w.org\/{rel}","templated":true}]}}