{"id":18552,"date":"2025-10-01T10:50:32","date_gmt":"2025-10-01T07:50:32","guid":{"rendered":"https:\/\/ceoparts.com\/?post_type=product&#038;p=18552"},"modified":"2026-05-02T19:46:32","modified_gmt":"2026-05-02T16:46:32","slug":"linde-aku-soketi-ve-tutamagi-11523605118","status":"publish","type":"product","link":"https:\/\/ceoparts.com\/de\/urun\/linde-aku-soketi-ve-tutamagi-11523605118\/","title":{"rendered":"Linde Batterieanschluss und Griff \u2013 11523605118"},"content":{"rendered":"<p>Linde Batterieanschluss und Griff \u2013 11523605118<\/p>","protected":false},"excerpt":{"rendered":"<p data-start=\"1711\" data-end=\"1946\">Der <strong data-start=\"1715\" data-end=\"1766\">Linde Batterieanschluss und Griff \u2013 11523605118<\/strong> wurde entwickelt, um eine sichere und einfache Batterieanbindung bei Linde-Gabelstaplern zu gew\u00e4hrleisten. Durch den ergonomischen Griff ist eine komfortable Handhabung m\u00f6glich.<\/p>\n<p data-start=\"1948\" data-end=\"1971\"><strong data-start=\"1948\" data-end=\"1969\">Technische Daten:<\/strong><\/p>\n<ul data-start=\"1972\" data-end=\"2326\">\n<li data-start=\"1972\" data-end=\"2040\">\n<p data-start=\"1974\" data-end=\"2040\"><strong data-start=\"1974\" data-end=\"1990\">Produktname:<\/strong> Linde Batterieanschluss und Griff \u2013 11523605118<\/p>\n<\/li>\n<li data-start=\"2041\" data-end=\"2073\">\n<p data-start=\"2043\" data-end=\"2073\"><strong data-start=\"2043\" data-end=\"2059\">Teilenummer:<\/strong> 11523605118<\/p>\n<\/li>\n<li data-start=\"2074\" data-end=\"2158\">\n<p data-start=\"2076\" data-end=\"2158\"><strong data-start=\"2076\" data-end=\"2089\">Material:<\/strong> Hitzebest\u00e4ndiges Kunststoffgeh\u00e4use mit leitf\u00e4higen Metallkontakten<\/p>\n<\/li>\n<li data-start=\"2159\" data-end=\"2242\">\n<p data-start=\"2161\" data-end=\"2242\"><strong data-start=\"2161\" data-end=\"2180\">Einsatzbereich:<\/strong> Batterieanschlusssysteme f\u00fcr elektrische Linde-Gabelstapler<\/p>\n<\/li>\n<li data-start=\"2243\" data-end=\"2326\">\n<p data-start=\"2245\" data-end=\"2326\"><strong data-start=\"2245\" data-end=\"2257\">Vorteil:<\/strong> Ergonomisches Design, sichere Energie\u00fcbertragung, einfache Montage<\/p>\n<\/li>\n<\/ul>\n","protected":false},"featured_media":19283,"template":"","meta":[],"product_brand":[],"product_cat":[444,246,442,523],"product_tag":[],"class_list":{"0":"post-18552","1":"product","2":"type-product","3":"status-publish","4":"has-post-thumbnail","6":"product_cat-aku-fisi","7":"product_cat-linde","8":"product_cat-aku-yedek-parcalari","9":"product_cat-yedek-parca-linde","11":"first","12":"instock","13":"taxable","14":"shipping-taxable","15":"purchasable","16":"product-type-simple"},"_links":{"self":[{"href":"https:\/\/ceoparts.com\/de\/wp-json\/wp\/v2\/product\/18552","targetHints":{"allow":["GET"]}}],"collection":[{"href":"https:\/\/ceoparts.com\/de\/wp-json\/wp\/v2\/product"}],"about":[{"href":"https:\/\/ceoparts.com\/de\/wp-json\/wp\/v2\/types\/product"}],"wp:featuredmedia":[{"embeddable":true,"href":"https:\/\/ceoparts.com\/de\/wp-json\/wp\/v2\/media\/19283"}],"wp:attachment":[{"href":"https:\/\/ceoparts.com\/de\/wp-json\/wp\/v2\/media?parent=18552"}],"wp:term":[{"taxonomy":"product_brand","embeddable":true,"href":"https:\/\/ceoparts.com\/de\/wp-json\/wp\/v2\/product_brand?post=18552"},{"taxonomy":"product_cat","embeddable":true,"href":"https:\/\/ceoparts.com\/de\/wp-json\/wp\/v2\/product_cat?post=18552"},{"taxonomy":"product_tag","embeddable":true,"href":"https:\/\/ceoparts.com\/de\/wp-json\/wp\/v2\/product_tag?post=18552"}],"curies":[{"name":"wp","href":"https:\/\/api.w.org\/{rel}","templated":true}]}}