{"id":18576,"date":"2025-10-01T17:08:23","date_gmt":"2025-10-01T14:08:23","guid":{"rendered":"https:\/\/ceoparts.com\/?post_type=product&#038;p=18576"},"modified":"2026-05-03T02:07:43","modified_gmt":"2026-05-02T23:07:43","slug":"kilavuz-51386546","status":"publish","type":"product","link":"https:\/\/ceoparts.com\/de\/urun\/kilavuz-51386546\/","title":{"rendered":"F\u00fchrung \u2013 51386546"},"content":{"rendered":"<p>F\u00fchrung \u2013 51386546<\/p>","protected":false},"excerpt":{"rendered":"<p data-start=\"1348\" data-end=\"1562\">Die <strong data-start=\"1352\" data-end=\"1374\">F\u00fchrung \u2013 51386546<\/strong> wird in Mast- und Schiebesystemen von Gabelstaplern eingesetzt, um eine pr\u00e4zise und gleichm\u00e4\u00dfige Bewegung zu gew\u00e4hrleisten. Sie reduziert Reibung und sch\u00fctzt vor vorzeitigem Verschlei\u00df.<\/p>\n<p data-start=\"1564\" data-end=\"1587\"><strong data-start=\"1564\" data-end=\"1585\">Technische Daten:<\/strong><\/p>\n<ul data-start=\"1588\" data-end=\"1852\">\n<li data-start=\"1588\" data-end=\"1627\">\n<p data-start=\"1590\" data-end=\"1627\"><strong data-start=\"1590\" data-end=\"1606\">Produktname:<\/strong> F\u00fchrung \u2013 51386546<\/p>\n<\/li>\n<li data-start=\"1628\" data-end=\"1657\">\n<p data-start=\"1630\" data-end=\"1657\"><strong data-start=\"1630\" data-end=\"1646\">Teilenummer:<\/strong> 51386546<\/p>\n<\/li>\n<li data-start=\"1658\" data-end=\"1727\">\n<p data-start=\"1660\" data-end=\"1727\"><strong data-start=\"1660\" data-end=\"1673\">Material:<\/strong> Verschlei\u00dffeste Legierung oder Hochleistungspolymer<\/p>\n<\/li>\n<li data-start=\"1728\" data-end=\"1795\">\n<p data-start=\"1730\" data-end=\"1795\"><strong data-start=\"1730\" data-end=\"1749\">Einsatzbereich:<\/strong> Mast- und F\u00fchrungssysteme von Gabelstaplern<\/p>\n<\/li>\n<li data-start=\"1796\" data-end=\"1852\">\n<p data-start=\"1798\" data-end=\"1852\"><strong data-start=\"1798\" data-end=\"1810\">Vorteil:<\/strong> Langlebig, ger\u00e4uscharm, geringe Reibung<\/p>\n<\/li>\n<\/ul>\n","protected":false},"featured_media":18580,"template":"","meta":[],"product_brand":[],"product_cat":[472],"product_tag":[],"class_list":{"0":"post-18576","1":"product","2":"type-product","3":"status-publish","4":"has-post-thumbnail","6":"product_cat-kaporta-aksami","8":"first","9":"instock","10":"taxable","11":"shipping-taxable","12":"purchasable","13":"product-type-simple"},"_links":{"self":[{"href":"https:\/\/ceoparts.com\/de\/wp-json\/wp\/v2\/product\/18576","targetHints":{"allow":["GET"]}}],"collection":[{"href":"https:\/\/ceoparts.com\/de\/wp-json\/wp\/v2\/product"}],"about":[{"href":"https:\/\/ceoparts.com\/de\/wp-json\/wp\/v2\/types\/product"}],"wp:featuredmedia":[{"embeddable":true,"href":"https:\/\/ceoparts.com\/de\/wp-json\/wp\/v2\/media\/18580"}],"wp:attachment":[{"href":"https:\/\/ceoparts.com\/de\/wp-json\/wp\/v2\/media?parent=18576"}],"wp:term":[{"taxonomy":"product_brand","embeddable":true,"href":"https:\/\/ceoparts.com\/de\/wp-json\/wp\/v2\/product_brand?post=18576"},{"taxonomy":"product_cat","embeddable":true,"href":"https:\/\/ceoparts.com\/de\/wp-json\/wp\/v2\/product_cat?post=18576"},{"taxonomy":"product_tag","embeddable":true,"href":"https:\/\/ceoparts.com\/de\/wp-json\/wp\/v2\/product_tag?post=18576"}],"curies":[{"name":"wp","href":"https:\/\/api.w.org\/{rel}","templated":true}]}}