{"id":18588,"date":"2025-10-02T09:25:38","date_gmt":"2025-10-02T06:25:38","guid":{"rendered":"https:\/\/ceoparts.com\/?post_type=product&#038;p=18588"},"modified":"2026-05-03T03:05:54","modified_gmt":"2026-05-03T00:05:54","slug":"aku-mentesesi-ust-51294591","status":"publish","type":"product","link":"https:\/\/ceoparts.com\/de\/urun\/aku-mentesesi-ust-51294591\/","title":{"rendered":"Batteriescharnier Oben \u2013 51294591"},"content":{"rendered":"<p>Batteriescharnier Oben \u2013 51294591<\/p>","protected":false},"excerpt":{"rendered":"<p data-start=\"1421\" data-end=\"1646\">Das <strong data-start=\"1425\" data-end=\"1462\">Batteriescharnier Oben \u2013 51294591<\/strong> sorgt f\u00fcr ein sicheres \u00d6ffnen und Schlie\u00dfen der Batteriedeckel von Gabelstaplern. Es besteht aus verzinktem Stahl und bietet eine hohe Korrosionsbest\u00e4ndigkeit und lange Haltbarkeit.<\/p>\n<p data-start=\"1648\" data-end=\"1671\"><strong data-start=\"1648\" data-end=\"1669\">Technische Daten:<\/strong><\/p>\n<ul data-start=\"1672\" data-end=\"1934\">\n<li data-start=\"1672\" data-end=\"1726\">\n<p data-start=\"1674\" data-end=\"1726\"><strong data-start=\"1674\" data-end=\"1690\">Produktname:<\/strong> Batteriescharnier Oben \u2013 51294591<\/p>\n<\/li>\n<li data-start=\"1727\" data-end=\"1756\">\n<p data-start=\"1729\" data-end=\"1756\"><strong data-start=\"1729\" data-end=\"1745\">Teilenummer:<\/strong> 51294591<\/p>\n<\/li>\n<li data-start=\"1757\" data-end=\"1791\">\n<p data-start=\"1759\" data-end=\"1791\"><strong data-start=\"1759\" data-end=\"1772\">Material:<\/strong> Verzinkter Stahl<\/p>\n<\/li>\n<li data-start=\"1792\" data-end=\"1866\">\n<p data-start=\"1794\" data-end=\"1866\"><strong data-start=\"1794\" data-end=\"1813\">Einsatzbereich:<\/strong> Batteriedeckel-Befestigungssystem f\u00fcr Gabelstapler<\/p>\n<\/li>\n<li data-start=\"1867\" data-end=\"1934\">\n<p data-start=\"1869\" data-end=\"1934\"><strong data-start=\"1869\" data-end=\"1881\">Vorteil:<\/strong> Rostschutz, einfache Montage, langlebig, passgenau<\/p>\n<\/li>\n<\/ul>\n","protected":false},"featured_media":18591,"template":"","meta":[],"product_brand":[],"product_cat":[443,442],"product_tag":[],"class_list":{"0":"post-18588","1":"product","2":"type-product","3":"status-publish","4":"has-post-thumbnail","6":"product_cat-aku-parcalari","7":"product_cat-aku-yedek-parcalari","9":"first","10":"instock","11":"taxable","12":"shipping-taxable","13":"purchasable","14":"product-type-simple"},"_links":{"self":[{"href":"https:\/\/ceoparts.com\/de\/wp-json\/wp\/v2\/product\/18588","targetHints":{"allow":["GET"]}}],"collection":[{"href":"https:\/\/ceoparts.com\/de\/wp-json\/wp\/v2\/product"}],"about":[{"href":"https:\/\/ceoparts.com\/de\/wp-json\/wp\/v2\/types\/product"}],"wp:featuredmedia":[{"embeddable":true,"href":"https:\/\/ceoparts.com\/de\/wp-json\/wp\/v2\/media\/18591"}],"wp:attachment":[{"href":"https:\/\/ceoparts.com\/de\/wp-json\/wp\/v2\/media?parent=18588"}],"wp:term":[{"taxonomy":"product_brand","embeddable":true,"href":"https:\/\/ceoparts.com\/de\/wp-json\/wp\/v2\/product_brand?post=18588"},{"taxonomy":"product_cat","embeddable":true,"href":"https:\/\/ceoparts.com\/de\/wp-json\/wp\/v2\/product_cat?post=18588"},{"taxonomy":"product_tag","embeddable":true,"href":"https:\/\/ceoparts.com\/de\/wp-json\/wp\/v2\/product_tag?post=18588"}],"curies":[{"name":"wp","href":"https:\/\/api.w.org\/{rel}","templated":true}]}}