{"id":18592,"date":"2025-10-02T09:30:39","date_gmt":"2025-10-02T06:30:39","guid":{"rendered":"https:\/\/ceoparts.com\/?post_type=product&#038;p=18592"},"modified":"2026-05-03T03:36:07","modified_gmt":"2026-05-03T00:36:07","slug":"aku-mentesesi-alt-51294592","status":"publish","type":"product","link":"https:\/\/ceoparts.com\/de\/urun\/aku-mentesesi-alt-51294592\/","title":{"rendered":"Batteriescharnier Unten \u2013 51294592"},"content":{"rendered":"<p>Batteriescharnier Unten \u2013 51294592<\/p>","protected":false},"excerpt":{"rendered":"<p data-start=\"1438\" data-end=\"1679\">Das <strong data-start=\"1442\" data-end=\"1480\">Batteriescharnier Unten \u2013 51294592<\/strong> wird an der unteren Verbindung des Batteriedeckels von Gabelstaplern verwendet und sorgt f\u00fcr einen sicheren und stabilen Betrieb. Hergestellt aus verzinktem Stahl f\u00fcr hohe Korrosionsbest\u00e4ndigkeit.<\/p>\n<p data-start=\"1681\" data-end=\"1704\"><strong data-start=\"1681\" data-end=\"1702\">Technische Daten:<\/strong><\/p>\n<ul data-start=\"1705\" data-end=\"1978\">\n<li data-start=\"1705\" data-end=\"1760\">\n<p data-start=\"1707\" data-end=\"1760\"><strong data-start=\"1707\" data-end=\"1723\">Produktname:<\/strong> Batteriescharnier Unten \u2013 51294592<\/p>\n<\/li>\n<li data-start=\"1761\" data-end=\"1790\">\n<p data-start=\"1763\" data-end=\"1790\"><strong data-start=\"1763\" data-end=\"1779\">Teilenummer:<\/strong> 51294592<\/p>\n<\/li>\n<li data-start=\"1791\" data-end=\"1825\">\n<p data-start=\"1793\" data-end=\"1825\"><strong data-start=\"1793\" data-end=\"1806\">Material:<\/strong> Verzinkter Stahl<\/p>\n<\/li>\n<li data-start=\"1826\" data-end=\"1904\">\n<p data-start=\"1828\" data-end=\"1904\"><strong data-start=\"1828\" data-end=\"1847\">Einsatzbereich:<\/strong> Unteres Scharnier f\u00fcr Batteriedeckel von Gabelstaplern<\/p>\n<\/li>\n<li data-start=\"1905\" data-end=\"1978\">\n<p data-start=\"1907\" data-end=\"1978\"><strong data-start=\"1907\" data-end=\"1919\">Vorteil:<\/strong> Rostschutz, hohe Stabilit\u00e4t, einfache Montage, langlebig<\/p>\n<\/li>\n<\/ul>\n","protected":false},"featured_media":18593,"template":"","meta":[],"product_brand":[],"product_cat":[443,442],"product_tag":[],"class_list":{"0":"post-18592","1":"product","2":"type-product","3":"status-publish","4":"has-post-thumbnail","6":"product_cat-aku-parcalari","7":"product_cat-aku-yedek-parcalari","9":"first","10":"instock","11":"taxable","12":"shipping-taxable","13":"purchasable","14":"product-type-simple"},"_links":{"self":[{"href":"https:\/\/ceoparts.com\/de\/wp-json\/wp\/v2\/product\/18592","targetHints":{"allow":["GET"]}}],"collection":[{"href":"https:\/\/ceoparts.com\/de\/wp-json\/wp\/v2\/product"}],"about":[{"href":"https:\/\/ceoparts.com\/de\/wp-json\/wp\/v2\/types\/product"}],"wp:featuredmedia":[{"embeddable":true,"href":"https:\/\/ceoparts.com\/de\/wp-json\/wp\/v2\/media\/18593"}],"wp:attachment":[{"href":"https:\/\/ceoparts.com\/de\/wp-json\/wp\/v2\/media?parent=18592"}],"wp:term":[{"taxonomy":"product_brand","embeddable":true,"href":"https:\/\/ceoparts.com\/de\/wp-json\/wp\/v2\/product_brand?post=18592"},{"taxonomy":"product_cat","embeddable":true,"href":"https:\/\/ceoparts.com\/de\/wp-json\/wp\/v2\/product_cat?post=18592"},{"taxonomy":"product_tag","embeddable":true,"href":"https:\/\/ceoparts.com\/de\/wp-json\/wp\/v2\/product_tag?post=18592"}],"curies":[{"name":"wp","href":"https:\/\/api.w.org\/{rel}","templated":true}]}}