{"id":18602,"date":"2025-10-04T09:23:56","date_gmt":"2025-10-04T06:23:56","guid":{"rendered":"https:\/\/ceoparts.com\/?post_type=product&#038;p=18602"},"modified":"2026-05-03T04:29:52","modified_gmt":"2026-05-03T01:29:52","slug":"jungheinrich-o-ring-51279447","status":"publish","type":"product","link":"https:\/\/ceoparts.com\/de\/urun\/jungheinrich-o-ring-51279447\/","title":{"rendered":"Jungheinrich O-Ring \u2013 51279447"},"content":{"rendered":"<p>Jungheinrich O-Ring \u2013 51279447<\/p>","protected":false},"excerpt":{"rendered":"<p data-start=\"1516\" data-end=\"1760\">Der <strong data-start=\"1520\" data-end=\"1554\">Jungheinrich O-Ring \u2013 51279447<\/strong> ist ein originales Dichtungselement, das in den Hydrauliksystemen und \u00d6lleitungen von Jungheinrich-Gabelstaplern verwendet wird. Er bietet eine hervorragende Best\u00e4ndigkeit gegen Druck, \u00d6l und Temperatur.<\/p>\n<p data-start=\"1762\" data-end=\"1785\"><strong data-start=\"1762\" data-end=\"1783\">Technische Daten:<\/strong><\/p>\n<ul data-start=\"1786\" data-end=\"2082\">\n<li data-start=\"1786\" data-end=\"1837\">\n<p data-start=\"1788\" data-end=\"1837\"><strong data-start=\"1788\" data-end=\"1804\">Produktname:<\/strong> Jungheinrich O-Ring \u2013 51279447<\/p>\n<\/li>\n<li data-start=\"1838\" data-end=\"1867\">\n<p data-start=\"1840\" data-end=\"1867\"><strong data-start=\"1840\" data-end=\"1856\">Teilenummer:<\/strong> 51279447<\/p>\n<\/li>\n<li data-start=\"1868\" data-end=\"1935\">\n<p data-start=\"1870\" data-end=\"1935\"><strong data-start=\"1870\" data-end=\"1883\">Material:<\/strong> NBR- oder Viton-Gummi \u2013 hitze- und druckbest\u00e4ndig<\/p>\n<\/li>\n<li data-start=\"1936\" data-end=\"2006\">\n<p data-start=\"1938\" data-end=\"2006\"><strong data-start=\"1938\" data-end=\"1957\">Einsatzbereich:<\/strong> Hydraulikanschl\u00fcsse, Ventile, Zylinder, Pumpen<\/p>\n<\/li>\n<li data-start=\"2007\" data-end=\"2082\">\n<p data-start=\"2009\" data-end=\"2082\"><strong data-start=\"2009\" data-end=\"2021\">Vorteil:<\/strong> Hohe Dichtheit, chemische Best\u00e4ndigkeit, lange Lebensdauer<\/p>\n<\/li>\n<\/ul>\n","protected":false},"featured_media":18604,"template":"","meta":[],"product_brand":[],"product_cat":[470,236,246,522,523],"product_tag":[],"class_list":{"0":"post-18602","1":"product","2":"type-product","3":"status-publish","4":"has-post-thumbnail","6":"product_cat-diger-yedek-parcalar","7":"product_cat-jungheinrich","8":"product_cat-linde","9":"product_cat-yedek-parca-jungheinrich","10":"product_cat-yedek-parca-linde","12":"first","13":"instock","14":"taxable","15":"shipping-taxable","16":"purchasable","17":"product-type-simple"},"_links":{"self":[{"href":"https:\/\/ceoparts.com\/de\/wp-json\/wp\/v2\/product\/18602","targetHints":{"allow":["GET"]}}],"collection":[{"href":"https:\/\/ceoparts.com\/de\/wp-json\/wp\/v2\/product"}],"about":[{"href":"https:\/\/ceoparts.com\/de\/wp-json\/wp\/v2\/types\/product"}],"wp:featuredmedia":[{"embeddable":true,"href":"https:\/\/ceoparts.com\/de\/wp-json\/wp\/v2\/media\/18604"}],"wp:attachment":[{"href":"https:\/\/ceoparts.com\/de\/wp-json\/wp\/v2\/media?parent=18602"}],"wp:term":[{"taxonomy":"product_brand","embeddable":true,"href":"https:\/\/ceoparts.com\/de\/wp-json\/wp\/v2\/product_brand?post=18602"},{"taxonomy":"product_cat","embeddable":true,"href":"https:\/\/ceoparts.com\/de\/wp-json\/wp\/v2\/product_cat?post=18602"},{"taxonomy":"product_tag","embeddable":true,"href":"https:\/\/ceoparts.com\/de\/wp-json\/wp\/v2\/product_tag?post=18602"}],"curies":[{"name":"wp","href":"https:\/\/api.w.org\/{rel}","templated":true}]}}