{"id":18627,"date":"2025-10-06T17:07:28","date_gmt":"2025-10-06T14:07:28","guid":{"rendered":"https:\/\/ceoparts.com\/?post_type=product&#038;p=18627"},"modified":"2026-05-03T06:38:31","modified_gmt":"2026-05-03T03:38:31","slug":"jungheinrich-kece-51258792","status":"publish","type":"product","link":"https:\/\/ceoparts.com\/de\/urun\/jungheinrich-kece-51258792\/","title":{"rendered":"Jungheinrich Dichtung \u2013 51258792"},"content":{"rendered":"<p>Jungheinrich Dichtung \u2013 51258792<\/p>","protected":false},"excerpt":{"rendered":"<p data-start=\"1707\" data-end=\"1895\">Die <strong data-start=\"1711\" data-end=\"1747\">Jungheinrich Dichtung \u2013 51258792<\/strong> ist eine originale Wellendichtung f\u00fcr Jungheinrich-Gabelstapler. Sie sorgt f\u00fcr zuverl\u00e4ssige Abdichtung in Hydraulik-, Achs- und Antriebssystemen.<\/p>\n<p data-start=\"1897\" data-end=\"1920\"><strong data-start=\"1897\" data-end=\"1918\">Technische Daten:<\/strong><\/p>\n<ul data-start=\"1921\" data-end=\"2219\">\n<li data-start=\"1921\" data-end=\"1974\">\n<p data-start=\"1923\" data-end=\"1974\"><strong data-start=\"1923\" data-end=\"1939\">Produktname:<\/strong> Jungheinrich Dichtung \u2013 51258792<\/p>\n<\/li>\n<li data-start=\"1975\" data-end=\"2004\">\n<p data-start=\"1977\" data-end=\"2004\"><strong data-start=\"1977\" data-end=\"1993\">Teilenummer:<\/strong> 51258792<\/p>\n<\/li>\n<li data-start=\"2005\" data-end=\"2054\">\n<p data-start=\"2007\" data-end=\"2054\"><strong data-start=\"2007\" data-end=\"2020\">Material:<\/strong> Hochwertiges NBR \/ PU-Elastomer<\/p>\n<\/li>\n<li data-start=\"2055\" data-end=\"2098\">\n<p data-start=\"2057\" data-end=\"2098\"><strong data-start=\"2057\" data-end=\"2079\">Temperaturbereich:<\/strong> -30\u00b0C bis +110\u00b0C<\/p>\n<\/li>\n<li data-start=\"2099\" data-end=\"2163\">\n<p data-start=\"2101\" data-end=\"2163\"><strong data-start=\"2101\" data-end=\"2120\">Einsatzbereich:<\/strong> Hydraulikzylinder, Radlager, Achssysteme<\/p>\n<\/li>\n<li data-start=\"2164\" data-end=\"2219\">\n<p data-start=\"2166\" data-end=\"2219\"><strong data-start=\"2166\" data-end=\"2178\">Vorteil:<\/strong> Langlebigkeit, Dichtheit, OEM-Qualit\u00e4t<\/p>\n<\/li>\n<\/ul>\n","protected":false},"featured_media":18630,"template":"","meta":[],"product_brand":[],"product_cat":[470,236,246,522,523],"product_tag":[],"class_list":{"0":"post-18627","1":"product","2":"type-product","3":"status-publish","4":"has-post-thumbnail","6":"product_cat-diger-yedek-parcalar","7":"product_cat-jungheinrich","8":"product_cat-linde","9":"product_cat-yedek-parca-jungheinrich","10":"product_cat-yedek-parca-linde","12":"first","13":"instock","14":"taxable","15":"shipping-taxable","16":"purchasable","17":"product-type-simple"},"_links":{"self":[{"href":"https:\/\/ceoparts.com\/de\/wp-json\/wp\/v2\/product\/18627","targetHints":{"allow":["GET"]}}],"collection":[{"href":"https:\/\/ceoparts.com\/de\/wp-json\/wp\/v2\/product"}],"about":[{"href":"https:\/\/ceoparts.com\/de\/wp-json\/wp\/v2\/types\/product"}],"wp:featuredmedia":[{"embeddable":true,"href":"https:\/\/ceoparts.com\/de\/wp-json\/wp\/v2\/media\/18630"}],"wp:attachment":[{"href":"https:\/\/ceoparts.com\/de\/wp-json\/wp\/v2\/media?parent=18627"}],"wp:term":[{"taxonomy":"product_brand","embeddable":true,"href":"https:\/\/ceoparts.com\/de\/wp-json\/wp\/v2\/product_brand?post=18627"},{"taxonomy":"product_cat","embeddable":true,"href":"https:\/\/ceoparts.com\/de\/wp-json\/wp\/v2\/product_cat?post=18627"},{"taxonomy":"product_tag","embeddable":true,"href":"https:\/\/ceoparts.com\/de\/wp-json\/wp\/v2\/product_tag?post=18627"}],"curies":[{"name":"wp","href":"https:\/\/api.w.org\/{rel}","templated":true}]}}