{"id":18664,"date":"2025-10-07T17:36:04","date_gmt":"2025-10-07T14:36:04","guid":{"rendered":"https:\/\/ceoparts.com\/?post_type=product&#038;p=18664"},"modified":"2026-05-03T04:29:16","modified_gmt":"2026-05-03T01:29:16","slug":"jungheinrich-enduktif-sensor-50424639","status":"publish","type":"product","link":"https:\/\/ceoparts.com\/de\/urun\/jungheinrich-enduktif-sensor-50424639\/","title":{"rendered":"Jungheinrich Induktiver Sensor \u2013 50424639"},"content":{"rendered":"<p>Jungheinrich Induktiver Sensor \u2013 50424639<\/p>","protected":false},"excerpt":{"rendered":"<p data-start=\"1953\" data-end=\"2195\">Der <strong data-start=\"1957\" data-end=\"2001\">Jungheinrich Induktive Sensor \u2013 50424639<\/strong> ist ein Originalsensor zur ber\u00fchrungslosen Erkennung von Metallobjekten in Jungheinrich-Gabelstaplern. Er bietet pr\u00e4zise Erfassung und hohe Zuverl\u00e4ssigkeit auch unter schwierigen Bedingungen.<\/p>\n<p data-start=\"2197\" data-end=\"2220\"><strong data-start=\"2197\" data-end=\"2218\">Technische Daten:<\/strong><\/p>\n<ul data-start=\"2221\" data-end=\"2611\">\n<li data-start=\"2221\" data-end=\"2283\">\n<p data-start=\"2223\" data-end=\"2283\"><strong data-start=\"2223\" data-end=\"2239\">Produktname:<\/strong> Jungheinrich Induktiver Sensor \u2013 50424639<\/p>\n<\/li>\n<li data-start=\"2284\" data-end=\"2313\">\n<p data-start=\"2286\" data-end=\"2313\"><strong data-start=\"2286\" data-end=\"2302\">Teilenummer:<\/strong> 50424639<\/p>\n<\/li>\n<li data-start=\"2314\" data-end=\"2341\">\n<p data-start=\"2316\" data-end=\"2341\"><strong data-start=\"2316\" data-end=\"2329\">Spannung:<\/strong> 10\u201330V DC<\/p>\n<\/li>\n<li data-start=\"2342\" data-end=\"2384\">\n<p data-start=\"2344\" data-end=\"2384\"><strong data-start=\"2344\" data-end=\"2356\">Ausgang:<\/strong> PNP \/ NO (modellabh\u00e4ngig)<\/p>\n<\/li>\n<li data-start=\"2385\" data-end=\"2418\">\n<p data-start=\"2387\" data-end=\"2418\"><strong data-start=\"2387\" data-end=\"2409\">Erfassungsabstand:<\/strong> 2\u20138 mm<\/p>\n<\/li>\n<li data-start=\"2419\" data-end=\"2473\">\n<p data-start=\"2421\" data-end=\"2473\"><strong data-start=\"2421\" data-end=\"2435\">Anschluss:<\/strong> M12-Stecker oder integriertes Kabel<\/p>\n<\/li>\n<li data-start=\"2474\" data-end=\"2546\">\n<p data-start=\"2476\" data-end=\"2546\"><strong data-start=\"2476\" data-end=\"2495\">Einsatzbereich:<\/strong> Fahr-, Lenk- und Hubsysteme Jungheinrich-Stapler<\/p>\n<\/li>\n<li data-start=\"2547\" data-end=\"2611\">\n<p data-start=\"2549\" data-end=\"2611\"><strong data-start=\"2549\" data-end=\"2561\">Vorteil:<\/strong> Pr\u00e4zision, Wartungsfreiheit, IP67, OEM-Qualit\u00e4t<\/p>\n<\/li>\n<\/ul>\n","protected":false},"featured_media":18667,"template":"","meta":[],"product_brand":[],"product_cat":[469,236,522],"product_tag":[],"class_list":{"0":"post-18664","1":"product","2":"type-product","3":"status-publish","4":"has-post-thumbnail","6":"product_cat-elektrik-ve-sistem-parcalari","7":"product_cat-jungheinrich","8":"product_cat-yedek-parca-jungheinrich","10":"first","11":"instock","12":"taxable","13":"shipping-taxable","14":"purchasable","15":"product-type-simple"},"_links":{"self":[{"href":"https:\/\/ceoparts.com\/de\/wp-json\/wp\/v2\/product\/18664","targetHints":{"allow":["GET"]}}],"collection":[{"href":"https:\/\/ceoparts.com\/de\/wp-json\/wp\/v2\/product"}],"about":[{"href":"https:\/\/ceoparts.com\/de\/wp-json\/wp\/v2\/types\/product"}],"wp:featuredmedia":[{"embeddable":true,"href":"https:\/\/ceoparts.com\/de\/wp-json\/wp\/v2\/media\/18667"}],"wp:attachment":[{"href":"https:\/\/ceoparts.com\/de\/wp-json\/wp\/v2\/media?parent=18664"}],"wp:term":[{"taxonomy":"product_brand","embeddable":true,"href":"https:\/\/ceoparts.com\/de\/wp-json\/wp\/v2\/product_brand?post=18664"},{"taxonomy":"product_cat","embeddable":true,"href":"https:\/\/ceoparts.com\/de\/wp-json\/wp\/v2\/product_cat?post=18664"},{"taxonomy":"product_tag","embeddable":true,"href":"https:\/\/ceoparts.com\/de\/wp-json\/wp\/v2\/product_tag?post=18664"}],"curies":[{"name":"wp","href":"https:\/\/api.w.org\/{rel}","templated":true}]}}