{"id":18669,"date":"2025-10-08T09:31:45","date_gmt":"2025-10-08T06:31:45","guid":{"rendered":"https:\/\/ceoparts.com\/?post_type=product&#038;p=18669"},"modified":"2026-05-03T04:03:33","modified_gmt":"2026-05-03T01:03:33","slug":"jungheinrich-sizdirmazlik-kiti-ulasim-silindiri-50105674","status":"publish","type":"product","link":"https:\/\/ceoparts.com\/de\/urun\/jungheinrich-sizdirmazlik-kiti-ulasim-silindiri-50105674\/","title":{"rendered":"Jungheinrich Dichtungssatz f\u00fcr Fahrzylinder \u2013 50105674"},"content":{"rendered":"<p>Jungheinrich Dichtungssatz f\u00fcr Fahrzylinder \u2013 50105674<\/p>","protected":false},"excerpt":{"rendered":"<p data-start=\"1971\" data-end=\"2207\">Der <strong data-start=\"1975\" data-end=\"2025\">Jungheinrich Dichtsatz Fahrzylinder \u2013 50105674<\/strong> ist ein Original-Reparatursatz f\u00fcr die Fahrhydraulikzylinder von Jungheinrich-Gabelstaplern. Er sorgt f\u00fcr optimale Abdichtung und verhindert \u00d6lleckagen unter Hochdruckbedingungen.<\/p>\n<p data-start=\"2209\" data-end=\"2232\"><strong data-start=\"2209\" data-end=\"2230\">Technische Daten:<\/strong><\/p>\n<ul data-start=\"2233\" data-end=\"2543\">\n<li data-start=\"2233\" data-end=\"2300\">\n<p data-start=\"2235\" data-end=\"2300\"><strong data-start=\"2235\" data-end=\"2251\">Produktname:<\/strong> Jungheinrich Dichtsatz Fahrzylinder \u2013 50105674<\/p>\n<\/li>\n<li data-start=\"2301\" data-end=\"2330\">\n<p data-start=\"2303\" data-end=\"2330\"><strong data-start=\"2303\" data-end=\"2319\">Teilenummer:<\/strong> 50105674<\/p>\n<\/li>\n<li data-start=\"2331\" data-end=\"2402\">\n<p data-start=\"2333\" data-end=\"2402\"><strong data-start=\"2333\" data-end=\"2344\">Inhalt:<\/strong> Kolbendichtung, Staubdichtung, O-Ringe, Sicherungsringe<\/p>\n<\/li>\n<li data-start=\"2403\" data-end=\"2478\">\n<p data-start=\"2405\" data-end=\"2478\"><strong data-start=\"2405\" data-end=\"2424\">Einsatzbereich:<\/strong> Fahrzylinder \/ Hydrauliksystem Jungheinrich-Stapler<\/p>\n<\/li>\n<li data-start=\"2479\" data-end=\"2543\">\n<p data-start=\"2481\" data-end=\"2543\"><strong data-start=\"2481\" data-end=\"2493\">Vorteil:<\/strong> Hohe Dichtheit, OEM-Passform, lange Lebensdauer<\/p>\n<\/li>\n<\/ul>\n","protected":false},"featured_media":18671,"template":"","meta":[],"product_brand":[],"product_cat":[470,246,522,523,236],"product_tag":[],"class_list":{"0":"post-18669","1":"product","2":"type-product","3":"status-publish","4":"has-post-thumbnail","6":"product_cat-diger-yedek-parcalar","7":"product_cat-linde","8":"product_cat-yedek-parca-jungheinrich","9":"product_cat-yedek-parca-linde","10":"product_cat-jungheinrich","12":"first","13":"instock","14":"taxable","15":"shipping-taxable","16":"purchasable","17":"product-type-simple"},"_links":{"self":[{"href":"https:\/\/ceoparts.com\/de\/wp-json\/wp\/v2\/product\/18669","targetHints":{"allow":["GET"]}}],"collection":[{"href":"https:\/\/ceoparts.com\/de\/wp-json\/wp\/v2\/product"}],"about":[{"href":"https:\/\/ceoparts.com\/de\/wp-json\/wp\/v2\/types\/product"}],"wp:featuredmedia":[{"embeddable":true,"href":"https:\/\/ceoparts.com\/de\/wp-json\/wp\/v2\/media\/18671"}],"wp:attachment":[{"href":"https:\/\/ceoparts.com\/de\/wp-json\/wp\/v2\/media?parent=18669"}],"wp:term":[{"taxonomy":"product_brand","embeddable":true,"href":"https:\/\/ceoparts.com\/de\/wp-json\/wp\/v2\/product_brand?post=18669"},{"taxonomy":"product_cat","embeddable":true,"href":"https:\/\/ceoparts.com\/de\/wp-json\/wp\/v2\/product_cat?post=18669"},{"taxonomy":"product_tag","embeddable":true,"href":"https:\/\/ceoparts.com\/de\/wp-json\/wp\/v2\/product_tag?post=18669"}],"curies":[{"name":"wp","href":"https:\/\/api.w.org\/{rel}","templated":true}]}}