{"id":18755,"date":"2025-10-21T09:42:53","date_gmt":"2025-10-21T06:42:53","guid":{"rendered":"https:\/\/ceoparts.com\/?post_type=product&#038;p=18755"},"modified":"2026-05-16T14:33:17","modified_gmt":"2026-05-16T11:33:17","slug":"450-anl-sigorta","status":"publish","type":"product","link":"https:\/\/ceoparts.com\/de\/urun\/450-anl-sigorta\/","title":{"rendered":"450 A ANL Sicherung"},"content":{"rendered":"<p>450 A ANL Sicherung<\/p>","protected":false},"excerpt":{"rendered":"<p data-start=\"1664\" data-end=\"1857\">Die <strong data-start=\"1668\" data-end=\"1690\">450A ANL Sicherung<\/strong> sch\u00fctzt elektrische Systeme wie Gabelstapler, Batterien oder Solaranlagen vor \u00dcberstrom und Kurzschluss. Sie gew\u00e4hrleistet eine sichere und stabile Stromversorgung.<\/p>\n<p data-start=\"1859\" data-end=\"1882\"><strong data-start=\"1859\" data-end=\"1880\">Technische Daten:<\/strong><\/p>\n<ul data-start=\"1883\" data-end=\"2189\">\n<li data-start=\"1883\" data-end=\"1922\">\n<p data-start=\"1885\" data-end=\"1922\"><strong data-start=\"1885\" data-end=\"1901\">Produktname:<\/strong> 450A ANL Sicherung<\/p>\n<\/li>\n<li data-start=\"1923\" data-end=\"1952\">\n<p data-start=\"1925\" data-end=\"1952\"><strong data-start=\"1925\" data-end=\"1939\">Nennstrom:<\/strong> 450 Ampere<\/p>\n<\/li>\n<li data-start=\"1953\" data-end=\"1983\">\n<p data-start=\"1955\" data-end=\"1983\"><strong data-start=\"1955\" data-end=\"1968\">Spannung:<\/strong> 32V \/ 80V DC<\/p>\n<\/li>\n<li data-start=\"1984\" data-end=\"2055\">\n<p data-start=\"1986\" data-end=\"2055\"><strong data-start=\"1986\" data-end=\"1999\">Material:<\/strong> Messingkontakte, Kupferstreifen, Polycarbonat-Geh\u00e4use<\/p>\n<\/li>\n<li data-start=\"2056\" data-end=\"2122\">\n<p data-start=\"2058\" data-end=\"2122\"><strong data-start=\"2058\" data-end=\"2077\">Einsatzbereich:<\/strong> Gabelstapler, Batterie- und Energiesysteme<\/p>\n<\/li>\n<li data-start=\"2123\" data-end=\"2189\">\n<p data-start=\"2125\" data-end=\"2189\"><strong data-start=\"2125\" data-end=\"2137\">Vorteil:<\/strong> Hohe Zuverl\u00e4ssigkeit, OEM-Qualit\u00e4t, Langlebigkeit<\/p>\n<\/li>\n<\/ul>\n","protected":false},"featured_media":18757,"template":"","meta":[],"product_brand":[],"product_cat":[443],"product_tag":[],"class_list":{"0":"post-18755","1":"product","2":"type-product","3":"status-publish","4":"has-post-thumbnail","6":"product_cat-aku-parcalari","8":"first","9":"instock","10":"taxable","11":"shipping-taxable","12":"purchasable","13":"product-type-simple"},"_links":{"self":[{"href":"https:\/\/ceoparts.com\/de\/wp-json\/wp\/v2\/product\/18755","targetHints":{"allow":["GET"]}}],"collection":[{"href":"https:\/\/ceoparts.com\/de\/wp-json\/wp\/v2\/product"}],"about":[{"href":"https:\/\/ceoparts.com\/de\/wp-json\/wp\/v2\/types\/product"}],"wp:featuredmedia":[{"embeddable":true,"href":"https:\/\/ceoparts.com\/de\/wp-json\/wp\/v2\/media\/18757"}],"wp:attachment":[{"href":"https:\/\/ceoparts.com\/de\/wp-json\/wp\/v2\/media?parent=18755"}],"wp:term":[{"taxonomy":"product_brand","embeddable":true,"href":"https:\/\/ceoparts.com\/de\/wp-json\/wp\/v2\/product_brand?post=18755"},{"taxonomy":"product_cat","embeddable":true,"href":"https:\/\/ceoparts.com\/de\/wp-json\/wp\/v2\/product_cat?post=18755"},{"taxonomy":"product_tag","embeddable":true,"href":"https:\/\/ceoparts.com\/de\/wp-json\/wp\/v2\/product_tag?post=18755"}],"curies":[{"name":"wp","href":"https:\/\/api.w.org\/{rel}","templated":true}]}}