{"id":19050,"date":"2025-10-24T15:54:28","date_gmt":"2025-10-24T12:54:28","guid":{"rendered":"https:\/\/ceoparts.com\/?post_type=product&#038;p=19050"},"modified":"2026-05-02T19:25:19","modified_gmt":"2026-05-02T16:25:19","slug":"jungheinrich-denge-mekanizmasi-50019785","status":"publish","type":"product","link":"https:\/\/ceoparts.com\/de\/urun\/jungheinrich-denge-mekanizmasi-50019785\/","title":{"rendered":"Jungheinrich Ausgleichsmechanismus \u2013 50019785"},"content":{"rendered":"<p>Jungheinrich Ausgleichsmechanismus \u2013 50019785<\/p>\n<p>Jungheinrich 51100613, 50019785<\/p>\n<p>&nbsp;<\/p>\n<table dir=\"ltr\" border=\"0\" width=\"268\" cellspacing=\"0\" cellpadding=\"2\">\n<tbody>\n<tr>\n<td width=\"62%\" height=\"19\">\n<p align=\"left\"><span style=\"font-family: Calibri; font-size: medium;\">EJD 20-3<\/span><\/p>\n<\/td>\n<td width=\"38%\" height=\"19\">\n<p align=\"left\"><span style=\"font-family: Calibri; font-size: medium;\">6.98 &#8211; 7.05<\/span><\/p>\n<\/td>\n<\/tr>\n<tr>\n<td width=\"62%\" height=\"19\">\n<p align=\"left\"><span style=\"font-family: Calibri; font-size: medium;\">EJD 20-3 XL<\/span><\/p>\n<\/td>\n<td width=\"38%\" height=\"19\">\n<p align=\"left\"><span style=\"font-family: Calibri; font-size: medium;\">5.05 &#8211;<\/span><\/p>\n<\/td>\n<\/tr>\n<tr>\n<td width=\"62%\" height=\"19\">\n<p align=\"left\"><span style=\"font-family: Calibri; font-size: medium;\">EJD 220<\/span><\/p>\n<\/td>\n<td width=\"38%\" height=\"19\">\n<p align=\"left\"><span style=\"font-family: Calibri; font-size: medium;\">6.05 &#8211; 3.10<\/span><\/p>\n<\/td>\n<\/tr>\n<tr>\n<td width=\"62%\" height=\"19\">\n<p align=\"left\"><span style=\"font-family: Calibri; font-size: medium;\">WP 20 D (MIC)<\/span><\/p>\n<\/td>\n<td width=\"38%\" height=\"19\">\n<p align=\"left\"><span style=\"font-family: Calibri; font-size: medium;\">8.02 &#8211; 4.08<\/span><\/p>\n<\/td>\n<\/tr>\n<tr>\n<td width=\"62%\" height=\"19\">\n<p align=\"left\"><span style=\"font-family: Calibri; font-size: medium;\">WP 20 D (MIC)<\/span><\/p>\n<\/td>\n<td width=\"38%\" height=\"19\">\n<p align=\"left\"><span style=\"font-family: Calibri; font-size: medium;\">11.00 &#8211; 7.0<\/span><\/p>\n<\/td>\n<\/tr>\n<\/tbody>\n<\/table>","protected":false},"excerpt":{"rendered":"<p data-start=\"1802\" data-end=\"2002\">Der <strong data-start=\"1806\" data-end=\"1855\">Jungheinrich Ausgleichsmechanismus \u2013 50019785<\/strong> ist ein Originalteil f\u00fcr Jungheinrich-Gabelstapler. Er sorgt f\u00fcr gleichm\u00e4\u00dfige Lastverteilung und stabile Gabelbewegung, auch bei unebenem Boden.<\/p>\n<p data-start=\"2004\" data-end=\"2027\"><strong data-start=\"2004\" data-end=\"2025\">Technische Daten:<\/strong><\/p>\n<ul data-start=\"2028\" data-end=\"2283\">\n<li data-start=\"2028\" data-end=\"2083\">\n<p data-start=\"2030\" data-end=\"2083\"><strong data-start=\"2030\" data-end=\"2046\">Produktname:<\/strong> Jungheinrich Ausgleichsmechanismus<\/p>\n<\/li>\n<li data-start=\"2084\" data-end=\"2113\">\n<p data-start=\"2086\" data-end=\"2113\"><strong data-start=\"2086\" data-end=\"2102\">Teilenummer:<\/strong> 50019785<\/p>\n<\/li>\n<li data-start=\"2114\" data-end=\"2164\">\n<p data-start=\"2116\" data-end=\"2164\"><strong data-start=\"2116\" data-end=\"2129\">Material:<\/strong> Geschmiedeter Hochleistungsstahl<\/p>\n<\/li>\n<li data-start=\"2165\" data-end=\"2214\">\n<p data-start=\"2167\" data-end=\"2214\"><strong data-start=\"2167\" data-end=\"2186\">Einsatzbereich:<\/strong> Gabel- und Hubmechanismus<\/p>\n<\/li>\n<li data-start=\"2215\" data-end=\"2283\">\n<p data-start=\"2217\" data-end=\"2283\"><strong data-start=\"2217\" data-end=\"2229\">Vorteil:<\/strong> OEM-Qualit\u00e4t, Vibrationsd\u00e4mpfung, lange Lebensdauer<\/p>\n<\/li>\n<\/ul>\n<p>&nbsp;<\/p>\n","protected":false},"featured_media":19059,"template":"","meta":[],"product_brand":[],"product_cat":[420,422],"product_tag":[],"class_list":{"0":"post-19050","1":"product","2":"type-product","3":"status-publish","4":"has-post-thumbnail","6":"product_cat-denge-mekanizmalar","7":"product_cat-jungheinrich-denge-mekanizma","9":"first","10":"instock","11":"taxable","12":"shipping-taxable","13":"purchasable","14":"product-type-simple"},"_links":{"self":[{"href":"https:\/\/ceoparts.com\/de\/wp-json\/wp\/v2\/product\/19050","targetHints":{"allow":["GET"]}}],"collection":[{"href":"https:\/\/ceoparts.com\/de\/wp-json\/wp\/v2\/product"}],"about":[{"href":"https:\/\/ceoparts.com\/de\/wp-json\/wp\/v2\/types\/product"}],"wp:featuredmedia":[{"embeddable":true,"href":"https:\/\/ceoparts.com\/de\/wp-json\/wp\/v2\/media\/19059"}],"wp:attachment":[{"href":"https:\/\/ceoparts.com\/de\/wp-json\/wp\/v2\/media?parent=19050"}],"wp:term":[{"taxonomy":"product_brand","embeddable":true,"href":"https:\/\/ceoparts.com\/de\/wp-json\/wp\/v2\/product_brand?post=19050"},{"taxonomy":"product_cat","embeddable":true,"href":"https:\/\/ceoparts.com\/de\/wp-json\/wp\/v2\/product_cat?post=19050"},{"taxonomy":"product_tag","embeddable":true,"href":"https:\/\/ceoparts.com\/de\/wp-json\/wp\/v2\/product_tag?post=19050"}],"curies":[{"name":"wp","href":"https:\/\/api.w.org\/{rel}","templated":true}]}}