{"id":19277,"date":"2025-10-30T08:56:44","date_gmt":"2025-10-30T05:56:44","guid":{"rendered":"https:\/\/ceoparts.com\/?post_type=product&#038;p=19277"},"modified":"2026-05-16T22:10:30","modified_gmt":"2026-05-16T19:10:30","slug":"jungheinrich-kontrol-kafasi-51730050","status":"publish","type":"product","link":"https:\/\/ceoparts.com\/de\/urun\/jungheinrich-kontrol-kafasi-51730050\/","title":{"rendered":"Rema Batteriestecker SRE 320 Schwarz"},"content":{"rendered":"<p>Rema Batteriestecker SRE 320 Schwarz<\/p>\n<p><span dir=\"auto\">Jungheinrich 51730050<\/span><\/p>\n<p><span dir=\"auto\">ERE 225 KP 7.08 &#8211;<\/span><br \/>\n<span dir=\"auto\">ERE 120n 9.09 &#8211; 1.18<\/span><br \/>\n<span dir=\"auto\">ECE 118 4.10 &#8211; 2.13<\/span><br \/>\n<span dir=\"auto\">ERE 120 5.12 &#8211;<\/span><br \/>\n<span dir=\"auto\">ERE 120n (NICHIYU) 1.11 &#8211; 2.20<\/span><br \/>\n<span dir=\"auto\">ECE 118 4.13 &#8211;<\/span><br \/>\n<span dir=\"auto\">ERE 120 \/ 125 \/ 225 10.16 &#8211;<\/span><br \/>\n<span dir=\"auto\">ERE 120 \/ 125 \/ 225 (ABD) 10.16 &#8211;<\/span><br \/>\n<span dir=\"auto\">ERE 120n 1.18 &#8211; 4.23<\/span><br \/>\n<span dir=\"auto\">EZS MB 230 7.20 &#8211; 4.23<\/span><br \/>\n<span dir=\"auto\">ERE MB 220\/225 2.23 &#8211;<\/span><br \/>\n<span dir=\"auto\">EZS MB 230 2.23 &#8211;<\/span><\/p>","protected":false},"excerpt":{"rendered":"<p data-start=\"1653\" data-end=\"1910\">Der <strong data-start=\"1657\" data-end=\"1695\">Jungheinrich Steuerkopf \u2013 51730050<\/strong> ist das originale Bedienteil f\u00fcr elektrische Jungheinrich-Gabelstapler und Niederhubwagen. Es steuert alle Fahr-, Hub- und Sicherheitsfunktionen \u00fcber den Lenker und bietet pr\u00e4zise Steuerung und lange Lebensdauer.<\/p>\n<p data-start=\"1912\" data-end=\"1935\"><strong data-start=\"1912\" data-end=\"1933\">Technische Daten:<\/strong><\/p>\n<ul data-start=\"1936\" data-end=\"2256\">\n<li data-start=\"1936\" data-end=\"1991\">\n<p data-start=\"1938\" data-end=\"1991\"><strong data-start=\"1938\" data-end=\"1954\">Produktname:<\/strong> Jungheinrich Steuerkopf \u2013 51730050<\/p>\n<\/li>\n<li data-start=\"1992\" data-end=\"2021\">\n<p data-start=\"1994\" data-end=\"2021\"><strong data-start=\"1994\" data-end=\"2010\">Teilenummer:<\/strong> 51730050<\/p>\n<\/li>\n<li data-start=\"2022\" data-end=\"2114\">\n<p data-start=\"2024\" data-end=\"2114\"><strong data-start=\"2024\" data-end=\"2037\">Material:<\/strong> Elektronische Komponenten in Industriequalit\u00e4t, robustes Kunststoffgeh\u00e4use<\/p>\n<\/li>\n<li data-start=\"2115\" data-end=\"2193\">\n<p data-start=\"2117\" data-end=\"2193\"><strong data-start=\"2117\" data-end=\"2136\">Einsatzbereich:<\/strong> Steuerungssystem f\u00fcr Jungheinrich Elektro-Gabelstapler<\/p>\n<\/li>\n<li data-start=\"2194\" data-end=\"2256\">\n<p data-start=\"2196\" data-end=\"2256\"><strong data-start=\"2196\" data-end=\"2208\">Vorteil:<\/strong> Hohe Pr\u00e4zision, OEM-Kompatibilit\u00e4t, langlebig<\/p>\n<\/li>\n<\/ul>\n","protected":false},"featured_media":19441,"template":"","meta":[],"product_brand":[],"product_cat":[450,236,522],"product_tag":[],"class_list":{"0":"post-19277","1":"product","2":"type-product","3":"status-publish","4":"has-post-thumbnail","6":"product_cat-direksiyon-sistemleri","7":"product_cat-jungheinrich","8":"product_cat-yedek-parca-jungheinrich","10":"first","11":"instock","12":"taxable","13":"shipping-taxable","14":"purchasable","15":"product-type-simple"},"_links":{"self":[{"href":"https:\/\/ceoparts.com\/de\/wp-json\/wp\/v2\/product\/19277","targetHints":{"allow":["GET"]}}],"collection":[{"href":"https:\/\/ceoparts.com\/de\/wp-json\/wp\/v2\/product"}],"about":[{"href":"https:\/\/ceoparts.com\/de\/wp-json\/wp\/v2\/types\/product"}],"wp:featuredmedia":[{"embeddable":true,"href":"https:\/\/ceoparts.com\/de\/wp-json\/wp\/v2\/media\/19441"}],"wp:attachment":[{"href":"https:\/\/ceoparts.com\/de\/wp-json\/wp\/v2\/media?parent=19277"}],"wp:term":[{"taxonomy":"product_brand","embeddable":true,"href":"https:\/\/ceoparts.com\/de\/wp-json\/wp\/v2\/product_brand?post=19277"},{"taxonomy":"product_cat","embeddable":true,"href":"https:\/\/ceoparts.com\/de\/wp-json\/wp\/v2\/product_cat?post=19277"},{"taxonomy":"product_tag","embeddable":true,"href":"https:\/\/ceoparts.com\/de\/wp-json\/wp\/v2\/product_tag?post=19277"}],"curies":[{"name":"wp","href":"https:\/\/api.w.org\/{rel}","templated":true}]}}