{"id":19291,"date":"2025-10-30T15:04:33","date_gmt":"2025-10-30T12:04:33","guid":{"rendered":"https:\/\/ceoparts.com\/?post_type=product&#038;p=19291"},"modified":"2026-05-16T15:31:41","modified_gmt":"2026-05-16T12:31:41","slug":"jungheinrich-kelepce","status":"publish","type":"product","link":"https:\/\/ceoparts.com\/de\/urun\/jungheinrich-kelepce\/","title":{"rendered":"Jungheinrich Klemme"},"content":{"rendered":"<p>Jungheinrich Klemme<\/p>","protected":false},"excerpt":{"rendered":"<p data-start=\"1355\" data-end=\"1680\">Die Jungheinrich Klemme dient zur sicheren Befestigung von Hydraulikschl\u00e4uchen, Kabeln oder mechanischen Verbindungen an Gabelstaplern und Lagertechnik. Sie verhindert das L\u00f6sen durch Vibrationen und sorgt f\u00fcr einen stabilen, sicheren Betrieb.<br data-start=\"1657\" data-end=\"1660\" \/><strong data-start=\"1660\" data-end=\"1678\">Hauptmerkmale:<\/strong><\/p>\n<ul data-start=\"1681\" data-end=\"1840\">\n<li data-start=\"1681\" data-end=\"1720\">\n<p data-start=\"1683\" data-end=\"1720\">Kompatibel mit Jungheinrich Ger\u00e4ten<\/p>\n<\/li>\n<li data-start=\"1721\" data-end=\"1756\">\n<p data-start=\"1723\" data-end=\"1756\">Starke, zuverl\u00e4ssige Haltekraft<\/p>\n<\/li>\n<li data-start=\"1757\" data-end=\"1789\">\n<p data-start=\"1759\" data-end=\"1789\">Hohe Vibrationsbest\u00e4ndigkeit<\/p>\n<\/li>\n<li data-start=\"1790\" data-end=\"1840\">\n<p data-start=\"1792\" data-end=\"1840\">Ideal f\u00fcr hydraulische und elektrische Leitungen<\/p>\n<\/li>\n<\/ul>\n","protected":false},"featured_media":19294,"template":"","meta":[],"product_brand":[],"product_cat":[470,236,522],"product_tag":[],"class_list":{"0":"post-19291","1":"product","2":"type-product","3":"status-publish","4":"has-post-thumbnail","6":"product_cat-diger-yedek-parcalar","7":"product_cat-jungheinrich","8":"product_cat-yedek-parca-jungheinrich","10":"first","11":"instock","12":"taxable","13":"shipping-taxable","14":"purchasable","15":"product-type-simple"},"_links":{"self":[{"href":"https:\/\/ceoparts.com\/de\/wp-json\/wp\/v2\/product\/19291","targetHints":{"allow":["GET"]}}],"collection":[{"href":"https:\/\/ceoparts.com\/de\/wp-json\/wp\/v2\/product"}],"about":[{"href":"https:\/\/ceoparts.com\/de\/wp-json\/wp\/v2\/types\/product"}],"wp:featuredmedia":[{"embeddable":true,"href":"https:\/\/ceoparts.com\/de\/wp-json\/wp\/v2\/media\/19294"}],"wp:attachment":[{"href":"https:\/\/ceoparts.com\/de\/wp-json\/wp\/v2\/media?parent=19291"}],"wp:term":[{"taxonomy":"product_brand","embeddable":true,"href":"https:\/\/ceoparts.com\/de\/wp-json\/wp\/v2\/product_brand?post=19291"},{"taxonomy":"product_cat","embeddable":true,"href":"https:\/\/ceoparts.com\/de\/wp-json\/wp\/v2\/product_cat?post=19291"},{"taxonomy":"product_tag","embeddable":true,"href":"https:\/\/ceoparts.com\/de\/wp-json\/wp\/v2\/product_tag?post=19291"}],"curies":[{"name":"wp","href":"https:\/\/api.w.org\/{rel}","templated":true}]}}