{"id":19296,"date":"2025-10-30T16:32:06","date_gmt":"2025-10-30T13:32:06","guid":{"rendered":"https:\/\/ceoparts.com\/?post_type=product&#038;p=19296"},"modified":"2026-05-16T17:56:59","modified_gmt":"2026-05-16T14:56:59","slug":"toyota-dizel-mars-motoru-281002366071","status":"publish","type":"product","link":"https:\/\/ceoparts.com\/de\/urun\/toyota-dizel-mars-motoru-281002366071\/","title":{"rendered":"Toyota Diesel-Anlasser &#8211; 281002366071"},"content":{"rendered":"<p>Toyota Diesel-Anlasser &#8211; 281002366071<\/p>","protected":false},"excerpt":{"rendered":"<p data-start=\"1228\" data-end=\"1544\">Der Anlasser 281002366071 f\u00fcr Toyota-Dieselmotoren sorgt f\u00fcr kraftvolle und zuverl\u00e4ssige Startleistung. Entwickelt f\u00fcr den Einsatz unter hoher Belastung und passgenau nach originalen Toyota-Spezifikationen gefertigt.<br data-start=\"1521\" data-end=\"1524\" \/><strong data-start=\"1524\" data-end=\"1542\">Hauptmerkmale:<\/strong><\/p>\n<ul data-start=\"1545\" data-end=\"1689\">\n<li data-start=\"1545\" data-end=\"1574\">\n<p data-start=\"1547\" data-end=\"1574\">Teilenummer: 281002366071<\/p>\n<\/li>\n<li data-start=\"1575\" data-end=\"1617\">\n<p data-start=\"1577\" data-end=\"1617\">Kompatibel mit Toyota-Dieselforkliften<\/p>\n<\/li>\n<li data-start=\"1618\" data-end=\"1658\">\n<p data-start=\"1620\" data-end=\"1658\">Hoher Drehmoment f\u00fcr schnellen Start<\/p>\n<\/li>\n<li data-start=\"1659\" data-end=\"1689\">\n<p data-start=\"1661\" data-end=\"1689\">Robuste, langlebige Bauweise<\/p>\n<\/li>\n<\/ul>\n","protected":false},"featured_media":19302,"template":"","meta":[],"product_brand":[],"product_cat":[470,521,530],"product_tag":[],"class_list":{"0":"post-19296","1":"product","2":"type-product","3":"status-publish","4":"has-post-thumbnail","6":"product_cat-diger-yedek-parcalar","7":"product_cat-toyota","8":"product_cat-yedek-parca-toyota","10":"first","11":"instock","12":"taxable","13":"shipping-taxable","14":"purchasable","15":"product-type-simple"},"_links":{"self":[{"href":"https:\/\/ceoparts.com\/de\/wp-json\/wp\/v2\/product\/19296","targetHints":{"allow":["GET"]}}],"collection":[{"href":"https:\/\/ceoparts.com\/de\/wp-json\/wp\/v2\/product"}],"about":[{"href":"https:\/\/ceoparts.com\/de\/wp-json\/wp\/v2\/types\/product"}],"wp:featuredmedia":[{"embeddable":true,"href":"https:\/\/ceoparts.com\/de\/wp-json\/wp\/v2\/media\/19302"}],"wp:attachment":[{"href":"https:\/\/ceoparts.com\/de\/wp-json\/wp\/v2\/media?parent=19296"}],"wp:term":[{"taxonomy":"product_brand","embeddable":true,"href":"https:\/\/ceoparts.com\/de\/wp-json\/wp\/v2\/product_brand?post=19296"},{"taxonomy":"product_cat","embeddable":true,"href":"https:\/\/ceoparts.com\/de\/wp-json\/wp\/v2\/product_cat?post=19296"},{"taxonomy":"product_tag","embeddable":true,"href":"https:\/\/ceoparts.com\/de\/wp-json\/wp\/v2\/product_tag?post=19296"}],"curies":[{"name":"wp","href":"https:\/\/api.w.org\/{rel}","templated":true}]}}