{"id":19303,"date":"2025-10-31T10:36:26","date_gmt":"2025-10-31T07:36:26","guid":{"rendered":"https:\/\/ceoparts.com\/?post_type=product&#038;p=19303"},"modified":"2026-05-16T17:51:43","modified_gmt":"2026-05-16T14:51:43","slug":"linde-piston-tamir-takimi-0009608129","status":"publish","type":"product","link":"https:\/\/ceoparts.com\/de\/urun\/linde-piston-tamir-takimi-0009608129\/","title":{"rendered":"Linde Kolbenreparatursatz &#8211; 0009608129"},"content":{"rendered":"<p>Linde Kolbenreparatursatz &#8211; 0009608129<\/p>","protected":false},"excerpt":{"rendered":"<p data-start=\"1406\" data-end=\"1750\">Der Kolben-Reparatursatz f\u00fcr Linde-Gabelstapler erneuert die Dichtungs- und Funktionsleistung des Hydraulikkolbens. Enth\u00e4lt Dichtungen, O-Ringe und Dichts\u00e4tze, die Druckverlust und \u00d6lundichtigkeiten verhindern. Hergestellt nach originalen Spezifikationen.<br data-start=\"1727\" data-end=\"1730\" \/><strong data-start=\"1730\" data-end=\"1748\">Hauptmerkmale:<\/strong><\/p>\n<ul data-start=\"1751\" data-end=\"1907\">\n<li data-start=\"1751\" data-end=\"1791\">\n<p data-start=\"1753\" data-end=\"1791\">Kompatibel mit Linde-Kolbeneinheiten<\/p>\n<\/li>\n<li data-start=\"1792\" data-end=\"1828\">\n<p data-start=\"1794\" data-end=\"1828\">Vollst\u00e4ndiger Dichtungsaustausch<\/p>\n<\/li>\n<li data-start=\"1829\" data-end=\"1869\">\n<p data-start=\"1831\" data-end=\"1869\">Verhindert Druckverlust und Leckagen<\/p>\n<\/li>\n<li data-start=\"1870\" data-end=\"1907\">\n<p data-start=\"1872\" data-end=\"1907\">Langlebige, hochwertige Materialien<\/p>\n<\/li>\n<\/ul>\n","protected":false},"featured_media":19305,"template":"","meta":[],"product_brand":[],"product_cat":[470,246,523],"product_tag":[],"class_list":{"0":"post-19303","1":"product","2":"type-product","3":"status-publish","4":"has-post-thumbnail","6":"product_cat-diger-yedek-parcalar","7":"product_cat-linde","8":"product_cat-yedek-parca-linde","10":"first","11":"instock","12":"taxable","13":"shipping-taxable","14":"purchasable","15":"product-type-simple"},"_links":{"self":[{"href":"https:\/\/ceoparts.com\/de\/wp-json\/wp\/v2\/product\/19303","targetHints":{"allow":["GET"]}}],"collection":[{"href":"https:\/\/ceoparts.com\/de\/wp-json\/wp\/v2\/product"}],"about":[{"href":"https:\/\/ceoparts.com\/de\/wp-json\/wp\/v2\/types\/product"}],"wp:featuredmedia":[{"embeddable":true,"href":"https:\/\/ceoparts.com\/de\/wp-json\/wp\/v2\/media\/19305"}],"wp:attachment":[{"href":"https:\/\/ceoparts.com\/de\/wp-json\/wp\/v2\/media?parent=19303"}],"wp:term":[{"taxonomy":"product_brand","embeddable":true,"href":"https:\/\/ceoparts.com\/de\/wp-json\/wp\/v2\/product_brand?post=19303"},{"taxonomy":"product_cat","embeddable":true,"href":"https:\/\/ceoparts.com\/de\/wp-json\/wp\/v2\/product_cat?post=19303"},{"taxonomy":"product_tag","embeddable":true,"href":"https:\/\/ceoparts.com\/de\/wp-json\/wp\/v2\/product_tag?post=19303"}],"curies":[{"name":"wp","href":"https:\/\/api.w.org\/{rel}","templated":true}]}}