{"id":19310,"date":"2025-10-31T11:09:57","date_gmt":"2025-10-31T08:09:57","guid":{"rendered":"https:\/\/ceoparts.com\/?post_type=product&#038;p=19310"},"modified":"2026-05-03T03:05:43","modified_gmt":"2026-05-03T00:05:43","slug":"jungheinrich-camurluk-50040374","status":"publish","type":"product","link":"https:\/\/ceoparts.com\/de\/urun\/jungheinrich-camurluk-50040374\/","title":{"rendered":"Jungheinrich Kotfl\u00fcgel &#8211; 50040374"},"content":{"rendered":"<p>Jungheinrich Kotfl\u00fcgel &#8211; 50040374<\/p>","protected":false},"excerpt":{"rendered":"<p data-start=\"1287\" data-end=\"1643\">Das Albright SW280 \u2013 54VCO Sch\u00fctz ist f\u00fcr Hochstrom-DC-Anwendungen wie Elektrostapler, Industriefahrzeuge und Motorsteuerungen ausgelegt. Die 54V-Spule gew\u00e4hrleistet einen stabilen Betrieb. Hohe Stromtragf\u00e4higkeit und langlebige, vibrationsbest\u00e4ndige Konstruktion.<br data-start=\"1620\" data-end=\"1623\" \/><strong data-start=\"1623\" data-end=\"1641\">Hauptmerkmale:<\/strong><\/p>\n<ul data-start=\"1644\" data-end=\"1790\">\n<li data-start=\"1644\" data-end=\"1669\">\n<p data-start=\"1646\" data-end=\"1669\">Modell: SW280 \u2013 54VCO<\/p>\n<\/li>\n<li data-start=\"1670\" data-end=\"1692\">\n<p data-start=\"1672\" data-end=\"1692\">54V Spulenspannung<\/p>\n<\/li>\n<li data-start=\"1693\" data-end=\"1720\">\n<p data-start=\"1695\" data-end=\"1720\">Hohe Strombelastbarkeit<\/p>\n<\/li>\n<li data-start=\"1721\" data-end=\"1759\">\n<p data-start=\"1723\" data-end=\"1759\">F\u00fcr Schwerlast-DC-Systeme geeignet<\/p>\n<\/li>\n<li data-start=\"1760\" data-end=\"1790\">\n<p data-start=\"1762\" data-end=\"1790\">Robuste, langlebige Bauweise<\/p>\n<\/li>\n<\/ul>\n","protected":false},"featured_media":19313,"template":"","meta":[],"product_brand":[],"product_cat":[472,522,236],"product_tag":[],"class_list":{"0":"post-19310","1":"product","2":"type-product","3":"status-publish","4":"has-post-thumbnail","6":"product_cat-kaporta-aksami","7":"product_cat-yedek-parca-jungheinrich","8":"product_cat-jungheinrich","10":"first","11":"instock","12":"taxable","13":"shipping-taxable","14":"purchasable","15":"product-type-simple"},"_links":{"self":[{"href":"https:\/\/ceoparts.com\/de\/wp-json\/wp\/v2\/product\/19310","targetHints":{"allow":["GET"]}}],"collection":[{"href":"https:\/\/ceoparts.com\/de\/wp-json\/wp\/v2\/product"}],"about":[{"href":"https:\/\/ceoparts.com\/de\/wp-json\/wp\/v2\/types\/product"}],"wp:featuredmedia":[{"embeddable":true,"href":"https:\/\/ceoparts.com\/de\/wp-json\/wp\/v2\/media\/19313"}],"wp:attachment":[{"href":"https:\/\/ceoparts.com\/de\/wp-json\/wp\/v2\/media?parent=19310"}],"wp:term":[{"taxonomy":"product_brand","embeddable":true,"href":"https:\/\/ceoparts.com\/de\/wp-json\/wp\/v2\/product_brand?post=19310"},{"taxonomy":"product_cat","embeddable":true,"href":"https:\/\/ceoparts.com\/de\/wp-json\/wp\/v2\/product_cat?post=19310"},{"taxonomy":"product_tag","embeddable":true,"href":"https:\/\/ceoparts.com\/de\/wp-json\/wp\/v2\/product_tag?post=19310"}],"curies":[{"name":"wp","href":"https:\/\/api.w.org\/{rel}","templated":true}]}}