{"id":19315,"date":"2025-10-31T11:36:40","date_gmt":"2025-10-31T08:36:40","guid":{"rendered":"https:\/\/ceoparts.com\/?post_type=product&#038;p=19315"},"modified":"2026-05-03T03:32:32","modified_gmt":"2026-05-03T00:32:32","slug":"albright-kontaktor-sw280-54vco","status":"publish","type":"product","link":"https:\/\/ceoparts.com\/de\/urun\/albright-kontaktor-sw280-54vco\/","title":{"rendered":"Albright Sch\u00fctz SW280 &#8211; 54VCO"},"content":{"rendered":"<p>Albright Sch\u00fctz SW280 &#8211; 54VCO<\/p>","protected":false},"excerpt":{"rendered":"<p data-start=\"1280\" data-end=\"1625\">Das Albright SW280 \u2013 54VCO Sch\u00fctz ist ein Hochstrom-DC-Sch\u00fctz f\u00fcr Elektrostapler, Industrieanlagen und Motorsteuerungen. Die 54V-Spule sorgt f\u00fcr einen stabilen Betrieb und zuverl\u00e4ssiges Schalten unter Last. Langlebig und vibrationsbest\u00e4ndig konstruiert.<br data-start=\"1602\" data-end=\"1605\" \/><strong data-start=\"1605\" data-end=\"1623\">Hauptmerkmale:<\/strong><\/p>\n<ul data-start=\"1626\" data-end=\"1760\">\n<li data-start=\"1626\" data-end=\"1651\">\n<p data-start=\"1628\" data-end=\"1651\">Modell: SW280 \u2013 54VCO<\/p>\n<\/li>\n<li data-start=\"1652\" data-end=\"1674\">\n<p data-start=\"1654\" data-end=\"1674\">54V Spulenspannung<\/p>\n<\/li>\n<li data-start=\"1675\" data-end=\"1702\">\n<p data-start=\"1677\" data-end=\"1702\">Hohe Stromtragf\u00e4higkeit<\/p>\n<\/li>\n<li data-start=\"1703\" data-end=\"1741\">\n<p data-start=\"1705\" data-end=\"1741\">F\u00fcr Schwerlast-DC-Systeme geeignet<\/p>\n<\/li>\n<li data-start=\"1742\" data-end=\"1760\">\n<p data-start=\"1744\" data-end=\"1760\">Robuste Bauweise<\/p>\n<\/li>\n<\/ul>\n","protected":false},"featured_media":19320,"template":"","meta":[],"product_brand":[],"product_cat":[462],"product_tag":[],"class_list":{"0":"post-19315","1":"product","2":"type-product","3":"status-publish","4":"has-post-thumbnail","6":"product_cat-kontaktorler","8":"first","9":"instock","10":"taxable","11":"shipping-taxable","12":"purchasable","13":"product-type-simple"},"_links":{"self":[{"href":"https:\/\/ceoparts.com\/de\/wp-json\/wp\/v2\/product\/19315","targetHints":{"allow":["GET"]}}],"collection":[{"href":"https:\/\/ceoparts.com\/de\/wp-json\/wp\/v2\/product"}],"about":[{"href":"https:\/\/ceoparts.com\/de\/wp-json\/wp\/v2\/types\/product"}],"wp:featuredmedia":[{"embeddable":true,"href":"https:\/\/ceoparts.com\/de\/wp-json\/wp\/v2\/media\/19320"}],"wp:attachment":[{"href":"https:\/\/ceoparts.com\/de\/wp-json\/wp\/v2\/media?parent=19315"}],"wp:term":[{"taxonomy":"product_brand","embeddable":true,"href":"https:\/\/ceoparts.com\/de\/wp-json\/wp\/v2\/product_brand?post=19315"},{"taxonomy":"product_cat","embeddable":true,"href":"https:\/\/ceoparts.com\/de\/wp-json\/wp\/v2\/product_cat?post=19315"},{"taxonomy":"product_tag","embeddable":true,"href":"https:\/\/ceoparts.com\/de\/wp-json\/wp\/v2\/product_tag?post=19315"}],"curies":[{"name":"wp","href":"https:\/\/api.w.org\/{rel}","templated":true}]}}