{"id":19321,"date":"2025-10-31T13:55:27","date_gmt":"2025-10-31T10:55:27","guid":{"rendered":"https:\/\/ceoparts.com\/?post_type=product&#038;p=19321"},"modified":"2026-05-03T03:09:37","modified_gmt":"2026-05-03T00:09:37","slug":"still-fmx-fren-manyetigi-11205000500","status":"publish","type":"product","link":"https:\/\/ceoparts.com\/de\/urun\/still-fmx-fren-manyetigi-11205000500\/","title":{"rendered":"Still FMX Bremsmagnet \u2013 11205000500"},"content":{"rendered":"<p>Still FMX Bremsmagnet \u2013 11205000500<\/p>","protected":false},"excerpt":{"rendered":"<p data-start=\"1247\" data-end=\"1602\">Der Bremsmagnet 11205000500 f\u00fcr Still FMX-Gabelstapler sorgt \u00fcber ein elektrisches Signal f\u00fcr das zuverl\u00e4ssige Aktivieren des Bremssystems. Er bietet konstante Bremsleistung auch bei intensiver Nutzung. Pr\u00e4zise passend nach Originalma\u00dfen und sehr langlebig.<br data-start=\"1579\" data-end=\"1582\" \/><strong data-start=\"1582\" data-end=\"1600\">Hauptmerkmale:<\/strong><\/p>\n<ul data-start=\"1603\" data-end=\"1733\">\n<li data-start=\"1603\" data-end=\"1631\">\n<p data-start=\"1605\" data-end=\"1631\">Teilenummer: 11205000500<\/p>\n<\/li>\n<li data-start=\"1632\" data-end=\"1665\">\n<p data-start=\"1634\" data-end=\"1665\">Passend f\u00fcr Still FMX-Modelle<\/p>\n<\/li>\n<li data-start=\"1666\" data-end=\"1705\">\n<p data-start=\"1668\" data-end=\"1705\">Elektromagnetische Bremsaktivierung<\/p>\n<\/li>\n<li data-start=\"1706\" data-end=\"1733\">\n<p data-start=\"1708\" data-end=\"1733\">Robust und verschlei\u00dffest<\/p>\n<\/li>\n<\/ul>\n","protected":false},"featured_media":19326,"template":"","meta":[],"product_brand":[],"product_cat":[449,241,524],"product_tag":[],"class_list":{"0":"post-19321","1":"product","2":"type-product","3":"status-publish","4":"has-post-thumbnail","6":"product_cat-fren-sistem-parcalari","7":"product_cat-still","8":"product_cat-yedek-parca-still","10":"first","11":"instock","12":"taxable","13":"shipping-taxable","14":"purchasable","15":"product-type-simple"},"_links":{"self":[{"href":"https:\/\/ceoparts.com\/de\/wp-json\/wp\/v2\/product\/19321","targetHints":{"allow":["GET"]}}],"collection":[{"href":"https:\/\/ceoparts.com\/de\/wp-json\/wp\/v2\/product"}],"about":[{"href":"https:\/\/ceoparts.com\/de\/wp-json\/wp\/v2\/types\/product"}],"wp:featuredmedia":[{"embeddable":true,"href":"https:\/\/ceoparts.com\/de\/wp-json\/wp\/v2\/media\/19326"}],"wp:attachment":[{"href":"https:\/\/ceoparts.com\/de\/wp-json\/wp\/v2\/media?parent=19321"}],"wp:term":[{"taxonomy":"product_brand","embeddable":true,"href":"https:\/\/ceoparts.com\/de\/wp-json\/wp\/v2\/product_brand?post=19321"},{"taxonomy":"product_cat","embeddable":true,"href":"https:\/\/ceoparts.com\/de\/wp-json\/wp\/v2\/product_cat?post=19321"},{"taxonomy":"product_tag","embeddable":true,"href":"https:\/\/ceoparts.com\/de\/wp-json\/wp\/v2\/product_tag?post=19321"}],"curies":[{"name":"wp","href":"https:\/\/api.w.org\/{rel}","templated":true}]}}