{"id":19332,"date":"2025-11-01T09:58:55","date_gmt":"2025-11-01T06:58:55","guid":{"rendered":"https:\/\/ceoparts.com\/?post_type=product&#038;p=19332"},"modified":"2026-05-16T18:09:43","modified_gmt":"2026-05-16T15:09:43","slug":"still-havalandirma-filtresi-0735620","status":"publish","type":"product","link":"https:\/\/ceoparts.com\/de\/urun\/still-havalandirma-filtresi-0735620\/","title":{"rendered":"Still Bel\u00fcftungsfilter \u2013 0735620"},"content":{"rendered":"<p>Still Bel\u00fcftungsfilter \u2013 0735620<\/p>","protected":false},"excerpt":{"rendered":"<p data-start=\"1151\" data-end=\"1531\">Der Bel\u00fcftungsfilter 0735620 f\u00fcr Still-Gabelstapler gew\u00e4hrleistet saubere Luftzufuhr zum Motor und verbessert Leistung sowie Kraftstoffeffizienz. Er verhindert das Eindringen von Staub und Schmutzpartikeln und verl\u00e4ngert die Lebensdauer des Motors. Ma\u00dftreuer, kompatibler Ersatzfilter.<br data-start=\"1508\" data-end=\"1511\" \/><strong data-start=\"1511\" data-end=\"1529\">Hauptmerkmale:<\/strong><\/p>\n<ul data-start=\"1532\" data-end=\"1649\">\n<li data-start=\"1532\" data-end=\"1556\">\n<p data-start=\"1534\" data-end=\"1556\">Teilenummer: 0735620<\/p>\n<\/li>\n<li data-start=\"1557\" data-end=\"1580\">\n<p data-start=\"1559\" data-end=\"1580\">Hohe Luftfiltration<\/p>\n<\/li>\n<li data-start=\"1581\" data-end=\"1612\">\n<p data-start=\"1583\" data-end=\"1612\">Schutz des Motors vor Staub<\/p>\n<\/li>\n<li data-start=\"1613\" data-end=\"1649\">\n<p data-start=\"1615\" data-end=\"1649\">Kompatibel mit Still-Gabelstaplern<\/p>\n<\/li>\n<\/ul>\n","protected":false},"featured_media":19333,"template":"","meta":[],"product_brand":[],"product_cat":[498,241,524],"product_tag":[],"class_list":{"0":"post-19332","1":"product","2":"type-product","3":"status-publish","4":"has-post-thumbnail","6":"product_cat-filtre-cesitleri","7":"product_cat-still","8":"product_cat-yedek-parca-still","10":"first","11":"instock","12":"taxable","13":"shipping-taxable","14":"purchasable","15":"product-type-simple"},"_links":{"self":[{"href":"https:\/\/ceoparts.com\/de\/wp-json\/wp\/v2\/product\/19332","targetHints":{"allow":["GET"]}}],"collection":[{"href":"https:\/\/ceoparts.com\/de\/wp-json\/wp\/v2\/product"}],"about":[{"href":"https:\/\/ceoparts.com\/de\/wp-json\/wp\/v2\/types\/product"}],"wp:featuredmedia":[{"embeddable":true,"href":"https:\/\/ceoparts.com\/de\/wp-json\/wp\/v2\/media\/19333"}],"wp:attachment":[{"href":"https:\/\/ceoparts.com\/de\/wp-json\/wp\/v2\/media?parent=19332"}],"wp:term":[{"taxonomy":"product_brand","embeddable":true,"href":"https:\/\/ceoparts.com\/de\/wp-json\/wp\/v2\/product_brand?post=19332"},{"taxonomy":"product_cat","embeddable":true,"href":"https:\/\/ceoparts.com\/de\/wp-json\/wp\/v2\/product_cat?post=19332"},{"taxonomy":"product_tag","embeddable":true,"href":"https:\/\/ceoparts.com\/de\/wp-json\/wp\/v2\/product_tag?post=19332"}],"curies":[{"name":"wp","href":"https:\/\/api.w.org\/{rel}","templated":true}]}}