{"id":19638,"date":"2025-11-20T17:04:49","date_gmt":"2025-11-20T14:04:49","guid":{"rendered":"https:\/\/ceoparts.com\/?post_type=product&#038;p=19638"},"modified":"2026-04-11T16:10:08","modified_gmt":"2026-04-11T13:10:08","slug":"150x40-54-45-stellana-kilavuz-denge-tekeri-26916651","status":"publish","type":"product","link":"https:\/\/ceoparts.com\/de\/urun\/150x40-54-45-stellana-kilavuz-denge-tekeri-26916651\/","title":{"rendered":"150&#215;40\/54-45 Stellana F\u00fchrungs-St\u00fctzrad &#8211; 26916651"},"content":{"rendered":"<p>150&#215;40\/54-45 Stellana F\u00fchrungs-St\u00fctzrad &#8211; 26916651<\/p>\n<p><\/p>","protected":false},"excerpt":{"rendered":"<div class=\"font12\"><span id=\"result_box\" class=\"short_text\" lang=\"en\"><span class=\"hps\" title=\"Kliknij, aby wy\u015bwietli\u0107 alternatywne t\u0142umaczenia\">Jungheinrich<\/span><\/span><\/div>\n<div class=\"font12\"><\/div>\n<div class=\"font12\"><span class=\"short_text\" lang=\"en\"><span class=\"hps\" title=\"Kliknij, aby wy\u015bwietli\u0107 alternatywne t\u0142umaczenia\">150&#215;40\/54&#215;45 26916651<\/span><\/span><\/div>\n<div class=\"font12\"><\/div>\n<div class=\"font12\">ETX 125\/150 \/ 8.95 &#8211; 12.00<br \/>\nETX-K 125\/150 \/ 1.99 &#8211; 1.04<br \/>\nETX AC 125 \/ 1.01 &#8211; 9.04<br \/>\nETX AC 125IF \/ 1.01 &#8211; 9.04<br \/>\nETX AC 150 \/ AC 150 KH \/ 1.01 &#8211; 9.04<br \/>\nETX AC 150 SX \/ 1.01 &#8211; 9.04<br \/>\nETX 513\/515 S\/F I \/ S* \/ 10.04 &#8211;<\/div>\n<div class=\"font12\">EFX 100\/125 \/ 6.97 &#8211; 12.03<br \/>\nEFX 410\/413 S\/F I \/ 10.04 &#8211;<\/div>\n<div class=\"font12\"><\/div>\n<div class=\"font12\">EKS 308 F\/S\/I \/ 1.06 &#8211; 12.09<br \/>\nEKS 515k Z\/P S\/F \/ 1.08 &#8211;<br \/>\nEKS 210\/312\u00a0 Z S\/F ZI L S\/F LI \/ 3.09 &#8211;<br \/>\nEKS 310k Z S\/F \/ 12.98 &#8211; 12.09<br \/>\nEKS 513\/515K\/L S\/F I\u00a0 ZG \/ 8.04 &#8211; 10.06<\/div>\n<div class=\"font12\"><\/div>\n<div class=\"font12\">ETM\/V 110\/112 \/ 4.99 &#8211; 12.05<br \/>\nETM\/V 214\/216 \/ 12.03 &#8211;<br \/>\nETM\/V 320\/325 \/ 12.04 &#8211;<br \/>\nETM\/V 114 \/ 4.99 &#8211; 12.05<\/div>\n<div class=\"font12\"><\/div>\n<div class=\"font12\">KMS 100 L \/ 3.99 &#8211; 7.04<br \/>\nKMS 100 K \/ 4.99 &#8211; 7.04<br \/>\nKMS 125 \/ 1.01 &#8211; 7.04<br \/>\nKMS 150 \/ 9.01 &#8211; 1.03<\/div>\n<div class=\"font12\"><\/div>\n<div class=\"font12\">EFXac 100 SF \/ 7.02 &#8211; 9.04<br \/>\nEFXac 125 SF \/ 7.02 &#8211; 9.04<\/div>\n<div class=\"font12\"><\/div>\n<div class=\"font12\">ETV 110\/112 \/ 11.05 &#8211;<br \/>\nETV 114\/116 \/ 11.05 &#8211;<\/div>\n<div class=\"font12\"><\/div>\n<div class=\"font12\">EKX 513\/515 \/ 5.07 &#8211;<br \/>\nEKX 410 \/ 7.03 &#8211;<br \/>\nEKX 513\/515K S\/F I \/ 2.04 &#8211; 6.07<\/div>\n","protected":false},"featured_media":19642,"template":"","meta":[],"product_brand":[],"product_cat":[417,416,185],"product_tag":[],"class_list":{"0":"post-19638","1":"product","2":"type-product","3":"status-publish","4":"has-post-thumbnail","6":"product_cat-denge-tekeri-stellana","7":"product_cat-stellana","8":"product_cat-denge-tekeri","10":"first","11":"instock","12":"taxable","13":"shipping-taxable","14":"purchasable","15":"product-type-simple"},"_links":{"self":[{"href":"https:\/\/ceoparts.com\/de\/wp-json\/wp\/v2\/product\/19638","targetHints":{"allow":["GET"]}}],"collection":[{"href":"https:\/\/ceoparts.com\/de\/wp-json\/wp\/v2\/product"}],"about":[{"href":"https:\/\/ceoparts.com\/de\/wp-json\/wp\/v2\/types\/product"}],"wp:featuredmedia":[{"embeddable":true,"href":"https:\/\/ceoparts.com\/de\/wp-json\/wp\/v2\/media\/19642"}],"wp:attachment":[{"href":"https:\/\/ceoparts.com\/de\/wp-json\/wp\/v2\/media?parent=19638"}],"wp:term":[{"taxonomy":"product_brand","embeddable":true,"href":"https:\/\/ceoparts.com\/de\/wp-json\/wp\/v2\/product_brand?post=19638"},{"taxonomy":"product_cat","embeddable":true,"href":"https:\/\/ceoparts.com\/de\/wp-json\/wp\/v2\/product_cat?post=19638"},{"taxonomy":"product_tag","embeddable":true,"href":"https:\/\/ceoparts.com\/de\/wp-json\/wp\/v2\/product_tag?post=19638"}],"curies":[{"name":"wp","href":"https:\/\/api.w.org\/{rel}","templated":true}]}}