{"id":19687,"date":"2025-11-21T13:03:49","date_gmt":"2025-11-21T10:03:49","guid":{"rendered":"https:\/\/ceoparts.com\/?post_type=product&#038;p=19687"},"modified":"2026-04-12T00:08:52","modified_gmt":"2026-04-11T21:08:52","slug":"16x6-8-noturque-segmanli-iz-birakmayan-dolgu-lastik","status":"publish","type":"product","link":"https:\/\/ceoparts.com\/de\/urun\/16x6-8-noturque-segmanli-iz-birakmayan-dolgu-lastik\/","title":{"rendered":"16\u00d76-8 (150\/75-8) Nutorque Vollgummireifen mit Sicherungsring, spurlos"},"content":{"rendered":"<p>16\u00d76-8 (150\/75-8) Nutorque Vollgummireifen mit Sicherungsring, spurlos<\/p>","protected":false},"excerpt":{"rendered":"<p><strong data-start=\"1287\" data-end=\"1310\">Nutorque Vollreifen<\/strong> wurden mit einer innovativen 3-Schicht-Lauffl\u00e4chen-Technologie entwickelt, um maximale Leistung unter schwierigen industriellen Bodenverh\u00e4ltnissen zu bieten. Die hochwertige Lauffl\u00e4chenmischung und verst\u00e4rkte Karkassenstruktur erh\u00f6hen die Abriebfestigkeit und sichern den kontinuierlichen Betrieb.<br data-start=\"1608\" data-end=\"1611\" \/>Besonders f\u00fcr den Dauereinsatz von \u00fcber 12 Stunden t\u00e4glich optimiert, bietet Nutorque durch sein tiefes Profil eine lange Lebensdauer. Diese Eigenschaften helfen, Ihre Reifenkosten zu minimieren und tragen strategisch zur Unterbrechungsfreiheit Ihres Arbeitsflusses bei.<\/p>\n","protected":false},"featured_media":19691,"template":"","meta":[],"product_brand":[],"product_cat":[516],"product_tag":[],"class_list":{"0":"post-19687","1":"product","2":"type-product","3":"status-publish","4":"has-post-thumbnail","6":"product_cat-dolgu-lastikler","8":"first","9":"instock","10":"taxable","11":"shipping-taxable","12":"purchasable","13":"product-type-simple"},"_links":{"self":[{"href":"https:\/\/ceoparts.com\/de\/wp-json\/wp\/v2\/product\/19687","targetHints":{"allow":["GET"]}}],"collection":[{"href":"https:\/\/ceoparts.com\/de\/wp-json\/wp\/v2\/product"}],"about":[{"href":"https:\/\/ceoparts.com\/de\/wp-json\/wp\/v2\/types\/product"}],"wp:featuredmedia":[{"embeddable":true,"href":"https:\/\/ceoparts.com\/de\/wp-json\/wp\/v2\/media\/19691"}],"wp:attachment":[{"href":"https:\/\/ceoparts.com\/de\/wp-json\/wp\/v2\/media?parent=19687"}],"wp:term":[{"taxonomy":"product_brand","embeddable":true,"href":"https:\/\/ceoparts.com\/de\/wp-json\/wp\/v2\/product_brand?post=19687"},{"taxonomy":"product_cat","embeddable":true,"href":"https:\/\/ceoparts.com\/de\/wp-json\/wp\/v2\/product_cat?post=19687"},{"taxonomy":"product_tag","embeddable":true,"href":"https:\/\/ceoparts.com\/de\/wp-json\/wp\/v2\/product_tag?post=19687"}],"curies":[{"name":"wp","href":"https:\/\/api.w.org\/{rel}","templated":true}]}}