{"id":19697,"date":"2025-11-21T14:44:31","date_gmt":"2025-11-21T11:44:31","guid":{"rendered":"https:\/\/ceoparts.com\/?post_type=product&#038;p=19697"},"modified":"2026-04-11T21:09:35","modified_gmt":"2026-04-11T18:09:35","slug":"linde-still-t16-denge-mekanizmasi-11524505505","status":"publish","type":"product","link":"https:\/\/ceoparts.com\/de\/urun\/linde-still-t16-denge-mekanizmasi-11524505505\/","title":{"rendered":"Linde\/Still  Stabilisator-Einheit \u2013 11524505505"},"content":{"rendered":"<p>Linde\/Still  Stabilisator-Einheit \u2013 11524505505<\/p>","protected":false},"excerpt":{"rendered":"<p data-start=\"1079\" data-end=\"1562\">Der <strong data-start=\"1083\" data-end=\"1117\">Linde \/ Still T16 Stabilisator<\/strong> ist ein stabilisierender Mechanismus mit Rad, der in Gabelstaplern verwendet wird. Er sorgt f\u00fcr Laststabilit\u00e4t und verbessert die Fahrstabilit\u00e4t des Staplers. Aus langlebigem Material gefertigt.<br data-start=\"1312\" data-end=\"1315\" \/><strong data-start=\"1315\" data-end=\"1333\">Eigenschaften:<\/strong><br data-start=\"1333\" data-end=\"1336\" \/>\u2022 Produktname: Linde \/ Still T16 Stabilisator<br data-start=\"1381\" data-end=\"1384\" \/>\u2022 Teilenummer: 11524505505<br data-start=\"1410\" data-end=\"1413\" \/>\u2022 Material: Robuste Metalllegierung<br data-start=\"1448\" data-end=\"1451\" \/>\u2022 Einsatzbereich: Gabelstapler-Stabilisator (mit Rad)<br data-start=\"1504\" data-end=\"1507\" \/>\u2022 Vorteile: Laststabilit\u00e4t, Langlebigkeit, Robustheit<\/p>\n","protected":false},"featured_media":19706,"template":"","meta":[],"product_brand":[],"product_cat":[420,523,246,423,425],"product_tag":[],"class_list":{"0":"post-19697","1":"product","2":"type-product","3":"status-publish","4":"has-post-thumbnail","6":"product_cat-denge-mekanizmalar","7":"product_cat-yedek-parca-linde","8":"product_cat-linde","9":"product_cat-still-denge-mekanizma","10":"product_cat-linde-denge-mekanizma","12":"first","13":"instock","14":"taxable","15":"shipping-taxable","16":"purchasable","17":"product-type-simple"},"_links":{"self":[{"href":"https:\/\/ceoparts.com\/de\/wp-json\/wp\/v2\/product\/19697","targetHints":{"allow":["GET"]}}],"collection":[{"href":"https:\/\/ceoparts.com\/de\/wp-json\/wp\/v2\/product"}],"about":[{"href":"https:\/\/ceoparts.com\/de\/wp-json\/wp\/v2\/types\/product"}],"wp:featuredmedia":[{"embeddable":true,"href":"https:\/\/ceoparts.com\/de\/wp-json\/wp\/v2\/media\/19706"}],"wp:attachment":[{"href":"https:\/\/ceoparts.com\/de\/wp-json\/wp\/v2\/media?parent=19697"}],"wp:term":[{"taxonomy":"product_brand","embeddable":true,"href":"https:\/\/ceoparts.com\/de\/wp-json\/wp\/v2\/product_brand?post=19697"},{"taxonomy":"product_cat","embeddable":true,"href":"https:\/\/ceoparts.com\/de\/wp-json\/wp\/v2\/product_cat?post=19697"},{"taxonomy":"product_tag","embeddable":true,"href":"https:\/\/ceoparts.com\/de\/wp-json\/wp\/v2\/product_tag?post=19697"}],"curies":[{"name":"wp","href":"https:\/\/api.w.org\/{rel}","templated":true}]}}