{"id":20077,"date":"2025-12-03T15:21:29","date_gmt":"2025-12-03T12:21:29","guid":{"rendered":"https:\/\/ceoparts.com\/?post_type=product&#038;p=20077"},"modified":"2026-05-03T18:22:42","modified_gmt":"2026-05-03T15:22:42","slug":"bfs-49-mm-otomatik-dolum-busonu","status":"publish","type":"product","link":"https:\/\/ceoparts.com\/de\/urun\/bfs-49-mm-otomatik-dolum-busonu\/","title":{"rendered":"BFS 49mm Automatischer F\u00fcllstutzen"},"content":{"rendered":"<p>BFS 49mm Automatischer F\u00fcllstutzen<\/p>","protected":false},"excerpt":{"rendered":"<p data-start=\"1313\" data-end=\"1591\">Der <strong data-start=\"1317\" data-end=\"1362\">BFS 49 mm Automatik-Einf\u00fcllstopfen\/Buchse<\/strong> wird in Gabelstaplern und Industrieanlagen eingesetzt, um die Fl\u00fcssigkeitsst\u00e4nde automatisch zu regeln und den Druck im Tank auszugleichen. Die 49 mm Gr\u00f6\u00dfe und robuste Bauweise gew\u00e4hrleisten zuverl\u00e4ssige und langlebige Leistung.<\/p>\n<p data-start=\"1593\" data-end=\"1613\"><strong data-start=\"1593\" data-end=\"1611\">Eigenschaften:<\/strong><\/p>\n<ul data-start=\"1614\" data-end=\"1921\">\n<li data-start=\"1614\" data-end=\"1676\">\n<p data-start=\"1616\" data-end=\"1676\">Produktname: BFS 49 mm Automatischer Einf\u00fcllstopfen\/Buchse<\/p>\n<\/li>\n<li data-start=\"1677\" data-end=\"1693\">\n<p data-start=\"1679\" data-end=\"1693\">Gr\u00f6\u00dfe: 49 mm<\/p>\n<\/li>\n<li data-start=\"1694\" data-end=\"1738\">\n<p data-start=\"1696\" data-end=\"1738\">Typ: Automatischer Einf\u00fcllstopfen\/Buchse<\/p>\n<\/li>\n<li data-start=\"1739\" data-end=\"1780\">\n<p data-start=\"1741\" data-end=\"1780\">Material: Robustes Metall\/ Kunststoff<\/p>\n<\/li>\n<li data-start=\"1781\" data-end=\"1857\">\n<p data-start=\"1783\" data-end=\"1857\">Einsatzbereich: Batterie-, Hydraulik-, Kraftstoff- und Fl\u00fcssigkeitstanks<\/p>\n<\/li>\n<li data-start=\"1858\" data-end=\"1921\">\n<p data-start=\"1860\" data-end=\"1921\">Vorteile: Automatische Pegelregelung, Abdichtung, langlebig<\/p>\n<\/li>\n<\/ul>\n","protected":false},"featured_media":20080,"template":"","meta":[],"product_brand":[],"product_cat":[443],"product_tag":[],"class_list":{"0":"post-20077","1":"product","2":"type-product","3":"status-publish","4":"has-post-thumbnail","6":"product_cat-aku-parcalari","8":"first","9":"instock","10":"taxable","11":"shipping-taxable","12":"purchasable","13":"product-type-simple"},"_links":{"self":[{"href":"https:\/\/ceoparts.com\/de\/wp-json\/wp\/v2\/product\/20077","targetHints":{"allow":["GET"]}}],"collection":[{"href":"https:\/\/ceoparts.com\/de\/wp-json\/wp\/v2\/product"}],"about":[{"href":"https:\/\/ceoparts.com\/de\/wp-json\/wp\/v2\/types\/product"}],"wp:featuredmedia":[{"embeddable":true,"href":"https:\/\/ceoparts.com\/de\/wp-json\/wp\/v2\/media\/20080"}],"wp:attachment":[{"href":"https:\/\/ceoparts.com\/de\/wp-json\/wp\/v2\/media?parent=20077"}],"wp:term":[{"taxonomy":"product_brand","embeddable":true,"href":"https:\/\/ceoparts.com\/de\/wp-json\/wp\/v2\/product_brand?post=20077"},{"taxonomy":"product_cat","embeddable":true,"href":"https:\/\/ceoparts.com\/de\/wp-json\/wp\/v2\/product_cat?post=20077"},{"taxonomy":"product_tag","embeddable":true,"href":"https:\/\/ceoparts.com\/de\/wp-json\/wp\/v2\/product_tag?post=20077"}],"curies":[{"name":"wp","href":"https:\/\/api.w.org\/{rel}","templated":true}]}}