{"id":20096,"date":"2025-12-04T11:34:30","date_gmt":"2025-12-04T08:34:30","guid":{"rendered":"https:\/\/ceoparts.com\/?post_type=product&#038;p=20096"},"modified":"2026-05-03T17:41:09","modified_gmt":"2026-05-03T14:41:09","slug":"bt-lpe200-destek-baglanti-parcasi-7534306","status":"publish","type":"product","link":"https:\/\/ceoparts.com\/de\/urun\/bt-lpe200-destek-baglanti-parcasi-7534306\/","title":{"rendered":"BT LPE200 St\u00fctzverbindungsteil &#8211; 7534306"},"content":{"rendered":"<p>BT LPE200 St\u00fctzverbindungsteil &#8211; 7534306<\/p>","protected":false},"excerpt":{"rendered":"<p data-start=\"1321\" data-end=\"1648\">Das <strong data-start=\"1325\" data-end=\"1369\">BT LPE200 St\u00fctzverbindungsteil \u2013 7534306<\/strong> ist ein langlebiges Ersatzteil zur Verst\u00e4rkung der Verbindung zwischen Fahrgestell und Vordermechanismus bei Fahrzeugen der BT LPE200 Serie. Es bietet stabile Unterst\u00fctzung bei Lade- und Man\u00f6vriervorg\u00e4ngen und sorgt f\u00fcr eine lange Lebensdauer auch unter schwierigen Bedingungen.<\/p>\n<p data-start=\"1650\" data-end=\"1670\"><strong data-start=\"1650\" data-end=\"1668\">Eigenschaften:<\/strong><\/p>\n<ul data-start=\"1671\" data-end=\"1973\">\n<li data-start=\"1671\" data-end=\"1728\">\n<p data-start=\"1673\" data-end=\"1728\">Produktname: BT LPE200 St\u00fctzverbindungsteil \u2013 7534306<\/p>\n<\/li>\n<li data-start=\"1729\" data-end=\"1753\">\n<p data-start=\"1731\" data-end=\"1753\">Teilenummer: 7534306<\/p>\n<\/li>\n<li data-start=\"1754\" data-end=\"1785\">\n<p data-start=\"1756\" data-end=\"1785\">Kompatible Serie: BT LPE200<\/p>\n<\/li>\n<li data-start=\"1786\" data-end=\"1825\">\n<p data-start=\"1788\" data-end=\"1825\">Material: Hochfeste Metalllegierung<\/p>\n<\/li>\n<li data-start=\"1826\" data-end=\"1896\">\n<p data-start=\"1828\" data-end=\"1896\">Einsatzbereich: Verbindung Fahrgestell\/Vordermechanismus BT LPE200<\/p>\n<\/li>\n<li data-start=\"1897\" data-end=\"1973\">\n<p data-start=\"1899\" data-end=\"1973\">Vorteile: Robuste Konstruktion, stabile Unterst\u00fctzung, lange Lebensdauer<\/p>\n<\/li>\n<\/ul>\n","protected":false},"featured_media":20097,"template":"","meta":[],"product_brand":[],"product_cat":[470,251,518],"product_tag":[],"class_list":{"0":"post-20096","1":"product","2":"type-product","3":"status-publish","4":"has-post-thumbnail","6":"product_cat-diger-yedek-parcalar","7":"product_cat-bt","8":"product_cat-yedek-parca-bt","10":"first","11":"instock","12":"taxable","13":"shipping-taxable","14":"purchasable","15":"product-type-simple"},"_links":{"self":[{"href":"https:\/\/ceoparts.com\/de\/wp-json\/wp\/v2\/product\/20096","targetHints":{"allow":["GET"]}}],"collection":[{"href":"https:\/\/ceoparts.com\/de\/wp-json\/wp\/v2\/product"}],"about":[{"href":"https:\/\/ceoparts.com\/de\/wp-json\/wp\/v2\/types\/product"}],"wp:featuredmedia":[{"embeddable":true,"href":"https:\/\/ceoparts.com\/de\/wp-json\/wp\/v2\/media\/20097"}],"wp:attachment":[{"href":"https:\/\/ceoparts.com\/de\/wp-json\/wp\/v2\/media?parent=20096"}],"wp:term":[{"taxonomy":"product_brand","embeddable":true,"href":"https:\/\/ceoparts.com\/de\/wp-json\/wp\/v2\/product_brand?post=20096"},{"taxonomy":"product_cat","embeddable":true,"href":"https:\/\/ceoparts.com\/de\/wp-json\/wp\/v2\/product_cat?post=20096"},{"taxonomy":"product_tag","embeddable":true,"href":"https:\/\/ceoparts.com\/de\/wp-json\/wp\/v2\/product_tag?post=20096"}],"curies":[{"name":"wp","href":"https:\/\/api.w.org\/{rel}","templated":true}]}}