{"id":20116,"date":"2025-12-04T15:28:38","date_gmt":"2025-12-04T12:28:38","guid":{"rendered":"https:\/\/ceoparts.com\/?post_type=product&#038;p=20116"},"modified":"2026-05-03T16:17:39","modified_gmt":"2026-05-03T13:17:39","slug":"bt-lpe-acil-stop-buton-kilidi-238957","status":"publish","type":"product","link":"https:\/\/ceoparts.com\/de\/urun\/bt-lpe-acil-stop-buton-kilidi-238957\/","title":{"rendered":"BT-LPE Not-Aus-Tastensperre &#8211; 238957"},"content":{"rendered":"<p>BT-LPE Not-Aus-Tastensperre &#8211; 238957<\/p>","protected":false},"excerpt":{"rendered":"<p data-start=\"1419\" data-end=\"1681\">Der <strong data-start=\"1423\" data-end=\"1467\">BT-LPE Not-Aus Schalter Schloss \u2013 238957<\/strong> ist ein Sicherheitszubeh\u00f6r, das das versehentliche oder unbefugte Bet\u00e4tigen des Not-Aus-Schalters bei BT-LPE Fahrzeugen verhindert. Die robuste Bauweise sorgt f\u00fcr zuverl\u00e4ssige Leistung auch bei intensiver Nutzung.<\/p>\n<p data-start=\"1683\" data-end=\"1703\"><strong data-start=\"1683\" data-end=\"1701\">Eigenschaften:<\/strong><\/p>\n<ul data-start=\"1704\" data-end=\"2069\">\n<li data-start=\"1704\" data-end=\"1761\">\n<p data-start=\"1706\" data-end=\"1761\">Produktname: BT-LPE Not-Aus Schalter Schloss \u2013 238957<\/p>\n<\/li>\n<li data-start=\"1762\" data-end=\"1785\">\n<p data-start=\"1764\" data-end=\"1785\">Teilenummer: 238957<\/p>\n<\/li>\n<li data-start=\"1786\" data-end=\"1840\">\n<p data-start=\"1788\" data-end=\"1840\">Typ: Not-Aus Schalter Schloss \/ Sicherheitszubeh\u00f6r<\/p>\n<\/li>\n<li data-start=\"1841\" data-end=\"1883\">\n<p data-start=\"1843\" data-end=\"1883\">Kompatibilit\u00e4t: BT-LPE Serienfahrzeuge<\/p>\n<\/li>\n<li data-start=\"1884\" data-end=\"1932\">\n<p data-start=\"1886\" data-end=\"1932\">Material: Hochwertiger Kunststoff und Metall<\/p>\n<\/li>\n<li data-start=\"1933\" data-end=\"1982\">\n<p data-start=\"1935\" data-end=\"1982\">Einsatzbereich: Not-Aus Systeme, Bedienfelder<\/p>\n<\/li>\n<li data-start=\"1983\" data-end=\"2069\">\n<p data-start=\"1985\" data-end=\"2069\">Vorteile: Verhindert versehentliches Bet\u00e4tigen, robuste Bauweise, einfache Montage<\/p>\n<\/li>\n<\/ul>\n","protected":false},"featured_media":20119,"template":"","meta":[],"product_brand":[],"product_cat":[469,251,518],"product_tag":[],"class_list":{"0":"post-20116","1":"product","2":"type-product","3":"status-publish","4":"has-post-thumbnail","6":"product_cat-elektrik-ve-sistem-parcalari","7":"product_cat-bt","8":"product_cat-yedek-parca-bt","10":"first","11":"instock","12":"taxable","13":"shipping-taxable","14":"purchasable","15":"product-type-simple"},"_links":{"self":[{"href":"https:\/\/ceoparts.com\/de\/wp-json\/wp\/v2\/product\/20116","targetHints":{"allow":["GET"]}}],"collection":[{"href":"https:\/\/ceoparts.com\/de\/wp-json\/wp\/v2\/product"}],"about":[{"href":"https:\/\/ceoparts.com\/de\/wp-json\/wp\/v2\/types\/product"}],"wp:featuredmedia":[{"embeddable":true,"href":"https:\/\/ceoparts.com\/de\/wp-json\/wp\/v2\/media\/20119"}],"wp:attachment":[{"href":"https:\/\/ceoparts.com\/de\/wp-json\/wp\/v2\/media?parent=20116"}],"wp:term":[{"taxonomy":"product_brand","embeddable":true,"href":"https:\/\/ceoparts.com\/de\/wp-json\/wp\/v2\/product_brand?post=20116"},{"taxonomy":"product_cat","embeddable":true,"href":"https:\/\/ceoparts.com\/de\/wp-json\/wp\/v2\/product_cat?post=20116"},{"taxonomy":"product_tag","embeddable":true,"href":"https:\/\/ceoparts.com\/de\/wp-json\/wp\/v2\/product_tag?post=20116"}],"curies":[{"name":"wp","href":"https:\/\/api.w.org\/{rel}","templated":true}]}}