{"id":20171,"date":"2025-12-06T11:50:08","date_gmt":"2025-12-06T08:50:08","guid":{"rendered":"https:\/\/ceoparts.com\/?post_type=product&#038;p=20171"},"modified":"2026-05-03T17:40:39","modified_gmt":"2026-05-03T14:40:39","slug":"hyster-kol-kablosu-2109451","status":"publish","type":"product","link":"https:\/\/ceoparts.com\/de\/urun\/hyster-kol-kablosu-2109451\/","title":{"rendered":"Hyster Griffkabel &#8211; 2109451"},"content":{"rendered":"<p>Hyster Griffkabel &#8211; 2109451<\/p>","protected":false},"excerpt":{"rendered":"<p data-start=\"1241\" data-end=\"1503\">Das <strong data-start=\"1245\" data-end=\"1274\">Hyster Armkabel \u2013 2109451<\/strong> ist ein langlebiges Ersatzteil, das eine sichere und pr\u00e4zise Verbindung zwischen Bedienerarm und Steuermechanismus in Hyster Gabelstaplern gew\u00e4hrleistet. Flexible Konstruktion und hochwertige Leiter sorgen f\u00fcr lange Lebensdauer.<\/p>\n<p data-start=\"1505\" data-end=\"1525\"><strong data-start=\"1505\" data-end=\"1523\">Eigenschaften:<\/strong><\/p>\n<ul data-start=\"1526\" data-end=\"1790\">\n<li data-start=\"1526\" data-end=\"1568\">\n<p data-start=\"1528\" data-end=\"1568\">Produktname: Hyster Armkabel \u2013 2109451<\/p>\n<\/li>\n<li data-start=\"1569\" data-end=\"1593\">\n<p data-start=\"1571\" data-end=\"1593\">Teilenummer: 2109451<\/p>\n<\/li>\n<li data-start=\"1594\" data-end=\"1619\">\n<p data-start=\"1596\" data-end=\"1619\">Typ: Bedienerarmkabel<\/p>\n<\/li>\n<li data-start=\"1620\" data-end=\"1674\">\n<p data-start=\"1622\" data-end=\"1674\">Material: Flexibler Leiter mit robuster Au\u00dfenh\u00fclle<\/p>\n<\/li>\n<li data-start=\"1675\" data-end=\"1727\">\n<p data-start=\"1677\" data-end=\"1727\">Einsatzbereich: Bedienerarm zu Steuermechanismus<\/p>\n<\/li>\n<li data-start=\"1728\" data-end=\"1790\">\n<p data-start=\"1730\" data-end=\"1790\">Vorteile: Pr\u00e4zise Steuerung, langlebig, sichere Verbindung<\/p>\n<\/li>\n<\/ul>\n","protected":false},"featured_media":20172,"template":"","meta":[],"product_brand":[],"product_cat":[469,256,520],"product_tag":[],"class_list":{"0":"post-20171","1":"product","2":"type-product","3":"status-publish","4":"has-post-thumbnail","6":"product_cat-elektrik-ve-sistem-parcalari","7":"product_cat-hyster","8":"product_cat-yedek-parca-hyster","10":"first","11":"instock","12":"taxable","13":"shipping-taxable","14":"purchasable","15":"product-type-simple"},"_links":{"self":[{"href":"https:\/\/ceoparts.com\/de\/wp-json\/wp\/v2\/product\/20171","targetHints":{"allow":["GET"]}}],"collection":[{"href":"https:\/\/ceoparts.com\/de\/wp-json\/wp\/v2\/product"}],"about":[{"href":"https:\/\/ceoparts.com\/de\/wp-json\/wp\/v2\/types\/product"}],"wp:featuredmedia":[{"embeddable":true,"href":"https:\/\/ceoparts.com\/de\/wp-json\/wp\/v2\/media\/20172"}],"wp:attachment":[{"href":"https:\/\/ceoparts.com\/de\/wp-json\/wp\/v2\/media?parent=20171"}],"wp:term":[{"taxonomy":"product_brand","embeddable":true,"href":"https:\/\/ceoparts.com\/de\/wp-json\/wp\/v2\/product_brand?post=20171"},{"taxonomy":"product_cat","embeddable":true,"href":"https:\/\/ceoparts.com\/de\/wp-json\/wp\/v2\/product_cat?post=20171"},{"taxonomy":"product_tag","embeddable":true,"href":"https:\/\/ceoparts.com\/de\/wp-json\/wp\/v2\/product_tag?post=20171"}],"curies":[{"name":"wp","href":"https:\/\/api.w.org\/{rel}","templated":true}]}}