{"id":20175,"date":"2025-12-06T11:58:10","date_gmt":"2025-12-06T08:58:10","guid":{"rendered":"https:\/\/ceoparts.com\/?post_type=product&#038;p=20175"},"modified":"2026-05-03T18:15:40","modified_gmt":"2026-05-03T15:15:40","slug":"linde-kece-9620000542","status":"publish","type":"product","link":"https:\/\/ceoparts.com\/de\/urun\/linde-kece-9620000542\/","title":{"rendered":"Linde Dichtung &#8211; 9620000542"},"content":{"rendered":"<p>Linde Dichtung &#8211; 9620000542<\/p>","protected":false},"excerpt":{"rendered":"<p data-start=\"1218\" data-end=\"1488\">Der <strong data-start=\"1222\" data-end=\"1261\">Linde Dichtring \/ Filz \u2013 9620000542<\/strong> ist ein Dichtungselement f\u00fcr Linde-Gabelstapler, das \u00d6lverlust verhindert und vor Staub sowie Schmutz sch\u00fctzt. Die robuste Ausf\u00fchrung reduziert den Verschlei\u00df beweglicher Teile und sorgt f\u00fcr eine lange Lebensdauer des Systems.<\/p>\n<p data-start=\"1490\" data-end=\"1508\"><strong data-start=\"1490\" data-end=\"1508\">Eigenschaften:<\/strong><\/p>\n<ul data-start=\"1509\" data-end=\"1792\">\n<li data-start=\"1509\" data-end=\"1554\">\n<p data-start=\"1511\" data-end=\"1554\">Produktname: Linde Dichtring \u2013 9620000542<\/p>\n<\/li>\n<li data-start=\"1555\" data-end=\"1582\">\n<p data-start=\"1557\" data-end=\"1582\">Teilenummer: 9620000542<\/p>\n<\/li>\n<li data-start=\"1583\" data-end=\"1636\">\n<p data-start=\"1585\" data-end=\"1636\">Material: Verschlei\u00df- und \u00f6lbest\u00e4ndiger Dichtfilz<\/p>\n<\/li>\n<li data-start=\"1637\" data-end=\"1717\">\n<p data-start=\"1639\" data-end=\"1717\">Einsatzbereich: Mechanische und hydraulische Systeme von Linde-Gabelstaplern<\/p>\n<\/li>\n<li data-start=\"1718\" data-end=\"1792\">\n<p data-start=\"1720\" data-end=\"1792\">Vorteile: Zuverl\u00e4ssige Abdichtung, lange Lebensdauer, einfache Montage<\/p>\n<\/li>\n<\/ul>\n","protected":false},"featured_media":20176,"template":"","meta":[],"product_brand":[],"product_cat":[470,246,523],"product_tag":[],"class_list":{"0":"post-20175","1":"product","2":"type-product","3":"status-publish","4":"has-post-thumbnail","6":"product_cat-diger-yedek-parcalar","7":"product_cat-linde","8":"product_cat-yedek-parca-linde","10":"first","11":"instock","12":"taxable","13":"shipping-taxable","14":"purchasable","15":"product-type-simple"},"_links":{"self":[{"href":"https:\/\/ceoparts.com\/de\/wp-json\/wp\/v2\/product\/20175","targetHints":{"allow":["GET"]}}],"collection":[{"href":"https:\/\/ceoparts.com\/de\/wp-json\/wp\/v2\/product"}],"about":[{"href":"https:\/\/ceoparts.com\/de\/wp-json\/wp\/v2\/types\/product"}],"wp:featuredmedia":[{"embeddable":true,"href":"https:\/\/ceoparts.com\/de\/wp-json\/wp\/v2\/media\/20176"}],"wp:attachment":[{"href":"https:\/\/ceoparts.com\/de\/wp-json\/wp\/v2\/media?parent=20175"}],"wp:term":[{"taxonomy":"product_brand","embeddable":true,"href":"https:\/\/ceoparts.com\/de\/wp-json\/wp\/v2\/product_brand?post=20175"},{"taxonomy":"product_cat","embeddable":true,"href":"https:\/\/ceoparts.com\/de\/wp-json\/wp\/v2\/product_cat?post=20175"},{"taxonomy":"product_tag","embeddable":true,"href":"https:\/\/ceoparts.com\/de\/wp-json\/wp\/v2\/product_tag?post=20175"}],"curies":[{"name":"wp","href":"https:\/\/api.w.org\/{rel}","templated":true}]}}