{"id":20206,"date":"2025-12-16T13:51:39","date_gmt":"2025-12-16T10:51:39","guid":{"rendered":"https:\/\/ceoparts.com\/?post_type=product&#038;p=20206"},"modified":"2026-05-03T18:53:43","modified_gmt":"2026-05-03T15:53:43","slug":"jungheinrich-hidrolik-filtre-50297585","status":"publish","type":"product","link":"https:\/\/ceoparts.com\/de\/urun\/jungheinrich-hidrolik-filtre-50297585\/","title":{"rendered":"Jungheinrich Hydraulikfilter \u2013 50297585"},"content":{"rendered":"<p>Jungheinrich Hydraulikfilter \u2013 50297585<\/p>","protected":false},"excerpt":{"rendered":"<p data-start=\"1311\" data-end=\"1618\">Der <strong data-start=\"1315\" data-end=\"1347\">Jungheinrich Hydraulikfilter<\/strong> sorgt in Gabelstapleranwendungen f\u00fcr sauberes Hydraulik\u00f6l und verhindert, dass Schmutz, Metallpartikel und Verunreinigungen das System besch\u00e4digen. Er verl\u00e4ngert die Lebensdauer von Hydraulikpumpen und Ventilen und gew\u00e4hrleistet einen sicheren sowie effizienten Betrieb.<\/p>\n<p data-start=\"1620\" data-end=\"1638\"><strong data-start=\"1620\" data-end=\"1638\">Eigenschaften:<\/strong><\/p>\n<ul data-start=\"1639\" data-end=\"1936\">\n<li data-start=\"1639\" data-end=\"1684\">\n<p data-start=\"1641\" data-end=\"1684\">Produktname: Jungheinrich Hydraulikfilter<\/p>\n<\/li>\n<li data-start=\"1685\" data-end=\"1717\">\n<p data-start=\"1687\" data-end=\"1717\">Teilenummer: Nicht angegeben<\/p>\n<\/li>\n<li data-start=\"1718\" data-end=\"1797\">\n<p data-start=\"1720\" data-end=\"1797\">Material: Filterelement mit hoher Filterleistung und robustes Metallgeh\u00e4use<\/p>\n<\/li>\n<li data-start=\"1798\" data-end=\"1865\">\n<p data-start=\"1800\" data-end=\"1865\">Einsatzbereich: Hydrauliksysteme von Jungheinrich-Gabelstaplern<\/p>\n<\/li>\n<li data-start=\"1866\" data-end=\"1936\">\n<p data-start=\"1868\" data-end=\"1936\">Vorteile: Zuverl\u00e4ssige Filtration, Systemschutz, lange Lebensdauer<\/p>\n<\/li>\n<\/ul>\n","protected":false},"featured_media":20211,"template":"","meta":[],"product_brand":[],"product_cat":[236,498,522],"product_tag":[],"class_list":{"0":"post-20206","1":"product","2":"type-product","3":"status-publish","4":"has-post-thumbnail","6":"product_cat-jungheinrich","7":"product_cat-filtre-cesitleri","8":"product_cat-yedek-parca-jungheinrich","10":"first","11":"instock","12":"taxable","13":"shipping-taxable","14":"purchasable","15":"product-type-simple"},"_links":{"self":[{"href":"https:\/\/ceoparts.com\/de\/wp-json\/wp\/v2\/product\/20206","targetHints":{"allow":["GET"]}}],"collection":[{"href":"https:\/\/ceoparts.com\/de\/wp-json\/wp\/v2\/product"}],"about":[{"href":"https:\/\/ceoparts.com\/de\/wp-json\/wp\/v2\/types\/product"}],"wp:featuredmedia":[{"embeddable":true,"href":"https:\/\/ceoparts.com\/de\/wp-json\/wp\/v2\/media\/20211"}],"wp:attachment":[{"href":"https:\/\/ceoparts.com\/de\/wp-json\/wp\/v2\/media?parent=20206"}],"wp:term":[{"taxonomy":"product_brand","embeddable":true,"href":"https:\/\/ceoparts.com\/de\/wp-json\/wp\/v2\/product_brand?post=20206"},{"taxonomy":"product_cat","embeddable":true,"href":"https:\/\/ceoparts.com\/de\/wp-json\/wp\/v2\/product_cat?post=20206"},{"taxonomy":"product_tag","embeddable":true,"href":"https:\/\/ceoparts.com\/de\/wp-json\/wp\/v2\/product_tag?post=20206"}],"curies":[{"name":"wp","href":"https:\/\/api.w.org\/{rel}","templated":true}]}}