{"id":20309,"date":"2025-12-19T13:09:52","date_gmt":"2025-12-19T10:09:52","guid":{"rendered":"https:\/\/ceoparts.com\/?post_type=product&#038;p=20309"},"modified":"2026-05-16T14:06:40","modified_gmt":"2026-05-16T11:06:40","slug":"jungheinrich-kece-51058822","status":"publish","type":"product","link":"https:\/\/ceoparts.com\/de\/urun\/jungheinrich-kece-51058822\/","title":{"rendered":"Jungheinrich Dichtung &#8211; 51058822"},"content":{"rendered":"<p>Jungheinrich Dichtung &#8211; 51058822<\/p>","protected":false},"excerpt":{"rendered":"<p data-start=\"1189\" data-end=\"1410\">Die <strong data-start=\"1193\" data-end=\"1229\">Jungheinrich Dichtung \u2013 51058822<\/strong> wird in Gabelstaplern eingesetzt und sorgt f\u00fcr zuverl\u00e4ssige Abdichtung in hydraulischen und mechanischen Systemen. Sie verhindert \u00d6laustritt und sch\u00fctzt vor Schmutz und Verschlei\u00df.<\/p>\n<p data-start=\"1412\" data-end=\"1430\"><strong data-start=\"1412\" data-end=\"1430\">Eigenschaften:<\/strong><\/p>\n<ul data-start=\"1431\" data-end=\"1720\">\n<li data-start=\"1431\" data-end=\"1480\">\n<p data-start=\"1433\" data-end=\"1480\">Produktname: Jungheinrich Dichtung \u2013 51058822<\/p>\n<\/li>\n<li data-start=\"1481\" data-end=\"1506\">\n<p data-start=\"1483\" data-end=\"1506\">Teilenummer: 51058822<\/p>\n<\/li>\n<li data-start=\"1507\" data-end=\"1568\">\n<p data-start=\"1509\" data-end=\"1568\">Material: \u00d6l- und verschlei\u00dfbest\u00e4ndiges Dichtungsmaterial<\/p>\n<\/li>\n<li data-start=\"1569\" data-end=\"1645\">\n<p data-start=\"1571\" data-end=\"1645\">Einsatzbereich: Hydraulik- und Mechaniksysteme von Jungheinrich Staplern<\/p>\n<\/li>\n<li data-start=\"1646\" data-end=\"1720\">\n<p data-start=\"1648\" data-end=\"1720\">Vorteile: Hohe Dichtleistung, lange Lebensdauer, zuverl\u00e4ssiger Betrieb<\/p>\n<\/li>\n<\/ul>\n","protected":false},"featured_media":20312,"template":"","meta":[],"product_brand":[],"product_cat":[236,470,522],"product_tag":[],"class_list":{"0":"post-20309","1":"product","2":"type-product","3":"status-publish","4":"has-post-thumbnail","6":"product_cat-jungheinrich","7":"product_cat-diger-yedek-parcalar","8":"product_cat-yedek-parca-jungheinrich","10":"first","11":"instock","12":"taxable","13":"shipping-taxable","14":"purchasable","15":"product-type-simple"},"_links":{"self":[{"href":"https:\/\/ceoparts.com\/de\/wp-json\/wp\/v2\/product\/20309","targetHints":{"allow":["GET"]}}],"collection":[{"href":"https:\/\/ceoparts.com\/de\/wp-json\/wp\/v2\/product"}],"about":[{"href":"https:\/\/ceoparts.com\/de\/wp-json\/wp\/v2\/types\/product"}],"wp:featuredmedia":[{"embeddable":true,"href":"https:\/\/ceoparts.com\/de\/wp-json\/wp\/v2\/media\/20312"}],"wp:attachment":[{"href":"https:\/\/ceoparts.com\/de\/wp-json\/wp\/v2\/media?parent=20309"}],"wp:term":[{"taxonomy":"product_brand","embeddable":true,"href":"https:\/\/ceoparts.com\/de\/wp-json\/wp\/v2\/product_brand?post=20309"},{"taxonomy":"product_cat","embeddable":true,"href":"https:\/\/ceoparts.com\/de\/wp-json\/wp\/v2\/product_cat?post=20309"},{"taxonomy":"product_tag","embeddable":true,"href":"https:\/\/ceoparts.com\/de\/wp-json\/wp\/v2\/product_tag?post=20309"}],"curies":[{"name":"wp","href":"https:\/\/api.w.org\/{rel}","templated":true}]}}