{"id":20319,"date":"2025-12-19T13:51:58","date_gmt":"2025-12-19T10:51:58","guid":{"rendered":"https:\/\/ceoparts.com\/?post_type=product&#038;p=20319"},"modified":"2026-05-16T12:04:22","modified_gmt":"2026-05-16T09:04:22","slug":"jungheinrich-mast-rulman-26602080","status":"publish","type":"product","link":"https:\/\/ceoparts.com\/de\/urun\/jungheinrich-mast-rulman-26602080\/","title":{"rendered":"Jungheinrich Mastlager &#8211; 26602080"},"content":{"rendered":"<p>Jungheinrich Mastlager &#8211; 26602080<\/p>","protected":false},"excerpt":{"rendered":"<p data-start=\"1258\" data-end=\"1522\">Das <strong data-start=\"1262\" data-end=\"1299\">Jungheinrich Mastlager \u2013 26602080<\/strong> wird im Mast von Gabelstaplern eingesetzt, um die beim Heben entstehenden Lasten gleichm\u00e4\u00dfig aufzunehmen und eine ruhige, gleichm\u00e4\u00dfige Mastbewegung zu gew\u00e4hrleisten. Die robuste Ausf\u00fchrung sorgt f\u00fcr eine lange Lebensdauer.<\/p>\n<p data-start=\"1524\" data-end=\"1542\"><strong data-start=\"1524\" data-end=\"1542\">Eigenschaften:<\/strong><\/p>\n<ul data-start=\"1543\" data-end=\"1805\">\n<li data-start=\"1543\" data-end=\"1593\">\n<p data-start=\"1545\" data-end=\"1593\">Produktname: Jungheinrich Mastlager \u2013 26602080<\/p>\n<\/li>\n<li data-start=\"1594\" data-end=\"1619\">\n<p data-start=\"1596\" data-end=\"1619\">Teilenummer: 26602080<\/p>\n<\/li>\n<li data-start=\"1620\" data-end=\"1667\">\n<p data-start=\"1622\" data-end=\"1667\">Material: Hochfeste Stahl-Lagerkonstruktion<\/p>\n<\/li>\n<li data-start=\"1668\" data-end=\"1739\">\n<p data-start=\"1670\" data-end=\"1739\">Einsatzbereich: Mast- und Hubsysteme von Jungheinrich Gabelstaplern<\/p>\n<\/li>\n<li data-start=\"1740\" data-end=\"1805\">\n<p data-start=\"1742\" data-end=\"1805\">Vorteile: Hohe Tragf\u00e4higkeit, ruhiger Lauf, lange Lebensdauer<\/p>\n<\/li>\n<\/ul>\n","protected":false},"featured_media":20322,"template":"","meta":[],"product_brand":[],"product_cat":[236,460,522],"product_tag":[],"class_list":{"0":"post-20319","1":"product","2":"type-product","3":"status-publish","4":"has-post-thumbnail","6":"product_cat-jungheinrich","7":"product_cat-yuk-ve-mekanizma-rulmanlari","8":"product_cat-yedek-parca-jungheinrich","10":"first","11":"instock","12":"taxable","13":"shipping-taxable","14":"purchasable","15":"product-type-simple"},"_links":{"self":[{"href":"https:\/\/ceoparts.com\/de\/wp-json\/wp\/v2\/product\/20319","targetHints":{"allow":["GET"]}}],"collection":[{"href":"https:\/\/ceoparts.com\/de\/wp-json\/wp\/v2\/product"}],"about":[{"href":"https:\/\/ceoparts.com\/de\/wp-json\/wp\/v2\/types\/product"}],"wp:featuredmedia":[{"embeddable":true,"href":"https:\/\/ceoparts.com\/de\/wp-json\/wp\/v2\/media\/20322"}],"wp:attachment":[{"href":"https:\/\/ceoparts.com\/de\/wp-json\/wp\/v2\/media?parent=20319"}],"wp:term":[{"taxonomy":"product_brand","embeddable":true,"href":"https:\/\/ceoparts.com\/de\/wp-json\/wp\/v2\/product_brand?post=20319"},{"taxonomy":"product_cat","embeddable":true,"href":"https:\/\/ceoparts.com\/de\/wp-json\/wp\/v2\/product_cat?post=20319"},{"taxonomy":"product_tag","embeddable":true,"href":"https:\/\/ceoparts.com\/de\/wp-json\/wp\/v2\/product_tag?post=20319"}],"curies":[{"name":"wp","href":"https:\/\/api.w.org\/{rel}","templated":true}]}}